{"id":3428,"date":"2024-03-07T15:38:13","date_gmt":"2024-03-07T12:38:13","guid":{"rendered":"https:\/\/palmiyesusleme.com\/index.php\/urun\/metal-hilton-luks-sandalye\/"},"modified":"2024-03-07T15:38:28","modified_gmt":"2024-03-07T12:38:28","slug":"metal-hilton-luks-sandalye","status":"publish","type":"product","link":"https:\/\/palmiyesusleme.com\/index.php\/urun\/metal-hilton-luks-sandalye\/","title":{"rendered":"Metal Hilton L\u00fcks Sandalye"},"content":{"rendered":"<p>&lt;h2&gt;&lt;a href=&quot;https:\/\/www.palmiyekocak.com\/metal-sandalye\/krom-metal-deri-dosemeli-hilton-sandalye-hts12&quot; target=&quot;_blank&quot;&gt;Metal Hilton L\u00fcks Sandalye&lt;\/a&gt;&lt;\/h2&gt;&lt;p&gt;&lt;br&gt;&lt;\/p&gt;&lt;p&gt;Banketler, \u00f6zel etkinliklerin en \u00f6nemli unsurlar\u0131ndan biridir. Her detay\u0131n dikkatlice d\u00fc\u015f\u00fcn\u00fclmesi gereken bu \u00f6zel etkinliklerde. Ayr\u0131ca se\u00e7ilen sandalyelerin de b\u00fcy\u00fck bir \u00f6neme sahip oldu\u011funu s\u00f6ylemek yan\u0131lt\u0131c\u0131 olmaz. Son y\u0131llarda metal banket sandalyeler, hem fonksiyonelli\u011fi hem de esteti\u011fi bir araya getirerek. Bu alandaki tercihler aras\u0131nda \u00f6ne \u00e7\u0131kmaktad\u0131r.&lt;\/p&gt;&lt;p&gt;&lt;br&gt;&lt;\/p&gt;&lt;h3&gt;&lt;a href=&quot;https:\/\/www.hiltonsandalye.com\/sandalye\/aluminyum-hilton-sandalye-kollu\/&quot; target=&quot;_blank&quot;&gt;Metal Hilton L\u00fcks Sandalye \u00d6zellikleri;&lt;\/a&gt;&lt;\/h3&gt;&lt;p&gt;&lt;br&gt;&lt;\/p&gt;&lt;p&gt;Fonksiyonellik A\u00e7\u0131s\u0131ndan Metal Banket Sandalyeler&lt;\/p&gt;&lt;p&gt;&lt;br&gt;&lt;\/p&gt;&lt;p&gt;Metal Hilton L\u00fcks sandalyeler en belirgin \u00f6zelli\u011fi, sa\u011flam ve dayan\u0131kl\u0131 olmalar\u0131d\u0131r. \u00d6zellikle b\u00fcy\u00fck etkinliklerde, sandalyelerin ta\u015f\u0131nmas\u0131, yerle\u015ftirilmesi ve . Depolanmas\u0131 s\u0131ras\u0131nda kar\u015f\u0131la\u015f\u0131labilecek sorunlar\u0131 \u00f6nlemek ad\u0131na metal sandalyeler ideal bir tercihtir. Ayr\u0131ca, metal malzemenin a\u011f\u0131rl\u0131\u011f\u0131, sandalyenin sabit kalmas\u0131n\u0131 sa\u011flar ve istenmeyen kaza risklerini azalt\u0131r.&lt;\/p&gt;&lt;p&gt;&lt;br&gt;&lt;\/p&gt;&lt;p&gt;D\u0131\u015f mekan etkinliklerinde, hava \u015fartlar\u0131na kar\u015f\u0131 dayan\u0131kl\u0131 olmas\u0131 gereken sandalyeler i\u00e7in. Metal Hilton L\u00fcks sandalye uygundur. Paslanmayan \u00e7elikten \u00fcretilen modeller, ya\u011fmur ve nem gibi d\u0131\u015f etkenlere kar\u015f\u0131 sandalyenin \u00f6mr\u00fcn\u00fc uzat\u0131r.&lt;\/p&gt;&lt;p&gt;&lt;br&gt;&lt;\/p&gt;&lt;p&gt;Estetik A\u00e7\u0131s\u0131ndan Metal Banket Sandalyeler&lt;\/p&gt;&lt;p&gt;&lt;br&gt;&lt;\/p&gt;&lt;p&gt;Metal banket sandalyeler sadece fonksiyonel avantajlar sunmakta. Ayn\u0131 zamanda estetik a\u00e7\u0131dan da etkinli\u011fin genel ambiyans\u0131n\u0131 zenginle\u015ftirir. Metalin so\u011fuk ve end\u00fcstriyel g\u00f6r\u00fcnt\u00fcs\u00fc, modern ve \u015f\u0131k bir atmosfer yaratmak i\u00e7in ideal bir se\u00e7enektir. Farkl\u0131 renk se\u00e7enekleriyle, etkinlik temas\u0131na uygun bir se\u00e7im yapmak da m\u00fcmk\u00fcnd\u00fcr.&lt;\/p&gt;&lt;p&gt;&lt;br&gt;&lt;\/p&gt;&lt;p&gt;Metal Hilton L\u00fcks Sandalye&#039;nin \u00fcretiminde \u00e7evreye duyarl\u0131 malzemeler tercih edilir. Geri d\u00f6n\u00fc\u015ft\u00fcr\u00fclebilir ve s\u00fcrd\u00fcr\u00fclebilir materyallerin kullan\u0131m\u0131, tasar\u0131m\u0131n \u00e7evreci yakla\u015f\u0131m\u0131n\u0131 yans\u0131t\u0131r. Bu da hem bilin\u00e7li t\u00fcketicilere hitap ederken hem de do\u011fal kaynaklar\u0131n korunmas\u0131na katk\u0131 sa\u011flar&lt;\/p&gt;&lt;p&gt;&lt;br&gt;&lt;\/p&gt;&lt;p&gt;\u00d6zellikle minimalist ve modern temal\u0131 etkinliklerde, metal banket sandalyelerin sade ve zarif tasar\u0131m\u0131. Genel dekorasyonla uyumlu bir b\u00fct\u00fcnl\u00fck olu\u015fturur.&lt;\/p&gt;&lt;p&gt;&lt;br&gt;&lt;\/p&gt;&lt;h4&gt;Sonu\u00e7 Olarak;&lt;\/h4&gt;&lt;p&gt;&lt;br&gt;&lt;\/p&gt;&lt;p&gt;Metal banket sandalyeler, dayan\u0131kl\u0131l\u0131k ve estetik a\u00e7\u0131s\u0131ndan banket ve \u00f6zel etkinlik organizasyonlar\u0131nda tercih edilen \u00f6nemli bir unsurdur. Bunun yan\u0131 s\u0131ra se\u00e7im yap\u0131l\u0131rken, etkinli\u011fin temas\u0131, konuk say\u0131s\u0131, mekan\u0131n \u00f6zellikleri gibi fakt\u00f6rler dikkate al\u0131nmal\u0131d\u0131r. Metal banket sandalyelerin sundu\u011fu avantajlar, etkinli\u011fin ba\u015far\u0131s\u0131nda \u00f6nemli bir role sahiptir. Bu nedenle, etkinlik planlamas\u0131nda sandalye se\u00e7iminin \u00f6nemini g\u00f6z ard\u0131 etmemek gerekir. \u00dcr\u00fcnlerimizde yaln\u0131zca toptan sat\u0131n al\u0131m yap\u0131labilmektedir perakende sat\u0131\u015f\u0131m\u0131z mevcut de\u011fildir&lt;\/p&gt;<\/p>\n","protected":false},"excerpt":{"rendered":"<p>&lt;h2&gt;&lt;a href=&quot;https:\/\/www.palmiyekocak.com\/metal-sandalye\/krom-metal-deri-dosemeli-hilton-sandalye-hts12&quot; target=&quot;_blank&quot;&gt;Metal Hilton L\u00fcks Sandalye&lt;\/a&gt;&lt;\/h2&gt;&lt;p&gt;&lt;br&gt;&lt;\/p&gt;&lt;p&gt;Banketler, \u00f6zel etkinliklerin en \u00f6nemli unsurlar\u0131ndan biridir. Her detay\u0131n dikkatlice d\u00fc\u015f\u00fcn\u00fclmesi gereken bu \u00f6zel etkinliklerde. Ayr\u0131ca se\u00e7ilen sandalyelerin de b\u00fcy\u00fck bir \u00f6neme sahip oldu\u011funu s\u00f6ylemek yan\u0131lt\u0131c\u0131 olmaz. Son y\u0131llarda metal banket sandalyeler, hem fonksiyonelli\u011fi hem de esteti\u011fi bir araya getirerek. Bu alandaki tercihler aras\u0131nda \u00f6ne \u00e7\u0131kmaktad\u0131r.&lt;\/p&gt;&lt;p&gt;&lt;br&gt;&lt;\/p&gt;&lt;h3&gt;&lt;a href=&quot;https:\/\/www.hiltonsandalye.com\/sandalye\/aluminyum-hilton-sandalye-kollu\/&quot; target=&quot;_blank&quot;&gt;Metal Hilton L\u00fcks [&hellip;]<\/p>\n","protected":false},"featured_media":3429,"comment_status":"closed","ping_status":"open","template":"","meta":{"_joinchat":[]},"product_cat":[132,147,32,63,62,144,51,142,143,141],"product_tag":[],"class_list":{"0":"post-3428","1":"product","2":"type-product","3":"status-publish","4":"has-post-thumbnail","6":"product_cat-dugun-salonu-sandalyesi","7":"product_cat-kahve-sandalyesi","8":"product_cat-konferans-sandalyeleri","9":"product_cat-lokanta-sandalyeleri","10":"product_cat-metal-sandalye","11":"product_cat-organizasyon-sandalyesi","12":"product_cat-salon-aluminyum-sandalye","13":"product_cat-salon-banket-sandalye","14":"product_cat-salon-hilton-sandalye","15":"product_cat-salon-sandalyeleri","17":"first","18":"instock","19":"product-type-simple"},"_links":{"self":[{"href":"https:\/\/palmiyesusleme.com\/index.php\/wp-json\/wp\/v2\/product\/3428","targetHints":{"allow":["GET"]}}],"collection":[{"href":"https:\/\/palmiyesusleme.com\/index.php\/wp-json\/wp\/v2\/product"}],"about":[{"href":"https:\/\/palmiyesusleme.com\/index.php\/wp-json\/wp\/v2\/types\/product"}],"replies":[{"embeddable":true,"href":"https:\/\/palmiyesusleme.com\/index.php\/wp-json\/wp\/v2\/comments?post=3428"}],"wp:featuredmedia":[{"embeddable":true,"href":"https:\/\/palmiyesusleme.com\/index.php\/wp-json\/wp\/v2\/media\/3429"}],"wp:attachment":[{"href":"https:\/\/palmiyesusleme.com\/index.php\/wp-json\/wp\/v2\/media?parent=3428"}],"wp:term":[{"taxonomy":"product_cat","embeddable":true,"href":"https:\/\/palmiyesusleme.com\/index.php\/wp-json\/wp\/v2\/product_cat?post=3428"},{"taxonomy":"product_tag","embeddable":true,"href":"https:\/\/palmiyesusleme.com\/index.php\/wp-json\/wp\/v2\/product_tag?post=3428"}],"curies":[{"name":"wp","href":"https:\/\/api.w.org\/{rel}","templated":true}]}}