{"id":3430,"date":"2024-03-07T15:38:13","date_gmt":"2024-03-07T12:38:13","guid":{"rendered":"https:\/\/palmiyesusleme.com\/index.php\/urun\/kalin-sunger-dosemeli-banket-sandalye\/"},"modified":"2024-03-07T15:38:30","modified_gmt":"2024-03-07T12:38:30","slug":"kalin-sunger-dosemeli-banket-sandalye","status":"publish","type":"product","link":"https:\/\/palmiyesusleme.com\/index.php\/urun\/kalin-sunger-dosemeli-banket-sandalye\/","title":{"rendered":"Kal\u0131n S\u00fcnger D\u00f6\u015femeli Banket Sandalye"},"content":{"rendered":"<p>&lt;!&#8211; wp:paragraph &#8211;&gt;<br \/>\n&lt;h2&gt;&lt;a href=&quot;https:\/\/www.palmiyekocak.com\/metal-sandalye\/kalin-sunger-dosemeli-banket-sandalye-hts15&quot; target=&quot;_blank&quot;&gt;Kal\u0131n S\u00fcnger D\u00f6\u015femeli Banket Sandalye&lt;\/a&gt;&lt;\/h2&gt;&lt;p&gt;Kal\u0131n S\u00fcnger D\u00f6\u015femeli Banket Sandalye: Konfor ve Esteti\u011fin M\u00fckemmel Birle\u015fimi&lt;\/p&gt;<br \/>\n&lt;!&#8211; \/wp:paragraph &#8211;&gt;<\/p>\n<p>&lt;!&#8211; wp:paragraph &#8211;&gt;<br \/>\n&lt;p&gt;Banketler, \u00f6zel davetler, t\u00f6renler veya toplant\u0131lar gibi etkinliklerde, kat\u0131l\u0131mc\u0131lar\u0131n rahatl\u0131\u011f\u0131 en \u00fcst d\u00fczeyde tutulmal\u0131d\u0131r. Bu ba\u011flamda, kal\u0131n s\u00fcnger d\u00f6\u015femeli banket sandalyeleri, hem konfor hem de estetik a\u00e7\u0131s\u0131ndan ideal bir tercihtir.&lt;\/p&gt;<br \/>\n&lt;!&#8211; \/wp:paragraph &#8211;&gt;<\/p>\n<p>&lt;!&#8211; wp:heading {&quot;level&quot;:3} &#8211;&gt;<br \/>\n&lt;h3 class=&quot;wp-block-heading&quot;&gt;&lt;a href=&quot;https:\/\/www.otelsandalyeleri.com\/&quot; target=&quot;_blank&quot;&gt;Kal\u0131n S\u00fcnger D\u00f6\u015femeli Banket Sandalye \u00d6zellikleri;&lt;\/a&gt;&lt;\/h3&gt;<br \/>\n&lt;!&#8211; \/wp:heading &#8211;&gt;<\/p>\n<p>&lt;!&#8211; wp:paragraph &#8211;&gt;<br \/>\n&lt;p&gt;Banket sandalyeleri, oturma d\u00fczenlemelerinin temel par\u00e7alar\u0131ndan biridir Bunun yan\u0131 s\u0131ra konuklar\u0131n etkinlik boyunca rahat bir \u015fekilde oturabilmesini sa\u011flamak \u00f6nemlidir. Kal\u0131n s\u00fcnger d\u00f6\u015femeli banket sandalyeler, konuklar\u0131n uzun s\u00fcreli oturmalar\u0131n\u0131 kolayla\u015ft\u0131ran y\u00fcksek konfor seviyeleri sunar. Ayr\u0131ca iyi bir oturma deneyimi, etkinliklere kat\u0131lanlar\u0131n daha keyifli vakit ge\u00e7irmelerini ve etkinli\u011fin amac\u0131na odaklanmalar\u0131n\u0131 sa\u011flayabilir.&lt;\/p&gt;<br \/>\n&lt;!&#8211; \/wp:paragraph &#8211;&gt;<\/p>\n<p>&lt;!&#8211; wp:paragraph &#8211;&gt;<br \/>\n&lt;p&gt;1. \u00dcst\u00fcn Konforun Anahtar\u0131: Kal\u0131n S\u00fcnger&lt;\/p&gt;<br \/>\n&lt;!&#8211; \/wp:paragraph &#8211;&gt;<\/p>\n<p>&lt;!&#8211; wp:paragraph &#8211;&gt;<br \/>\n&lt;p&gt;Kal\u0131n s\u00fcnger d\u00f6\u015femeli banket sandalye, uzun s\u00fcreli oturmalarda bile konforu korur. S\u00fcngerin kal\u0131nl\u0131\u011f\u0131 ve yo\u011funlu\u011fu, v\u00fccudu destekleyerek bel ve s\u0131rt a\u011fr\u0131lar\u0131n\u0131n \u00f6nlenmesine yard\u0131mc\u0131 olur. Bu, \u00f6zellikle uzun s\u00fcren etkinliklerde kat\u0131l\u0131mc\u0131lar\u0131n rahat\u0131n\u0131 ve memnuniyetini art\u0131r\u0131r.&lt;\/p&gt;<br \/>\n&lt;!&#8211; \/wp:paragraph &#8211;&gt;<\/p>\n<p>&lt;!&#8211; wp:paragraph &#8211;&gt;<br \/>\n&lt;p&gt;2. Estetik Tasar\u0131m&lt;\/p&gt;<br \/>\n&lt;!&#8211; \/wp:paragraph &#8211;&gt;<\/p>\n<p>&lt;!&#8211; wp:paragraph &#8211;&gt;<br \/>\n&lt;p&gt;Kal\u0131n s\u00fcngerli banket sandalyeleri sadece fonksiyonel de\u011fil, ayn\u0131 zamanda \u015f\u0131k ve estetik bir g\u00f6r\u00fcn\u00fcme de sahiptir. Farkl\u0131 renk, desen ve kuma\u015f se\u00e7enekleriyle, her t\u00fcrl\u00fc etkinlik temas\u0131na ve dekoruna uygun bir tasar\u0131m bulmak m\u00fcmk\u00fcnd\u00fcr.&lt;\/p&gt;<br \/>\n&lt;!&#8211; \/wp:paragraph &#8211;&gt;<\/p>\n<p>&lt;!&#8211; wp:paragraph &#8211;&gt;<br \/>\n&lt;p&gt;3. Uzun \u00d6m\u00fcrl\u00fc ve Dayan\u0131kl\u0131&lt;\/p&gt;<br \/>\n&lt;!&#8211; \/wp:paragraph &#8211;&gt;<\/p>\n<p>&lt;!&#8211; wp:paragraph &#8211;&gt;<br \/>\n&lt;p&gt;Kaliteli malzemelerden \u00fcretilen bu sandalyeler, ayr\u0131ca yo\u011fun kullan\u0131ma kar\u015f\u0131 dayan\u0131kl\u0131d\u0131r. Do\u011fru bak\u0131m ve temizlik ile y\u0131llarca kullan\u0131labilir.&lt;\/p&gt;<br \/>\n&lt;!&#8211; \/wp:paragraph &#8211;&gt;<\/p>\n<p>&lt;!&#8211; wp:paragraph &#8211;&gt;<br \/>\n&lt;p&gt;4. Mod\u00fclerlik ve Ta\u015f\u0131ma Kolayl\u0131\u011f\u0131&lt;\/p&gt;<br \/>\n&lt;!&#8211; \/wp:paragraph &#8211;&gt;<\/p>\n<p>&lt;!&#8211; wp:paragraph &#8211;&gt;<br \/>\n&lt;p&gt;Bir\u00e7ok banket sandalyesi modeli, istifleme \u00f6zelli\u011fine sahiptir. Bu, depolama ve ta\u015f\u0131ma kolayl\u0131\u011f\u0131 sa\u011flar. Ayr\u0131ca, hafif metal ya da al\u00fcminyum iskeletleri sayesinde kolayca ta\u015f\u0131nabilirler.&lt;\/p&gt;<br \/>\n&lt;!&#8211; \/wp:paragraph &#8211;&gt;<\/p>\n<p>&lt;!&#8211; wp:paragraph &#8211;&gt;<br \/>\n&lt;p&gt;5. \u00c7evresel Fakt\u00f6rler&lt;\/p&gt;<br \/>\n&lt;!&#8211; \/wp:paragraph &#8211;&gt;<\/p>\n<p>&lt;!&#8211; wp:paragraph &#8211;&gt;<br \/>\n&lt;p&gt;\u00c7evre dostu malzemelerle \u00fcretilen s\u00fcnger d\u00f6\u015femeli banket sandalyeleri, s\u00fcrd\u00fcr\u00fclebilirlik anlay\u0131\u015f\u0131yla da \u00f6ne \u00e7\u0131kar. Bunun yan\u0131 s\u0131ra geri d\u00f6n\u00fc\u015ft\u00fcr\u00fclen malzemelerin kullan\u0131m\u0131, etkinlik sahiplerine \u00e7evreye duyarl\u0131 bir se\u00e7enek sunmakta.&lt;\/p&gt;<br \/>\n&lt;!&#8211; \/wp:paragraph &#8211;&gt;<\/p>\n<p>&lt;!&#8211; wp:heading {&quot;level&quot;:4} &#8211;&gt;<br \/>\n&lt;h4 class=&quot;wp-block-heading&quot;&gt;Sonu\u00e7 Olarak;&lt;\/h4&gt;<br \/>\n&lt;!&#8211; \/wp:heading &#8211;&gt;<\/p>\n<p>&lt;!&#8211; wp:paragraph &#8211;&gt;<br \/>\n&lt;p&gt;Etkinliklerde misafirlerin rahatl\u0131\u011f\u0131, organizat\u00f6rler i\u00e7in \u00f6nceliklidir. Kal\u0131n s\u00fcnger d\u00f6\u015femeli banket sandalyesi, estetik tasar\u0131m\u0131 ve \u00fcst\u00fcn konforuyla. Bu ihtiyaca m\u00fckemmel bir yan\u0131t sunar. Hem dayan\u0131kl\u0131 yap\u0131s\u0131yla uzun s\u00fcreli kullan\u0131m imkan\u0131 verir, hem de estetik tasar\u0131m\u0131yla her t\u00fcrl\u00fc etkinli\u011fe \u015f\u0131kl\u0131k katar. Bu nedenle, bu t\u00fcr sandalyeler, her t\u00fcrl\u00fc etkinlikte ideal bir se\u00e7imdir. \u00dcr\u00fcnlerimiz sadece toptan sat\u0131\u015f\u0131m\u0131z bulunmaktad\u0131r \u00fcr\u00fcnlerimizde herhangi bir perakende sat\u0131\u015flar\u0131m\u0131z bulunmamaktad\u0131r.&lt;\/p&gt;<br \/>\n&lt;!&#8211; \/wp:paragraph &#8211;&gt;<\/p>\n","protected":false},"excerpt":{"rendered":"<p>&lt;!&#8211; wp:paragraph &#8211;&gt; &lt;h2&gt;&lt;a href=&quot;https:\/\/www.palmiyekocak.com\/metal-sandalye\/kalin-sunger-dosemeli-banket-sandalye-hts15&quot; target=&quot;_blank&quot;&gt;Kal\u0131n S\u00fcnger D\u00f6\u015femeli Banket Sandalye&lt;\/a&gt;&lt;\/h2&gt;&lt;p&gt;Kal\u0131n S\u00fcnger D\u00f6\u015femeli Banket Sandalye: Konfor ve Esteti\u011fin M\u00fckemmel Birle\u015fimi&lt;\/p&gt; &lt;!&#8211; \/wp:paragraph &#8211;&gt; &lt;!&#8211; wp:paragraph &#8211;&gt; &lt;p&gt;Banketler, \u00f6zel davetler, t\u00f6renler veya toplant\u0131lar gibi etkinliklerde, kat\u0131l\u0131mc\u0131lar\u0131n rahatl\u0131\u011f\u0131 en \u00fcst d\u00fczeyde tutulmal\u0131d\u0131r. Bu ba\u011flamda, kal\u0131n s\u00fcnger d\u00f6\u015femeli banket sandalyeleri, hem konfor hem de estetik a\u00e7\u0131s\u0131ndan ideal bir tercihtir.&lt;\/p&gt; [&hellip;]<\/p>\n","protected":false},"featured_media":3431,"comment_status":"closed","ping_status":"open","template":"","meta":{"_joinchat":[]},"product_cat":[132,147,32,63,62,144,51,142,143,141],"product_tag":[],"class_list":{"0":"post-3430","1":"product","2":"type-product","3":"status-publish","4":"has-post-thumbnail","6":"product_cat-dugun-salonu-sandalyesi","7":"product_cat-kahve-sandalyesi","8":"product_cat-konferans-sandalyeleri","9":"product_cat-lokanta-sandalyeleri","10":"product_cat-metal-sandalye","11":"product_cat-organizasyon-sandalyesi","12":"product_cat-salon-aluminyum-sandalye","13":"product_cat-salon-banket-sandalye","14":"product_cat-salon-hilton-sandalye","15":"product_cat-salon-sandalyeleri","17":"first","18":"instock","19":"product-type-simple"},"_links":{"self":[{"href":"https:\/\/palmiyesusleme.com\/index.php\/wp-json\/wp\/v2\/product\/3430","targetHints":{"allow":["GET"]}}],"collection":[{"href":"https:\/\/palmiyesusleme.com\/index.php\/wp-json\/wp\/v2\/product"}],"about":[{"href":"https:\/\/palmiyesusleme.com\/index.php\/wp-json\/wp\/v2\/types\/product"}],"replies":[{"embeddable":true,"href":"https:\/\/palmiyesusleme.com\/index.php\/wp-json\/wp\/v2\/comments?post=3430"}],"wp:featuredmedia":[{"embeddable":true,"href":"https:\/\/palmiyesusleme.com\/index.php\/wp-json\/wp\/v2\/media\/3431"}],"wp:attachment":[{"href":"https:\/\/palmiyesusleme.com\/index.php\/wp-json\/wp\/v2\/media?parent=3430"}],"wp:term":[{"taxonomy":"product_cat","embeddable":true,"href":"https:\/\/palmiyesusleme.com\/index.php\/wp-json\/wp\/v2\/product_cat?post=3430"},{"taxonomy":"product_tag","embeddable":true,"href":"https:\/\/palmiyesusleme.com\/index.php\/wp-json\/wp\/v2\/product_tag?post=3430"}],"curies":[{"name":"wp","href":"https:\/\/api.w.org\/{rel}","templated":true}]}}