{"id":3434,"date":"2024-03-07T15:38:13","date_gmt":"2024-03-07T12:38:13","guid":{"rendered":"https:\/\/palmiyesusleme.com\/index.php\/urun\/altin-rengi-boyali-otel-sandalyesi\/"},"modified":"2024-03-07T15:38:32","modified_gmt":"2024-03-07T12:38:32","slug":"altin-rengi-boyali-otel-sandalyesi","status":"publish","type":"product","link":"https:\/\/palmiyesusleme.com\/index.php\/urun\/altin-rengi-boyali-otel-sandalyesi\/","title":{"rendered":"Alt\u0131n Rengi Boyal\u0131 Otel Sandalyesi"},"content":{"rendered":"<p>&lt;!&#8211; wp:paragraph &#8211;&gt;<br \/>\n&lt;h2&gt;&lt;a href=&quot;https:\/\/palmiyekocak.com\/altin-rengi-boyali-otel-sandalyesi-hts17&quot; target=&quot;_blank&quot;&gt;Alt\u0131n Rengi Boyal\u0131 Otel Sandalyesi&lt;\/a&gt;&lt;\/h2&gt;&lt;p&gt;Alt\u0131n Rengi Boyal\u0131 Metal Otel Banket Sandalyesi: Konferans ve D\u00fc\u011f\u00fcn Salonlar\u0131n\u0131n G\u00f6zdesi&lt;\/p&gt;<br \/>\n&lt;!&#8211; \/wp:paragraph &#8211;&gt;<\/p>\n<p>&lt;!&#8211; wp:paragraph &#8211;&gt;<br \/>\n&lt;p&gt;D\u00fc\u011f\u00fcnler, konferanslar ve otel banketleri, dikkatle se\u00e7ilmi\u015f detaylar\u0131n \u00f6n planda oldu\u011fu \u00f6zel etkinliklerdir. Ayr\u0131ca alt\u0131n Rengi Boyal\u0131 Metal Otel Banket Sandalyesi, bu etkinliklerin esteti\u011fini, i\u015flevselli\u011fini ve konforunu bir araya getirerek salonlar\u0131 zarif ve etkileyici bir alana d\u00f6n\u00fc\u015ft\u00fcr\u00fcr.&lt;\/p&gt;<br \/>\n&lt;!&#8211; \/wp:paragraph &#8211;&gt;<\/p>\n<p>&lt;!&#8211; wp:heading {&quot;level&quot;:3} &#8211;&gt;<br \/>\n&lt;h3 class=&quot;wp-block-heading&quot;&gt;&lt;a href=&quot;https:\/\/www.sandalye-modelleri.com\/kategori\/klasik-ahsap-sandalye\/&quot; target=&quot;_blank&quot;&gt;Alt\u0131n Rengi Boyal\u0131 Otel Sandalyesi \u00d6zellikleri;&lt;\/a&gt;&lt;\/h3&gt;<br \/>\n&lt;!&#8211; \/wp:heading &#8211;&gt;<\/p>\n<p>&lt;!&#8211; wp:paragraph &#8211;&gt;<br \/>\n&lt;p&gt;Bu sandalyenin en belirgin \u00f6zelli\u011fi, ad\u0131ndan da anla\u015f\u0131laca\u011f\u0131 gibi, g\u00f6z al\u0131c\u0131 alt\u0131n rengi boyas\u0131d\u0131r. Bu sofistike ve zengin renk se\u00e7imi, d\u00fc\u011f\u00fcnlerden konferanslara, banketlere kadar geni\u015f bir etkinlik yelpazesinde idealdir. Alt\u0131n rengi, l\u00fcks ve prestij hissini vurgular, b\u00f6ylece her etkinlik i\u00e7in ideal bir se\u00e7im olur. Ayr\u0131ca, bu \u00f6zel ton, bir dizi dekor ve renk \u015femas\u0131yla m\u00fckemmel bir \u015fekilde uyum sa\u011flar, b\u00f6ylece etkinlik organizat\u00f6rleri mekan\u0131n genel esteti\u011fini kolayl\u0131kla ki\u015fiselle\u015ftirilmekte.&lt;\/p&gt;<br \/>\n&lt;!&#8211; \/wp:paragraph &#8211;&gt;<\/p>\n<p>&lt;!&#8211; wp:paragraph &#8211;&gt;<br \/>\n&lt;p&gt;Alt\u0131n Rengi Boyal\u0131 Metal Otel Banket Sandalyeleri, dayan\u0131kl\u0131l\u0131\u011f\u0131 ve sa\u011flaml\u0131\u011f\u0131 ile de \u00f6ne \u00e7\u0131kar. Y\u00fcksek kaliteli metalden yap\u0131lan bu sandalyeler, yo\u011fun kullan\u0131ma ve zaman\u0131n testlerine dayanan \u015fekilde tasarlanmakta. Bu dayan\u0131kl\u0131l\u0131k, s\u00fcrekli olarak farkl\u0131 etkinliklere hizmet veren otel ve konferans salonlar\u0131 i\u00e7in hayati \u00f6nem ta\u015f\u0131r.&lt;\/p&gt;<br \/>\n&lt;!&#8211; \/wp:paragraph &#8211;&gt;<\/p>\n<p>&lt;!&#8211; wp:paragraph &#8211;&gt;<br \/>\n&lt;p&gt;Konfor da bu sandalyenin ba\u015fka bir \u00f6nemli y\u00f6n\u00fcd\u00fcr. Alt\u0131n Rengi Boyal\u0131 Metal Otel Banket Sandalyeleri, konuklar\u0131n saatler boyunca rahat bir \u015fekilde oturabilmesi i\u00e7in ergonomik olarak tasarlanm\u0131\u015ft\u0131r. Kaliteli dolgusu, geni\u015f oturma alan\u0131 ve do\u011fru s\u0131rt deste\u011fi, misafirlerin rahat\u0131n\u0131 sa\u011flar ve etkinli\u011fin tamamen keyifli bir deneyim olmas\u0131n\u0131 garanti eder.&lt;\/p&gt;<br \/>\n&lt;!&#8211; \/wp:paragraph &#8211;&gt;<\/p>\n<p>&lt;!&#8211; wp:paragraph &#8211;&gt;<br \/>\n&lt;p&gt;Kullan\u0131m kolayl\u0131\u011f\u0131 ve ta\u015f\u0131nabilirlik, bu sandalyenin son, ancak \u00f6nemli bir \u00f6zelli\u011fidir. Alt\u0131n Rengi Boyal\u0131 Metal Otel Banket Sandalyeleri, hafif oldu\u011fu i\u00e7in. Etkinlik alan\u0131nda kolayca hareket ettirilebilir ve d\u00fczenlenmekte. Bu, \u00f6zellikle b\u00fcy\u00fck etkinliklerde ve s\u0131k s\u0131k de\u011fi\u015fen d\u00fczenlemelerde \u00e7ok \u00f6nemlidir.&lt;\/p&gt;<br \/>\n&lt;!&#8211; \/wp:paragraph &#8211;&gt;<\/p>\n<p>&lt;!&#8211; wp:heading {&quot;level&quot;:4} &#8211;&gt;<br \/>\n&lt;h4 class=&quot;wp-block-heading&quot;&gt;Sonu\u00e7 Olarak;&lt;\/h4&gt;<br \/>\n&lt;!&#8211; \/wp:heading &#8211;&gt;<\/p>\n<p>&lt;!&#8211; wp:paragraph &#8211;&gt;<br \/>\n&lt;p&gt;Sonu\u00e7 olarak, Alt\u0131n Rengi Boyal\u0131 Metal Otel Banket Sandalyeleri, estetik, i\u015flevsellik ve konfor a\u00e7\u0131s\u0131ndan birle\u015fti\u011finde. Konferans ve d\u00fc\u011f\u00fcn salonlar\u0131 i\u00e7in m\u00fckemmel bir se\u00e7enek olu\u015fturur. Her mekana ve etkinli\u011fe zarafet ve sofistike bir hava katan bu sandalye. Konuklara unutulmayan bir deneyim sunmakta. Organizat\u00f6rler ve konuklar taraf\u0131ndan tercih edilen bu sandalye. Her etkinlikte g\u00f6rsel ve i\u015flevsel bir de\u011fer&amp;nbsp;katacakt\u0131r.&lt;\/p&gt;<br \/>\n&lt;!&#8211; \/wp:paragraph &#8211;&gt;<\/p>\n","protected":false},"excerpt":{"rendered":"<p>&lt;!&#8211; wp:paragraph &#8211;&gt; &lt;h2&gt;&lt;a href=&quot;https:\/\/palmiyekocak.com\/altin-rengi-boyali-otel-sandalyesi-hts17&quot; target=&quot;_blank&quot;&gt;Alt\u0131n Rengi Boyal\u0131 Otel Sandalyesi&lt;\/a&gt;&lt;\/h2&gt;&lt;p&gt;Alt\u0131n Rengi Boyal\u0131 Metal Otel Banket Sandalyesi: Konferans ve D\u00fc\u011f\u00fcn Salonlar\u0131n\u0131n G\u00f6zdesi&lt;\/p&gt; &lt;!&#8211; \/wp:paragraph &#8211;&gt; &lt;!&#8211; wp:paragraph &#8211;&gt; &lt;p&gt;D\u00fc\u011f\u00fcnler, konferanslar ve otel banketleri, dikkatle se\u00e7ilmi\u015f detaylar\u0131n \u00f6n planda oldu\u011fu \u00f6zel etkinliklerdir. Ayr\u0131ca alt\u0131n Rengi Boyal\u0131 Metal Otel Banket Sandalyesi, bu etkinliklerin esteti\u011fini, i\u015flevselli\u011fini ve konforunu bir [&hellip;]<\/p>\n","protected":false},"featured_media":3435,"comment_status":"closed","ping_status":"open","template":"","meta":{"_joinchat":[]},"product_cat":[132,147,32,63,62,144,51,142,143],"product_tag":[],"class_list":{"0":"post-3434","1":"product","2":"type-product","3":"status-publish","4":"has-post-thumbnail","6":"product_cat-dugun-salonu-sandalyesi","7":"product_cat-kahve-sandalyesi","8":"product_cat-konferans-sandalyeleri","9":"product_cat-lokanta-sandalyeleri","10":"product_cat-metal-sandalye","11":"product_cat-organizasyon-sandalyesi","12":"product_cat-salon-aluminyum-sandalye","13":"product_cat-salon-banket-sandalye","14":"product_cat-salon-hilton-sandalye","16":"first","17":"instock","18":"product-type-simple"},"_links":{"self":[{"href":"https:\/\/palmiyesusleme.com\/index.php\/wp-json\/wp\/v2\/product\/3434","targetHints":{"allow":["GET"]}}],"collection":[{"href":"https:\/\/palmiyesusleme.com\/index.php\/wp-json\/wp\/v2\/product"}],"about":[{"href":"https:\/\/palmiyesusleme.com\/index.php\/wp-json\/wp\/v2\/types\/product"}],"replies":[{"embeddable":true,"href":"https:\/\/palmiyesusleme.com\/index.php\/wp-json\/wp\/v2\/comments?post=3434"}],"wp:featuredmedia":[{"embeddable":true,"href":"https:\/\/palmiyesusleme.com\/index.php\/wp-json\/wp\/v2\/media\/3435"}],"wp:attachment":[{"href":"https:\/\/palmiyesusleme.com\/index.php\/wp-json\/wp\/v2\/media?parent=3434"}],"wp:term":[{"taxonomy":"product_cat","embeddable":true,"href":"https:\/\/palmiyesusleme.com\/index.php\/wp-json\/wp\/v2\/product_cat?post=3434"},{"taxonomy":"product_tag","embeddable":true,"href":"https:\/\/palmiyesusleme.com\/index.php\/wp-json\/wp\/v2\/product_tag?post=3434"}],"curies":[{"name":"wp","href":"https:\/\/api.w.org\/{rel}","templated":true}]}}