{"id":3493,"date":"2024-03-07T15:39:03","date_gmt":"2024-03-07T12:39:03","guid":{"rendered":"https:\/\/palmiyesusleme.com\/index.php\/urun\/iroko-koltuk-takimi-imalati\/"},"modified":"2024-03-07T15:39:11","modified_gmt":"2024-03-07T12:39:11","slug":"iroko-koltuk-takimi-imalati","status":"publish","type":"product","link":"https:\/\/palmiyesusleme.com\/index.php\/urun\/iroko-koltuk-takimi-imalati\/","title":{"rendered":"\u0130roko Koltuk Tak\u0131m\u0131 \u0130malat\u0131"},"content":{"rendered":"<p>\u0130roko Koltuk Tak\u0131m\u0131 \u0130malat\u0131<\/p>\n","protected":false},"excerpt":{"rendered":"<p>\u0130roko Koltuk Tak\u0131m\u0131 \u0130malat\u0131<\/p>\n","protected":false},"featured_media":3494,"comment_status":"closed","ping_status":"open","template":"","meta":{"_joinchat":[]},"product_cat":[70,152],"product_tag":[],"class_list":{"0":"post-3493","1":"product","2":"type-product","3":"status-publish","4":"has-post-thumbnail","6":"product_cat-balkon-sandalye-masa-takimlari","7":"product_cat-iroko-koltuk-takimi","9":"first","10":"instock","11":"product-type-simple"},"_links":{"self":[{"href":"https:\/\/palmiyesusleme.com\/index.php\/wp-json\/wp\/v2\/product\/3493","targetHints":{"allow":["GET"]}}],"collection":[{"href":"https:\/\/palmiyesusleme.com\/index.php\/wp-json\/wp\/v2\/product"}],"about":[{"href":"https:\/\/palmiyesusleme.com\/index.php\/wp-json\/wp\/v2\/types\/product"}],"replies":[{"embeddable":true,"href":"https:\/\/palmiyesusleme.com\/index.php\/wp-json\/wp\/v2\/comments?post=3493"}],"wp:featuredmedia":[{"embeddable":true,"href":"https:\/\/palmiyesusleme.com\/index.php\/wp-json\/wp\/v2\/media\/3494"}],"wp:attachment":[{"href":"https:\/\/palmiyesusleme.com\/index.php\/wp-json\/wp\/v2\/media?parent=3493"}],"wp:term":[{"taxonomy":"product_cat","embeddable":true,"href":"https:\/\/palmiyesusleme.com\/index.php\/wp-json\/wp\/v2\/product_cat?post=3493"},{"taxonomy":"product_tag","embeddable":true,"href":"https:\/\/palmiyesusleme.com\/index.php\/wp-json\/wp\/v2\/product_tag?post=3493"}],"curies":[{"name":"wp","href":"https:\/\/api.w.org\/{rel}","templated":true}]}}