{"id":3499,"date":"2024-03-07T15:39:03","date_gmt":"2024-03-07T12:39:03","guid":{"rendered":"https:\/\/palmiyesusleme.com\/index.php\/urun\/iroko-koltuk-takimi-2020-trend\/"},"modified":"2024-03-07T15:39:14","modified_gmt":"2024-03-07T12:39:14","slug":"iroko-koltuk-takimi-2020-trend","status":"publish","type":"product","link":"https:\/\/palmiyesusleme.com\/index.php\/urun\/iroko-koltuk-takimi-2020-trend\/","title":{"rendered":"\u0130roko Koltuk Tak\u0131m\u0131 2020 Trend"},"content":{"rendered":"<p>\u0130roko Koltuk Tak\u0131m\u0131 2020 Trend<\/p>\n","protected":false},"excerpt":{"rendered":"<p>\u0130roko Koltuk Tak\u0131m\u0131 2020 Trend<\/p>\n","protected":false},"featured_media":3500,"comment_status":"closed","ping_status":"open","template":"","meta":{"_joinchat":[]},"product_cat":[70,152],"product_tag":[],"class_list":{"0":"post-3499","1":"product","2":"type-product","3":"status-publish","4":"has-post-thumbnail","6":"product_cat-balkon-sandalye-masa-takimlari","7":"product_cat-iroko-koltuk-takimi","9":"first","10":"instock","11":"product-type-simple"},"_links":{"self":[{"href":"https:\/\/palmiyesusleme.com\/index.php\/wp-json\/wp\/v2\/product\/3499","targetHints":{"allow":["GET"]}}],"collection":[{"href":"https:\/\/palmiyesusleme.com\/index.php\/wp-json\/wp\/v2\/product"}],"about":[{"href":"https:\/\/palmiyesusleme.com\/index.php\/wp-json\/wp\/v2\/types\/product"}],"replies":[{"embeddable":true,"href":"https:\/\/palmiyesusleme.com\/index.php\/wp-json\/wp\/v2\/comments?post=3499"}],"wp:featuredmedia":[{"embeddable":true,"href":"https:\/\/palmiyesusleme.com\/index.php\/wp-json\/wp\/v2\/media\/3500"}],"wp:attachment":[{"href":"https:\/\/palmiyesusleme.com\/index.php\/wp-json\/wp\/v2\/media?parent=3499"}],"wp:term":[{"taxonomy":"product_cat","embeddable":true,"href":"https:\/\/palmiyesusleme.com\/index.php\/wp-json\/wp\/v2\/product_cat?post=3499"},{"taxonomy":"product_tag","embeddable":true,"href":"https:\/\/palmiyesusleme.com\/index.php\/wp-json\/wp\/v2\/product_tag?post=3499"}],"curies":[{"name":"wp","href":"https:\/\/api.w.org\/{rel}","templated":true}]}}