{"id":3624,"date":"2024-03-07T15:40:11","date_gmt":"2024-03-07T12:40:11","guid":{"rendered":"https:\/\/palmiyesusleme.com\/index.php\/urun\/klasik-restoran-masasi\/"},"modified":"2024-03-07T15:40:24","modified_gmt":"2024-03-07T12:40:24","slug":"klasik-restoran-masasi","status":"publish","type":"product","link":"https:\/\/palmiyesusleme.com\/index.php\/urun\/klasik-restoran-masasi\/","title":{"rendered":"Klasik Restoran Masas\u0131"},"content":{"rendered":"<p>Klasik restoran masam\u0131z 80&#215;120 &ouml;l&ccedil;&uuml;s&uuml; ve l&uuml;kens ayaklar\u0131yla mekan\u0131n\u0131za renk katacak. &Ouml;l&ccedil;&uuml;lerde de\u011fi\u015fiklik yapabilirsiniz.&lt;hr&gt;&lt;p&gt;&lt;b&gt;&Ouml;l&ccedil;&uuml;ler&lt;br&gt;&lt;\/b&gt;&lt;img src=&quot;\/image\/urun-olculeri\/ahsap-klasik-masa.png&quot; alt=&quot;Klasik Restoran Masas\u0131 &Ouml;l&ccedil;&uuml;leri&quot; title=&quot;Klasik Restoran Masas\u0131 &Ouml;l&ccedil;&uuml;leri&quot;&gt;&lt;\/p&gt;&lt;table class=&quot;table table-bordered&quot;&gt;&lt;tbody&gt;&lt;tr&gt;&lt;td&gt;En \/ Derinlik&lt;\/td&gt;&lt;td&gt;70 cm&lt;\/td&gt;&lt;td&gt;80cm&lt;\/td&gt;&lt;td&gt;90 cm&lt;\/td&gt;&lt;\/tr&gt;&lt;tr&gt;&lt;td&gt;Geni\u015flik&lt;\/td&gt;&lt;td&gt;120 cm&lt;\/td&gt;&lt;td&gt;160 cm&lt;\/td&gt;&lt;td&gt;200 cm&lt;\/td&gt;&lt;\/tr&gt;&lt;tr&gt;&lt;td&gt;Y&uuml;kseklik&lt;\/td&gt;&lt;td&gt;76 cm&lt;\/td&gt;&lt;td&gt;76 cm&lt;\/td&gt;&lt;td&gt;76 cm&lt;\/td&gt;&lt;\/tr&gt;&lt;\/tbody&gt;&lt;\/table&gt;&lt;p&gt;\u0130ste\u011fe &ouml;zel olarak malzeme cinsinde (ah\u015fap,boya,kuma\u015f,deri) ve &uuml;r&uuml;n &ouml;l&ccedil;&uuml;lerinde de\u011fi\u015fiklik yap\u0131labilir.&lt;\/p&gt;&lt;table class=&quot;table table-bordered&quot;&gt;<br \/>\n&lt;tbody&gt;<br \/>\n&lt;tr&gt;<br \/>\n&lt;td colspan=&quot;4&quot; class=&quot;text-center&quot; style=&quot;vertical-align:middle&quot;&gt;&lt;img src=&quot;\/image\/urun-olculeri\/ahsap-klasik-kollu-sandalye-olculer.png&quot; alt=&quot;&Ouml;l&ccedil;&uuml;&quot;&gt;&lt;\/td&gt;<br \/>\n&lt;\/tr&gt;<br \/>\n&lt;tr&gt;<br \/>\n&lt;td class=&quot;text-center&quot; style=&quot;vertical-align:middle&quot;&gt;&lt;span class=&quot;text-center&quot; style=&quot;vertical-align:middle&quot;&gt;&lt;strong&gt;Geni\u015flik&lt;\/strong&gt;&lt;\/span&gt;&lt;\/td&gt;<br \/>\n&lt;td class=&quot;text-center&quot; style=&quot;vertical-align:middle&quot;&gt;&lt;span class=&quot;text-center&quot; style=&quot;vertical-align:middle&quot;&gt;&lt;strong&gt;Oturum Y&uuml;ksekli\u011fi&lt;\/strong&gt;&lt;\/span&gt;&lt;\/td&gt;<br \/>\n&lt;td class=&quot;text-center&quot; style=&quot;vertical-align:middle&quot;&gt;&lt;span class=&quot;text-center&quot; style=&quot;vertical-align:middle&quot;&gt;&lt;strong&gt;Derinlik&lt;\/strong&gt;&lt;\/span&gt;&lt;\/td&gt;<br \/>\n&lt;td class=&quot;text-center&quot; style=&quot;vertical-align:middle&quot;&gt;&lt;span class=&quot;text-center&quot; style=&quot;vertical-align:middle&quot;&gt;&lt;strong&gt;Y&uuml;kseklik&lt;\/strong&gt;&lt;\/span&gt;&lt;\/td&gt;<br \/>\n&lt;\/tr&gt;<br \/>\n&lt;tr&gt;<br \/>\n&lt;td class=&quot;text-center&quot; style=&quot;vertical-align:middle&quot;&gt;&nbsp;&lt;\/td&gt;<br \/>\n&lt;td class=&quot;text-center&quot; style=&quot;vertical-align:middle&quot;&gt;&nbsp;&lt;\/td&gt;<br \/>\n&lt;td class=&quot;text-center&quot; style=&quot;vertical-align:middle&quot;&gt;&nbsp;&lt;\/td&gt;<br \/>\n&lt;td class=&quot;text-center&quot; style=&quot;vertical-align:middle&quot;&gt;&nbsp;&lt;\/td&gt;<br \/>\n&lt;\/tr&gt;<br \/>\n&lt;tr&gt;<br \/>\n&lt;td class=&quot;text-center&quot; style=&quot;vertical-align:middle&quot; colspan=&quot;4&quot;&gt;\u0130ste\u011fe &ouml;zel olarak malzeme cinsinde (ah\u015fap,boya,kuma\u015f,deri) ve &uuml;r&uuml;n &ouml;l&ccedil;&uuml;lerinde de\u011fi\u015fiklik yap\u0131labilir.&lt;\/td&gt;<br \/>\n&lt;\/tr&gt;<br \/>\n&lt;\/tbody&gt;<br \/>\n&lt;\/table&gt;<br \/>\n&lt;hr&gt;<\/p>\n","protected":false},"excerpt":{"rendered":"<p>Klasik restoran masam\u0131z 80&#215;120 &ouml;l&ccedil;&uuml;s&uuml; ve l&uuml;kens ayaklar\u0131yla mekan\u0131n\u0131za renk katacak. &Ouml;l&ccedil;&uuml;lerde de\u011fi\u015fiklik yapabilirsiniz.&lt;hr&gt;&lt;p&gt;&lt;b&gt;&Ouml;l&ccedil;&uuml;ler&lt;br&gt;&lt;\/b&gt;&lt;img src=&quot;\/image\/urun-olculeri\/ahsap-klasik-masa.png&quot; alt=&quot;Klasik Restoran Masas\u0131 &Ouml;l&ccedil;&uuml;leri&quot; title=&quot;Klasik Restoran Masas\u0131 &Ouml;l&ccedil;&uuml;leri&quot;&gt;&lt;\/p&gt;&lt;table class=&quot;table table-bordered&quot;&gt;&lt;tbody&gt;&lt;tr&gt;&lt;td&gt;En \/ Derinlik&lt;\/td&gt;&lt;td&gt;70 cm&lt;\/td&gt;&lt;td&gt;80cm&lt;\/td&gt;&lt;td&gt;90 cm&lt;\/td&gt;&lt;\/tr&gt;&lt;tr&gt;&lt;td&gt;Geni\u015flik&lt;\/td&gt;&lt;td&gt;120 cm&lt;\/td&gt;&lt;td&gt;160 cm&lt;\/td&gt;&lt;td&gt;200 cm&lt;\/td&gt;&lt;\/tr&gt;&lt;tr&gt;&lt;td&gt;Y&uuml;kseklik&lt;\/td&gt;&lt;td&gt;76 cm&lt;\/td&gt;&lt;td&gt;76 cm&lt;\/td&gt;&lt;td&gt;76 cm&lt;\/td&gt;&lt;\/tr&gt;&lt;\/tbody&gt;&lt;\/table&gt;&lt;p&gt;\u0130ste\u011fe &ouml;zel olarak malzeme cinsinde (ah\u015fap,boya,kuma\u015f,deri) ve &uuml;r&uuml;n &ouml;l&ccedil;&uuml;lerinde de\u011fi\u015fiklik yap\u0131labilir.&lt;\/p&gt;&lt;table class=&quot;table table-bordered&quot;&gt; &lt;tbody&gt; &lt;tr&gt; &lt;td colspan=&quot;4&quot; class=&quot;text-center&quot; style=&quot;vertical-align:middle&quot;&gt;&lt;img src=&quot;\/image\/urun-olculeri\/ahsap-klasik-kollu-sandalye-olculer.png&quot; alt=&quot;&Ouml;l&ccedil;&uuml;&quot;&gt;&lt;\/td&gt; [&hellip;]<\/p>\n","protected":false},"featured_media":3625,"comment_status":"closed","ping_status":"open","template":"","meta":{"_joinchat":[]},"product_cat":[158,159,160,80],"product_tag":[],"class_list":{"0":"post-3624","1":"product","2":"type-product","3":"status-publish","4":"has-post-thumbnail","6":"product_cat-ahsap-klasik-masa","7":"product_cat-ahsap-masalar","8":"product_cat-restoran-masalari","9":"product_cat-yemek-masasi","11":"first","12":"instock","13":"product-type-simple"},"_links":{"self":[{"href":"https:\/\/palmiyesusleme.com\/index.php\/wp-json\/wp\/v2\/product\/3624","targetHints":{"allow":["GET"]}}],"collection":[{"href":"https:\/\/palmiyesusleme.com\/index.php\/wp-json\/wp\/v2\/product"}],"about":[{"href":"https:\/\/palmiyesusleme.com\/index.php\/wp-json\/wp\/v2\/types\/product"}],"replies":[{"embeddable":true,"href":"https:\/\/palmiyesusleme.com\/index.php\/wp-json\/wp\/v2\/comments?post=3624"}],"wp:featuredmedia":[{"embeddable":true,"href":"https:\/\/palmiyesusleme.com\/index.php\/wp-json\/wp\/v2\/media\/3625"}],"wp:attachment":[{"href":"https:\/\/palmiyesusleme.com\/index.php\/wp-json\/wp\/v2\/media?parent=3624"}],"wp:term":[{"taxonomy":"product_cat","embeddable":true,"href":"https:\/\/palmiyesusleme.com\/index.php\/wp-json\/wp\/v2\/product_cat?post=3624"},{"taxonomy":"product_tag","embeddable":true,"href":"https:\/\/palmiyesusleme.com\/index.php\/wp-json\/wp\/v2\/product_tag?post=3624"}],"curies":[{"name":"wp","href":"https:\/\/api.w.org\/{rel}","templated":true}]}}