{"id":3743,"date":"2024-03-07T15:41:23","date_gmt":"2024-03-07T12:41:23","guid":{"rendered":"https:\/\/palmiyesusleme.com\/index.php\/urun\/oymali-zarif-modern-ahsap-masa-ayak\/"},"modified":"2024-03-07T15:41:37","modified_gmt":"2024-03-07T12:41:37","slug":"oymali-zarif-modern-ahsap-masa-ayak","status":"publish","type":"product","link":"https:\/\/palmiyesusleme.com\/index.php\/urun\/oymali-zarif-modern-ahsap-masa-ayak\/","title":{"rendered":"Oymal\u0131 Zarif Modern Ah\u015fap Masa Ayak"},"content":{"rendered":"<p>Oymal\u0131 Zarif Modern Ah\u015fap Masa Ayak<\/p>\n","protected":false},"excerpt":{"rendered":"<p>Oymal\u0131 Zarif Modern Ah\u015fap Masa Ayak<\/p>\n","protected":false},"featured_media":3744,"comment_status":"closed","ping_status":"open","template":"","meta":{"_joinchat":[]},"product_cat":[145],"product_tag":[],"class_list":{"0":"post-3743","1":"product","2":"type-product","3":"status-publish","4":"has-post-thumbnail","6":"product_cat-ahsap-masa-ayaklari","8":"first","9":"instock","10":"product-type-simple"},"_links":{"self":[{"href":"https:\/\/palmiyesusleme.com\/index.php\/wp-json\/wp\/v2\/product\/3743","targetHints":{"allow":["GET"]}}],"collection":[{"href":"https:\/\/palmiyesusleme.com\/index.php\/wp-json\/wp\/v2\/product"}],"about":[{"href":"https:\/\/palmiyesusleme.com\/index.php\/wp-json\/wp\/v2\/types\/product"}],"replies":[{"embeddable":true,"href":"https:\/\/palmiyesusleme.com\/index.php\/wp-json\/wp\/v2\/comments?post=3743"}],"wp:featuredmedia":[{"embeddable":true,"href":"https:\/\/palmiyesusleme.com\/index.php\/wp-json\/wp\/v2\/media\/3744"}],"wp:attachment":[{"href":"https:\/\/palmiyesusleme.com\/index.php\/wp-json\/wp\/v2\/media?parent=3743"}],"wp:term":[{"taxonomy":"product_cat","embeddable":true,"href":"https:\/\/palmiyesusleme.com\/index.php\/wp-json\/wp\/v2\/product_cat?post=3743"},{"taxonomy":"product_tag","embeddable":true,"href":"https:\/\/palmiyesusleme.com\/index.php\/wp-json\/wp\/v2\/product_tag?post=3743"}],"curies":[{"name":"wp","href":"https:\/\/api.w.org\/{rel}","templated":true}]}}