{"id":3747,"date":"2024-03-07T15:41:23","date_gmt":"2024-03-07T12:41:23","guid":{"rendered":"https:\/\/palmiyesusleme.com\/index.php\/urun\/dikey-oyma-figurlu-ahsap-masa-ayak\/"},"modified":"2024-03-07T15:41:40","modified_gmt":"2024-03-07T12:41:40","slug":"dikey-oyma-figurlu-ahsap-masa-ayak","status":"publish","type":"product","link":"https:\/\/palmiyesusleme.com\/index.php\/urun\/dikey-oyma-figurlu-ahsap-masa-ayak\/","title":{"rendered":"Dikey Oyma Fig\u00fcrl\u00fc Ah\u015fap Masa Ayak"},"content":{"rendered":"<p>Dikey Oyma Fig&uuml;rl&uuml; Ah\u015fap Masa Ayak<\/p>\n","protected":false},"excerpt":{"rendered":"<p>Dikey Oyma Fig&uuml;rl&uuml; Ah\u015fap Masa Ayak<\/p>\n","protected":false},"featured_media":3748,"comment_status":"closed","ping_status":"open","template":"","meta":{"_joinchat":[]},"product_cat":[145],"product_tag":[],"class_list":{"0":"post-3747","1":"product","2":"type-product","3":"status-publish","4":"has-post-thumbnail","6":"product_cat-ahsap-masa-ayaklari","8":"first","9":"instock","10":"product-type-simple"},"_links":{"self":[{"href":"https:\/\/palmiyesusleme.com\/index.php\/wp-json\/wp\/v2\/product\/3747","targetHints":{"allow":["GET"]}}],"collection":[{"href":"https:\/\/palmiyesusleme.com\/index.php\/wp-json\/wp\/v2\/product"}],"about":[{"href":"https:\/\/palmiyesusleme.com\/index.php\/wp-json\/wp\/v2\/types\/product"}],"replies":[{"embeddable":true,"href":"https:\/\/palmiyesusleme.com\/index.php\/wp-json\/wp\/v2\/comments?post=3747"}],"wp:featuredmedia":[{"embeddable":true,"href":"https:\/\/palmiyesusleme.com\/index.php\/wp-json\/wp\/v2\/media\/3748"}],"wp:attachment":[{"href":"https:\/\/palmiyesusleme.com\/index.php\/wp-json\/wp\/v2\/media?parent=3747"}],"wp:term":[{"taxonomy":"product_cat","embeddable":true,"href":"https:\/\/palmiyesusleme.com\/index.php\/wp-json\/wp\/v2\/product_cat?post=3747"},{"taxonomy":"product_tag","embeddable":true,"href":"https:\/\/palmiyesusleme.com\/index.php\/wp-json\/wp\/v2\/product_tag?post=3747"}],"curies":[{"name":"wp","href":"https:\/\/api.w.org\/{rel}","templated":true}]}}