{"id":390,"date":"2024-03-07T15:00:28","date_gmt":"2024-03-07T12:00:28","guid":{"rendered":"https:\/\/palmiyesusleme.com\/index.php\/urun\/mdf-laminant-kaplamali-yuvarlak-tablali-masa\/"},"modified":"2024-03-07T15:00:43","modified_gmt":"2024-03-07T12:00:43","slug":"mdf-laminant-kaplamali-yuvarlak-tablali-masa","status":"publish","type":"product","link":"https:\/\/palmiyesusleme.com\/index.php\/urun\/mdf-laminant-kaplamali-yuvarlak-tablali-masa\/","title":{"rendered":"MDF laminant kaplamal\u0131 yuvarlak tablal\u0131 masa"},"content":{"rendered":"<p>&lt;h4&gt;&amp;nbsp;Ah\u015fap Lamine \u00c7apraz Ayakl\u0131 Yemek Masas\u0131: Do\u011fal G\u00fczelli\u011fi ve Dayan\u0131kl\u0131l\u0131\u011f\u0131 Bir Arada Sunan Bir Se\u00e7enek&lt;\/h4&gt;&lt;p&gt;&lt;br&gt;&lt;\/p&gt;&lt;p&gt;&lt;br&gt;&lt;\/p&gt;&lt;hr&gt;&lt;p&gt;&lt;img src=&quot;https:\/\/www.palmiyekocak.com\/image\/urun-olculeri\/ahsap-klasik-kollu-sandalye-olculer.png&quot;&gt;&lt;br&gt;&lt;\/p&gt;&lt;p&gt;&lt;br&gt;&lt;\/p&gt;&lt;table class=&quot;table table-bordered&quot; style=&quot;background-color: rgb(255, 255, 255); width: 867.309px;&quot;&gt;&lt;tbody&gt;&lt;tr&gt;&lt;td style=&quot;line-height: 1.42857;&quot;&gt;Geni\u015flik&lt;\/td&gt;&lt;td style=&quot;line-height: 1.42857;&quot;&gt;&lt;\/td&gt;&lt;\/tr&gt;&lt;tr&gt;&lt;td style=&quot;line-height: 1.42857;&quot;&gt;Oturum Y\u00fckseli\u011fi&lt;\/td&gt;&lt;td style=&quot;line-height: 1.42857;&quot;&gt;&lt;\/td&gt;&lt;\/tr&gt;&lt;tr&gt;&lt;td style=&quot;line-height: 1.42857;&quot;&gt;Derinlik&lt;\/td&gt;&lt;td style=&quot;line-height: 1.42857;&quot;&gt;&lt;\/td&gt;&lt;\/tr&gt;&lt;tr&gt;&lt;td style=&quot;line-height: 1.42857;&quot;&gt;Y\u00fckseklik&lt;br&gt;&lt;\/td&gt;&lt;td style=&quot;line-height: 1.42857;&quot;&gt;&lt;\/td&gt;&lt;\/tr&gt;&lt;\/tbody&gt;&lt;\/table&gt;&lt;p&gt;\u0130ste\u011fe \u00f6zel olarak malzeme cinsinde ( al\u00fcminyum&amp;nbsp; ve oturum iriko.) ve \u00fcr\u00fcn \u00f6l\u00e7\u00fclerinde de\u011fi\u015fiklik yap\u0131labilir.&lt;\/p&gt;&lt;table class=&quot;table table-bordered&quot; style=&quot;background-color: rgb(255, 255, 255); width: 867.309px;&quot;&gt;&lt;tbody&gt;&lt;tr&gt;&lt;td colspan=&quot;4&quot; class=&quot;text-center&quot; style=&quot;line-height: 1.42857;&quot;&gt;&lt;ul&gt;&lt;li&gt;&lt;img src=&quot;https:\/\/www.palmiyekocak.com\/image\/urun-olculeri\/ahsap-klasik-kollu-sandalye-olculer.png&quot; alt=&quot;\u00d6l\u00e7\u00fc&quot;&gt;&lt;\/li&gt;&lt;\/ul&gt;&lt;\/td&gt;&lt;\/tr&gt;&lt;tr&gt;&lt;td class=&quot;text-center&quot; style=&quot;line-height: 1.42857;&quot;&gt;&lt;span class=&quot;text-center&quot; style=&quot;vertical-align: middle;&quot;&gt;&lt;strong&gt;Geni\u015flik&lt;\/strong&gt;&lt;\/span&gt;&lt;\/td&gt;&lt;td class=&quot;text-center&quot; style=&quot;line-height: 1.42857;&quot;&gt;&lt;span class=&quot;text-center&quot; style=&quot;vertical-align: middle;&quot;&gt;&lt;strong&gt;Oturum Y\u00fcksekli\u011fi&lt;\/strong&gt;&lt;\/span&gt;&lt;\/td&gt;&lt;td class=&quot;text-center&quot; style=&quot;line-height: 1.42857;&quot;&gt;&lt;span class=&quot;text-center&quot; style=&quot;vertical-align: middle;&quot;&gt;&lt;strong&gt;Derinlik&lt;\/strong&gt;&lt;\/span&gt;&lt;\/td&gt;&lt;td class=&quot;text-center&quot; style=&quot;line-height: 1.42857;&quot;&gt;&lt;span class=&quot;text-center&quot; style=&quot;vertical-align: middle;&quot;&gt;&lt;strong&gt;Y\u00fckseklik&lt;\/strong&gt;&lt;\/span&gt;&lt;\/td&gt;&lt;\/tr&gt;&lt;tr&gt;&lt;td class=&quot;text-center&quot; style=&quot;line-height: 1.42857;&quot;&gt;&lt;br&gt;&lt;\/td&gt;&lt;td class=&quot;text-center&quot; style=&quot;line-height: 1.42857;&quot;&gt;&lt;br&gt;&lt;\/td&gt;&lt;td class=&quot;text-center&quot; style=&quot;line-height: 1.42857;&quot;&gt;&lt;br&gt;&lt;\/td&gt;&lt;td class=&quot;text-center&quot; style=&quot;line-height: 1.42857;&quot;&gt;&lt;br&gt;&lt;\/td&gt;&lt;\/tr&gt;&lt;tr&gt;&lt;td class=&quot;text-center&quot; colspan=&quot;4&quot; style=&quot;line-height: 1.42857;&quot;&gt;&lt;p style=&quot;border: 0px solid rgb(217, 217, 227); &#8211;tw-border-spacing-x: 0; &#8211;tw-border-spacing-y: 0; &#8211;tw-translate-x: 0; &#8211;tw-translate-y: 0; &#8211;tw-rotate: 0; &#8211;tw-skew-x: 0; &#8211;tw-skew-y: 0; &#8211;tw-scale-x: 1; &#8211;tw-scale-y: 1; &#8211;tw-pan-x: ; &#8211;tw-pan-y: ; &#8211;tw-pinch-zoom: ; &#8211;tw-scroll-snap-strictness: proximity; &#8211;tw-gradient-from-position: ; &#8211;tw-gradient-via-position: ; &#8211;tw-gradient-to-position: ; &#8211;tw-ordinal: ; &#8211;tw-slashed-zero: ; &#8211;tw-numeric-figure: ; &#8211;tw-numeric-spacing: ; &#8211;tw-numeric-fraction: ; &#8211;tw-ring-inset: ; &#8211;tw-ring-offset-width: 0px; &#8211;tw-ring-offset-color: #fff; &#8211;tw-ring-color: rgba(69,89,164,.5); &#8211;tw-ring-offset-shadow: 0 0 transparent; &#8211;tw-ring-shadow: 0 0 transparent; &#8211;tw-shadow: 0 0 transparent; &#8211;tw-shadow-colored: 0 0 transparent; &#8211;tw-blur: ; &#8211;tw-brightness: ; &#8211;tw-contrast: ; &#8211;tw-grayscale: ; &#8211;tw-hue-rotate: ; &#8211;tw-invert: ; &#8211;tw-saturate: ; &#8211;tw-sepia: ; &#8211;tw-drop-shadow: ; &#8211;tw-backdrop-blur: ; &#8211;tw-backdrop-brightness: ; &#8211;tw-backdrop-contrast: ; &#8211;tw-backdrop-grayscale: ; &#8211;tw-backdrop-hue-rotate: ; &#8211;tw-backdrop-invert: ; &#8211;tw-backdrop-opacity: ; &#8211;tw-backdrop-saturate: ; &#8211;tw-backdrop-sepia: ; margin-top: 1.25em; margin-bottom: 1.25em; color: rgb(55, 65, 81); font-family: S\u00f6hne, ui-sans-serif, system-ui, -apple-system, &amp;quot;Segoe UI&amp;quot;, Roboto, Ubuntu, Cantarell, &amp;quot;Noto Sans&amp;quot;, sans-serif, &amp;quot;Helvetica Neue&amp;quot;, Arial, &amp;quot;Apple Color Emoji&amp;quot;, &amp;quot;Segoe UI Emoji&amp;quot;, &amp;quot;Segoe UI Symbol&amp;quot;, &amp;quot;Noto Color Emoji&amp;quot;; font-size: 16px; text-align: start; white-space: pre-wrap; background-color: rgb(247, 247, 248);&quot;&gt;Mobilya d\u00fcnyas\u0131nda tasar\u0131m ve i\u015flevsellik aras\u0131nda m\u00fckemmel bir denge sa\u011flayan \u00fcr\u00fcnler her zaman aranmaktad\u0131r. MDF laminant kaplamal\u0131 yuvarlak tablal\u0131 masa, estetik bir g\u00f6r\u00fcn\u00fcm\u00fc, pratik kullan\u0131m\u0131 ve dayan\u0131kl\u0131l\u0131\u011f\u0131 bir araya getiren ideal bir se\u00e7enektir. Bu makalede, MDF laminant kaplamal\u0131 yuvarlak tablal\u0131 masalar\u0131n \u00f6zelliklerini ve avantajlar\u0131n\u0131 inceleyece\u011fiz.&lt;\/p&gt;&lt;ol style=&quot;border: 0px solid rgb(217, 217, 227); &#8211;tw-border-spacing-x: 0; &#8211;tw-border-spacing-y: 0; &#8211;tw-translate-x: 0; &#8211;tw-translate-y: 0; &#8211;tw-rotate: 0; &#8211;tw-skew-x: 0; &#8211;tw-skew-y: 0; &#8211;tw-scale-x: 1; &#8211;tw-scale-y: 1; &#8211;tw-pan-x: ; &#8211;tw-pan-y: ; &#8211;tw-pinch-zoom: ; &#8211;tw-scroll-snap-strictness: proximity; &#8211;tw-gradient-from-position: ; &#8211;tw-gradient-via-position: ; &#8211;tw-gradient-to-position: ; &#8211;tw-ordinal: ; &#8211;tw-slashed-zero: ; &#8211;tw-numeric-figure: ; &#8211;tw-numeric-spacing: ; &#8211;tw-numeric-fraction: ; &#8211;tw-ring-inset: ; &#8211;tw-ring-offset-width: 0px; &#8211;tw-ring-offset-color: #fff; &#8211;tw-ring-color: rgba(69,89,164,.5); &#8211;tw-ring-offset-shadow: 0 0 transparent; &#8211;tw-ring-shadow: 0 0 transparent; &#8211;tw-shadow: 0 0 transparent; &#8211;tw-shadow-colored: 0 0 transparent; &#8211;tw-blur: ; &#8211;tw-brightness: ; &#8211;tw-contrast: ; &#8211;tw-grayscale: ; &#8211;tw-hue-rotate: ; &#8211;tw-invert: ; &#8211;tw-saturate: ; &#8211;tw-sepia: ; &#8211;tw-drop-shadow: ; &#8211;tw-backdrop-blur: ; &#8211;tw-backdrop-brightness: ; &#8211;tw-backdrop-contrast: ; &#8211;tw-backdrop-grayscale: ; &#8211;tw-backdrop-hue-rotate: ; &#8211;tw-backdrop-invert: ; &#8211;tw-backdrop-opacity: ; &#8211;tw-backdrop-saturate: ; &#8211;tw-backdrop-sepia: ; list-style-position: initial; list-style-image: initial; margin: 1.25em 0px 0px; padding: 0px 0px 0px 1rem; counter-reset: item 0; display: flex; flex-direction: column; color: rgb(55, 65, 81); font-family: S\u00f6hne, ui-sans-serif, system-ui, -apple-system, &amp;quot;Segoe UI&amp;quot;, Roboto, Ubuntu, Cantarell, &amp;quot;Noto Sans&amp;quot;, sans-serif, &amp;quot;Helvetica Neue&amp;quot;, Arial, &amp;quot;Apple Color Emoji&amp;quot;, &amp;quot;Segoe UI Emoji&amp;quot;, &amp;quot;Segoe UI Symbol&amp;quot;, &amp;quot;Noto Color Emoji&amp;quot;; font-size: 16px; text-align: start; white-space: pre-wrap; background-color: rgb(247, 247, 248);&quot;&gt;&lt;li style=&quot;border: 0px solid rgb(217, 217, 227); &#8211;tw-border-spacing-x: 0; &#8211;tw-border-spacing-y: 0; &#8211;tw-translate-x: 0; &#8211;tw-translate-y: 0; &#8211;tw-rotate: 0; &#8211;tw-skew-x: 0; &#8211;tw-skew-y: 0; &#8211;tw-scale-x: 1; &#8211;tw-scale-y: 1; &#8211;tw-pan-x: ; &#8211;tw-pan-y: ; &#8211;tw-pinch-zoom: ; &#8211;tw-scroll-snap-strictness: proximity; &#8211;tw-gradient-from-position: ; &#8211;tw-gradient-via-position: ; &#8211;tw-gradient-to-position: ; &#8211;tw-ordinal: ; &#8211;tw-slashed-zero: ; &#8211;tw-numeric-figure: ; &#8211;tw-numeric-spacing: ; &#8211;tw-numeric-fraction: ; &#8211;tw-ring-inset: ; &#8211;tw-ring-offset-width: 0px; &#8211;tw-ring-offset-color: #fff; &#8211;tw-ring-color: rgba(69,89,164,.5); &#8211;tw-ring-offset-shadow: 0 0 transparent; &#8211;tw-ring-shadow: 0 0 transparent; &#8211;tw-shadow: 0 0 transparent; &#8211;tw-shadow-colored: 0 0 transparent; &#8211;tw-blur: ; &#8211;tw-brightness: ; &#8211;tw-contrast: ; &#8211;tw-grayscale: ; &#8211;tw-hue-rotate: ; &#8211;tw-invert: ; &#8211;tw-saturate: ; &#8211;tw-sepia: ; &#8211;tw-drop-shadow: ; &#8211;tw-backdrop-blur: ; &#8211;tw-backdrop-brightness: ; &#8211;tw-backdrop-contrast: ; &#8211;tw-backdrop-grayscale: ; &#8211;tw-backdrop-hue-rotate: ; &#8211;tw-backdrop-invert: ; &#8211;tw-backdrop-opacity: ; &#8211;tw-backdrop-saturate: ; &#8211;tw-backdrop-sepia: ; margin: 0px; padding-left: 0.375em;&quot;&gt;&lt;p style=&quot;border: 0px solid rgb(217, 217, 227); &#8211;tw-border-spacing-x: 0; &#8211;tw-border-spacing-y: 0; &#8211;tw-translate-x: 0; &#8211;tw-translate-y: 0; &#8211;tw-rotate: 0; &#8211;tw-skew-x: 0; &#8211;tw-skew-y: 0; &#8211;tw-scale-x: 1; &#8211;tw-scale-y: 1; &#8211;tw-pan-x: ; &#8211;tw-pan-y: ; &#8211;tw-pinch-zoom: ; &#8211;tw-scroll-snap-strictness: proximity; &#8211;tw-gradient-from-position: ; &#8211;tw-gradient-via-position: ; &#8211;tw-gradient-to-position: ; &#8211;tw-ordinal: ; &#8211;tw-slashed-zero: ; &#8211;tw-numeric-figure: ; &#8211;tw-numeric-spacing: ; &#8211;tw-numeric-fraction: ; &#8211;tw-ring-inset: ; &#8211;tw-ring-offset-width: 0px; &#8211;tw-ring-offset-color: #fff; &#8211;tw-ring-color: rgba(69,89,164,.5); &#8211;tw-ring-offset-shadow: 0 0 transparent; &#8211;tw-ring-shadow: 0 0 transparent; &#8211;tw-shadow: 0 0 transparent; &#8211;tw-shadow-colored: 0 0 transparent; &#8211;tw-blur: ; &#8211;tw-brightness: ; &#8211;tw-contrast: ; &#8211;tw-grayscale: ; &#8211;tw-hue-rotate: ; &#8211;tw-invert: ; &#8211;tw-saturate: ; &#8211;tw-sepia: ; &#8211;tw-drop-shadow: ; &#8211;tw-backdrop-blur: ; &#8211;tw-backdrop-brightness: ; &#8211;tw-backdrop-contrast: ; &#8211;tw-backdrop-grayscale: ; &#8211;tw-backdrop-hue-rotate: ; &#8211;tw-backdrop-invert: ; &#8211;tw-backdrop-opacity: ; &#8211;tw-backdrop-saturate: ; &#8211;tw-backdrop-sepia: ; margin-bottom: 0px;&quot;&gt;Estetik ve \u015e\u0131kl\u0131k:<br \/>\nMDF laminant kaplamal\u0131 yuvarlak tablal\u0131 masalar, modern ve zarif bir g\u00f6r\u00fcn\u00fcm sunar. Laminant kaplama, ah\u015fap, mermer veya di\u011fer doku ve renk se\u00e7enekleriyle masalara \u00e7e\u015fitli g\u00f6rsel etkiler kazand\u0131r\u0131r. Bu sayede, herhangi bir i\u00e7 mek\u00e2nda dekorasyonunuzla uyum sa\u011flayan \u015f\u0131k bir g\u00f6r\u00fcn\u00fcm elde edebilirsiniz. Yuvarlak masa \u015fekli, mek\u00e2na yumu\u015fak bir atmosfer katar ve konforlu bir oturma d\u00fczeni olu\u015fturur.&lt;\/p&gt;&lt;\/li&gt;&lt;li style=&quot;border: 0px solid rgb(217, 217, 227); &#8211;tw-border-spacing-x: 0; &#8211;tw-border-spacing-y: 0; &#8211;tw-translate-x: 0; &#8211;tw-translate-y: 0; &#8211;tw-rotate: 0; &#8211;tw-skew-x: 0; &#8211;tw-skew-y: 0; &#8211;tw-scale-x: 1; &#8211;tw-scale-y: 1; &#8211;tw-pan-x: ; &#8211;tw-pan-y: ; &#8211;tw-pinch-zoom: ; &#8211;tw-scroll-snap-strictness: proximity; &#8211;tw-gradient-from-position: ; &#8211;tw-gradient-via-position: ; &#8211;tw-gradient-to-position: ; &#8211;tw-ordinal: ; &#8211;tw-slashed-zero: ; &#8211;tw-numeric-figure: ; &#8211;tw-numeric-spacing: ; &#8211;tw-numeric-fraction: ; &#8211;tw-ring-inset: ; &#8211;tw-ring-offset-width: 0px; &#8211;tw-ring-offset-color: #fff; &#8211;tw-ring-color: rgba(69,89,164,.5); &#8211;tw-ring-offset-shadow: 0 0 transparent; &#8211;tw-ring-shadow: 0 0 transparent; &#8211;tw-shadow: 0 0 transparent; &#8211;tw-shadow-colored: 0 0 transparent; &#8211;tw-blur: ; &#8211;tw-brightness: ; &#8211;tw-contrast: ; &#8211;tw-grayscale: ; &#8211;tw-hue-rotate: ; &#8211;tw-invert: ; &#8211;tw-saturate: ; &#8211;tw-sepia: ; &#8211;tw-drop-shadow: ; &#8211;tw-backdrop-blur: ; &#8211;tw-backdrop-brightness: ; &#8211;tw-backdrop-contrast: ; &#8211;tw-backdrop-grayscale: ; &#8211;tw-backdrop-hue-rotate: ; &#8211;tw-backdrop-invert: ; &#8211;tw-backdrop-opacity: ; &#8211;tw-backdrop-saturate: ; &#8211;tw-backdrop-sepia: ; margin: 0px; padding-left: 0.375em;&quot;&gt;&lt;p style=&quot;border: 0px solid rgb(217, 217, 227); &#8211;tw-border-spacing-x: 0; &#8211;tw-border-spacing-y: 0; &#8211;tw-translate-x: 0; &#8211;tw-translate-y: 0; &#8211;tw-rotate: 0; &#8211;tw-skew-x: 0; &#8211;tw-skew-y: 0; &#8211;tw-scale-x: 1; &#8211;tw-scale-y: 1; &#8211;tw-pan-x: ; &#8211;tw-pan-y: ; &#8211;tw-pinch-zoom: ; &#8211;tw-scroll-snap-strictness: proximity; &#8211;tw-gradient-from-position: ; &#8211;tw-gradient-via-position: ; &#8211;tw-gradient-to-position: ; &#8211;tw-ordinal: ; &#8211;tw-slashed-zero: ; &#8211;tw-numeric-figure: ; &#8211;tw-numeric-spacing: ; &#8211;tw-numeric-fraction: ; &#8211;tw-ring-inset: ; &#8211;tw-ring-offset-width: 0px; &#8211;tw-ring-offset-color: #fff; &#8211;tw-ring-color: rgba(69,89,164,.5); &#8211;tw-ring-offset-shadow: 0 0 transparent; &#8211;tw-ring-shadow: 0 0 transparent; &#8211;tw-shadow: 0 0 transparent; &#8211;tw-shadow-colored: 0 0 transparent; &#8211;tw-blur: ; &#8211;tw-brightness: ; &#8211;tw-contrast: ; &#8211;tw-grayscale: ; &#8211;tw-hue-rotate: ; &#8211;tw-invert: ; &#8211;tw-saturate: ; &#8211;tw-sepia: ; &#8211;tw-drop-shadow: ; &#8211;tw-backdrop-blur: ; &#8211;tw-backdrop-brightness: ; &#8211;tw-backdrop-contrast: ; &#8211;tw-backdrop-grayscale: ; &#8211;tw-backdrop-hue-rotate: ; &#8211;tw-backdrop-invert: ; &#8211;tw-backdrop-opacity: ; &#8211;tw-backdrop-saturate: ; &#8211;tw-backdrop-sepia: ; margin-bottom: 0px;&quot;&gt;Dayan\u0131kl\u0131l\u0131k ve Uzun \u00d6m\u00fcr:<br \/>\nMDF (Orta Yo\u011funluklu Lif Levha) malzemesi, y\u00fcksek mukavemeti ve dayan\u0131kl\u0131l\u0131\u011f\u0131 ile bilinir. Laminant kaplama, masan\u0131n y\u00fczeyini \u00e7izilmelere, lekelere ve g\u00fcnl\u00fck kullan\u0131mdan kaynaklanan a\u015f\u0131nmalara kar\u015f\u0131 korur. Bu sayede, MDF laminant kaplamal\u0131 yuvarlak tablal\u0131 masalar uzun y\u0131llar boyunca ilk g\u00fcnk\u00fc g\u00f6r\u00fcn\u00fcmlerini korur ve deformasyonlara kar\u015f\u0131 diren\u00e7li olur. Ayr\u0131ca, nem ve \u0131s\u0131 de\u011fi\u015fimlerine kar\u015f\u0131 da dayan\u0131kl\u0131d\u0131r, bu da masan\u0131n uzun \u00f6m\u00fcrl\u00fc olmas\u0131n\u0131 sa\u011flar.&lt;\/p&gt;&lt;\/li&gt;&lt;\/ol&gt;&lt;\/td&gt;&lt;\/tr&gt;&lt;\/tbody&gt;&lt;\/table&gt;&lt;p&gt;&lt;br&gt;&lt;\/p&gt;<\/p>\n","protected":false},"excerpt":{"rendered":"<p>&lt;h4&gt;&amp;nbsp;Ah\u015fap Lamine \u00c7apraz Ayakl\u0131 Yemek Masas\u0131: Do\u011fal G\u00fczelli\u011fi ve Dayan\u0131kl\u0131l\u0131\u011f\u0131 Bir Arada Sunan Bir Se\u00e7enek&lt;\/h4&gt;&lt;p&gt;&lt;br&gt;&lt;\/p&gt;&lt;p&gt;&lt;br&gt;&lt;\/p&gt;&lt;hr&gt;&lt;p&gt;&lt;img src=&quot;https:\/\/www.palmiyekocak.com\/image\/urun-olculeri\/ahsap-klasik-kollu-sandalye-olculer.png&quot;&gt;&lt;br&gt;&lt;\/p&gt;&lt;p&gt;&lt;br&gt;&lt;\/p&gt;&lt;table class=&quot;table table-bordered&quot; style=&quot;background-color: rgb(255, 255, 255); width: 867.309px;&quot;&gt;&lt;tbody&gt;&lt;tr&gt;&lt;td style=&quot;line-height: 1.42857;&quot;&gt;Geni\u015flik&lt;\/td&gt;&lt;td style=&quot;line-height: 1.42857;&quot;&gt;&lt;\/td&gt;&lt;\/tr&gt;&lt;tr&gt;&lt;td style=&quot;line-height: 1.42857;&quot;&gt;Oturum Y\u00fckseli\u011fi&lt;\/td&gt;&lt;td style=&quot;line-height: 1.42857;&quot;&gt;&lt;\/td&gt;&lt;\/tr&gt;&lt;tr&gt;&lt;td style=&quot;line-height: 1.42857;&quot;&gt;Derinlik&lt;\/td&gt;&lt;td style=&quot;line-height: 1.42857;&quot;&gt;&lt;\/td&gt;&lt;\/tr&gt;&lt;tr&gt;&lt;td style=&quot;line-height: 1.42857;&quot;&gt;Y\u00fckseklik&lt;br&gt;&lt;\/td&gt;&lt;td style=&quot;line-height: 1.42857;&quot;&gt;&lt;\/td&gt;&lt;\/tr&gt;&lt;\/tbody&gt;&lt;\/table&gt;&lt;p&gt;\u0130ste\u011fe \u00f6zel olarak malzeme cinsinde ( al\u00fcminyum&amp;nbsp; ve oturum iriko.) ve \u00fcr\u00fcn \u00f6l\u00e7\u00fclerinde de\u011fi\u015fiklik yap\u0131labilir.&lt;\/p&gt;&lt;table [&hellip;]<\/p>\n","protected":false},"featured_media":391,"comment_status":"closed","ping_status":"open","template":"","meta":{"_joinchat":[]},"product_cat":[56],"product_tag":[],"class_list":{"0":"post-390","1":"product","2":"type-product","3":"status-publish","4":"has-post-thumbnail","6":"product_cat-ahsap-lamine-masa","8":"first","9":"instock","10":"product-type-simple"},"_links":{"self":[{"href":"https:\/\/palmiyesusleme.com\/index.php\/wp-json\/wp\/v2\/product\/390","targetHints":{"allow":["GET"]}}],"collection":[{"href":"https:\/\/palmiyesusleme.com\/index.php\/wp-json\/wp\/v2\/product"}],"about":[{"href":"https:\/\/palmiyesusleme.com\/index.php\/wp-json\/wp\/v2\/types\/product"}],"replies":[{"embeddable":true,"href":"https:\/\/palmiyesusleme.com\/index.php\/wp-json\/wp\/v2\/comments?post=390"}],"wp:featuredmedia":[{"embeddable":true,"href":"https:\/\/palmiyesusleme.com\/index.php\/wp-json\/wp\/v2\/media\/391"}],"wp:attachment":[{"href":"https:\/\/palmiyesusleme.com\/index.php\/wp-json\/wp\/v2\/media?parent=390"}],"wp:term":[{"taxonomy":"product_cat","embeddable":true,"href":"https:\/\/palmiyesusleme.com\/index.php\/wp-json\/wp\/v2\/product_cat?post=390"},{"taxonomy":"product_tag","embeddable":true,"href":"https:\/\/palmiyesusleme.com\/index.php\/wp-json\/wp\/v2\/product_tag?post=390"}],"curies":[{"name":"wp","href":"https:\/\/api.w.org\/{rel}","templated":true}]}}