{"id":3949,"date":"2024-03-07T15:43:21","date_gmt":"2024-03-07T12:43:21","guid":{"rendered":"https:\/\/palmiyesusleme.com\/index.php\/urun\/ikili-ahsap-cafe-kanepe\/"},"modified":"2024-03-07T15:43:37","modified_gmt":"2024-03-07T12:43:37","slug":"ikili-ahsap-cafe-kanepe","status":"publish","type":"product","link":"https:\/\/palmiyesusleme.com\/index.php\/urun\/ikili-ahsap-cafe-kanepe\/","title":{"rendered":"\u0130kili Ah\u015fap Cafe Kanepe"},"content":{"rendered":"<p>&lt;p&gt;\u0130kili Ah\u015fap Cafe Kanepe&lt;br&gt;&lt;\/p&gt;<\/p>\n","protected":false},"excerpt":{"rendered":"<p>&lt;p&gt;\u0130kili Ah\u015fap Cafe Kanepe&lt;br&gt;&lt;\/p&gt;<\/p>\n","protected":false},"featured_media":3950,"comment_status":"closed","ping_status":"open","template":"","meta":{"_joinchat":[]},"product_cat":[119],"product_tag":[],"class_list":{"0":"post-3949","1":"product","2":"type-product","3":"status-publish","4":"has-post-thumbnail","6":"product_cat-kanepe","8":"first","9":"instock","10":"product-type-simple"},"_links":{"self":[{"href":"https:\/\/palmiyesusleme.com\/index.php\/wp-json\/wp\/v2\/product\/3949","targetHints":{"allow":["GET"]}}],"collection":[{"href":"https:\/\/palmiyesusleme.com\/index.php\/wp-json\/wp\/v2\/product"}],"about":[{"href":"https:\/\/palmiyesusleme.com\/index.php\/wp-json\/wp\/v2\/types\/product"}],"replies":[{"embeddable":true,"href":"https:\/\/palmiyesusleme.com\/index.php\/wp-json\/wp\/v2\/comments?post=3949"}],"wp:featuredmedia":[{"embeddable":true,"href":"https:\/\/palmiyesusleme.com\/index.php\/wp-json\/wp\/v2\/media\/3950"}],"wp:attachment":[{"href":"https:\/\/palmiyesusleme.com\/index.php\/wp-json\/wp\/v2\/media?parent=3949"}],"wp:term":[{"taxonomy":"product_cat","embeddable":true,"href":"https:\/\/palmiyesusleme.com\/index.php\/wp-json\/wp\/v2\/product_cat?post=3949"},{"taxonomy":"product_tag","embeddable":true,"href":"https:\/\/palmiyesusleme.com\/index.php\/wp-json\/wp\/v2\/product_tag?post=3949"}],"curies":[{"name":"wp","href":"https:\/\/api.w.org\/{rel}","templated":true}]}}