{"id":4035,"date":"2024-03-07T15:44:08","date_gmt":"2024-03-07T12:44:08","guid":{"rendered":"https:\/\/palmiyesusleme.com\/index.php\/urun\/beyaz-ahsap-ayakli-mavi-gul-desenli-mutfak-sandalyesi\/"},"modified":"2024-03-07T15:44:37","modified_gmt":"2024-03-07T12:44:37","slug":"beyaz-ahsap-ayakli-mavi-gul-desenli-mutfak-sandalyesi","status":"publish","type":"product","link":"https:\/\/palmiyesusleme.com\/index.php\/urun\/beyaz-ahsap-ayakli-mavi-gul-desenli-mutfak-sandalyesi\/","title":{"rendered":"Beyaz Ah\u015fap Ayakl\u0131 Mavi G\u00fcl Desenli Mutfak Sandalyesi"},"content":{"rendered":"<p>Beyaz Ah\u015fap Ayakl\u0131 Mavi G&uuml;l Desenli Mutfak Sandalyesi<\/p>\n","protected":false},"excerpt":{"rendered":"<p>Beyaz Ah\u015fap Ayakl\u0131 Mavi G&uuml;l Desenli Mutfak Sandalyesi<\/p>\n","protected":false},"featured_media":4036,"comment_status":"closed","ping_status":"open","template":"","meta":{"_joinchat":[]},"product_cat":[166],"product_tag":[],"class_list":{"0":"post-4035","1":"product","2":"type-product","3":"status-publish","4":"has-post-thumbnail","6":"product_cat-ekonomik-sandalyeler","8":"first","9":"instock","10":"product-type-simple"},"_links":{"self":[{"href":"https:\/\/palmiyesusleme.com\/index.php\/wp-json\/wp\/v2\/product\/4035","targetHints":{"allow":["GET"]}}],"collection":[{"href":"https:\/\/palmiyesusleme.com\/index.php\/wp-json\/wp\/v2\/product"}],"about":[{"href":"https:\/\/palmiyesusleme.com\/index.php\/wp-json\/wp\/v2\/types\/product"}],"replies":[{"embeddable":true,"href":"https:\/\/palmiyesusleme.com\/index.php\/wp-json\/wp\/v2\/comments?post=4035"}],"wp:featuredmedia":[{"embeddable":true,"href":"https:\/\/palmiyesusleme.com\/index.php\/wp-json\/wp\/v2\/media\/4036"}],"wp:attachment":[{"href":"https:\/\/palmiyesusleme.com\/index.php\/wp-json\/wp\/v2\/media?parent=4035"}],"wp:term":[{"taxonomy":"product_cat","embeddable":true,"href":"https:\/\/palmiyesusleme.com\/index.php\/wp-json\/wp\/v2\/product_cat?post=4035"},{"taxonomy":"product_tag","embeddable":true,"href":"https:\/\/palmiyesusleme.com\/index.php\/wp-json\/wp\/v2\/product_tag?post=4035"}],"curies":[{"name":"wp","href":"https:\/\/api.w.org\/{rel}","templated":true}]}}