{"id":4037,"date":"2024-03-07T15:44:42","date_gmt":"2024-03-07T12:44:42","guid":{"rendered":"https:\/\/palmiyesusleme.com\/index.php\/urun\/beyaz-ahsap-ayakli-suni-deri-dosemeli-ekonomik-ucuz-sandalye\/"},"modified":"2024-03-07T15:44:42","modified_gmt":"2024-03-07T12:44:42","slug":"beyaz-ahsap-ayakli-suni-deri-dosemeli-ekonomik-ucuz-sandalye","status":"publish","type":"product","link":"https:\/\/palmiyesusleme.com\/index.php\/urun\/beyaz-ahsap-ayakli-suni-deri-dosemeli-ekonomik-ucuz-sandalye\/","title":{"rendered":"Beyaz Ah\u015fap Ayakl\u0131 Suni Deri D\u00f6\u015femeli Ekonomik Ucuz Sandalye"},"content":{"rendered":"<p>Beyaz Ah\u015fap Ayakl\u0131 Suni Deri D&ouml;\u015femeli Ekonomik Ucuz Sandalye<\/p>\n","protected":false},"excerpt":{"rendered":"<p>Beyaz Ah\u015fap Ayakl\u0131 Suni Deri D&ouml;\u015femeli Ekonomik Ucuz Sandalye<\/p>\n","protected":false},"featured_media":4038,"comment_status":"closed","ping_status":"open","template":"","meta":{"_joinchat":[]},"product_cat":[166],"product_tag":[],"class_list":{"0":"post-4037","1":"product","2":"type-product","3":"status-publish","4":"has-post-thumbnail","6":"product_cat-ekonomik-sandalyeler","8":"first","9":"instock","10":"product-type-simple"},"_links":{"self":[{"href":"https:\/\/palmiyesusleme.com\/index.php\/wp-json\/wp\/v2\/product\/4037","targetHints":{"allow":["GET"]}}],"collection":[{"href":"https:\/\/palmiyesusleme.com\/index.php\/wp-json\/wp\/v2\/product"}],"about":[{"href":"https:\/\/palmiyesusleme.com\/index.php\/wp-json\/wp\/v2\/types\/product"}],"replies":[{"embeddable":true,"href":"https:\/\/palmiyesusleme.com\/index.php\/wp-json\/wp\/v2\/comments?post=4037"}],"wp:featuredmedia":[{"embeddable":true,"href":"https:\/\/palmiyesusleme.com\/index.php\/wp-json\/wp\/v2\/media\/4038"}],"wp:attachment":[{"href":"https:\/\/palmiyesusleme.com\/index.php\/wp-json\/wp\/v2\/media?parent=4037"}],"wp:term":[{"taxonomy":"product_cat","embeddable":true,"href":"https:\/\/palmiyesusleme.com\/index.php\/wp-json\/wp\/v2\/product_cat?post=4037"},{"taxonomy":"product_tag","embeddable":true,"href":"https:\/\/palmiyesusleme.com\/index.php\/wp-json\/wp\/v2\/product_tag?post=4037"}],"curies":[{"name":"wp","href":"https:\/\/api.w.org\/{rel}","templated":true}]}}