{"id":4051,"date":"2024-03-07T15:44:42","date_gmt":"2024-03-07T12:44:42","guid":{"rendered":"https:\/\/palmiyesusleme.com\/index.php\/urun\/halka-desenli-beyaz-deri-kapli-metal-ayakli-ekonomik-mutfak-sandalyesi\/"},"modified":"2024-03-07T15:44:55","modified_gmt":"2024-03-07T12:44:55","slug":"halka-desenli-beyaz-deri-kapli-metal-ayakli-ekonomik-mutfak-sandalyesi","status":"publish","type":"product","link":"https:\/\/palmiyesusleme.com\/index.php\/urun\/halka-desenli-beyaz-deri-kapli-metal-ayakli-ekonomik-mutfak-sandalyesi\/","title":{"rendered":"Halka Desenli Beyaz Deri Kapl\u0131 Metal Ayakl\u0131 Ekonomik Mutfak Sandalyesi"},"content":{"rendered":"<p>Halka Desenli Beyaz Deri Kapl\u0131 Metal Ayakl\u0131 Ekonomik Mutfak Sandalyesi<\/p>\n","protected":false},"excerpt":{"rendered":"<p>Halka Desenli Beyaz Deri Kapl\u0131 Metal Ayakl\u0131 Ekonomik Mutfak Sandalyesi<\/p>\n","protected":false},"featured_media":4052,"comment_status":"closed","ping_status":"open","template":"","meta":{"_joinchat":[]},"product_cat":[166],"product_tag":[],"class_list":{"0":"post-4051","1":"product","2":"type-product","3":"status-publish","4":"has-post-thumbnail","6":"product_cat-ekonomik-sandalyeler","8":"first","9":"instock","10":"product-type-simple"},"_links":{"self":[{"href":"https:\/\/palmiyesusleme.com\/index.php\/wp-json\/wp\/v2\/product\/4051","targetHints":{"allow":["GET"]}}],"collection":[{"href":"https:\/\/palmiyesusleme.com\/index.php\/wp-json\/wp\/v2\/product"}],"about":[{"href":"https:\/\/palmiyesusleme.com\/index.php\/wp-json\/wp\/v2\/types\/product"}],"replies":[{"embeddable":true,"href":"https:\/\/palmiyesusleme.com\/index.php\/wp-json\/wp\/v2\/comments?post=4051"}],"wp:featuredmedia":[{"embeddable":true,"href":"https:\/\/palmiyesusleme.com\/index.php\/wp-json\/wp\/v2\/media\/4052"}],"wp:attachment":[{"href":"https:\/\/palmiyesusleme.com\/index.php\/wp-json\/wp\/v2\/media?parent=4051"}],"wp:term":[{"taxonomy":"product_cat","embeddable":true,"href":"https:\/\/palmiyesusleme.com\/index.php\/wp-json\/wp\/v2\/product_cat?post=4051"},{"taxonomy":"product_tag","embeddable":true,"href":"https:\/\/palmiyesusleme.com\/index.php\/wp-json\/wp\/v2\/product_tag?post=4051"}],"curies":[{"name":"wp","href":"https:\/\/api.w.org\/{rel}","templated":true}]}}