{"id":4065,"date":"2024-03-07T15:44:42","date_gmt":"2024-03-07T12:44:42","guid":{"rendered":"https:\/\/palmiyesusleme.com\/index.php\/urun\/bahar-cicegi-desenli-krom-ayakli-mutfak-sandalyesi\/"},"modified":"2024-03-07T15:45:06","modified_gmt":"2024-03-07T12:45:06","slug":"bahar-cicegi-desenli-krom-ayakli-mutfak-sandalyesi","status":"publish","type":"product","link":"https:\/\/palmiyesusleme.com\/index.php\/urun\/bahar-cicegi-desenli-krom-ayakli-mutfak-sandalyesi\/","title":{"rendered":"Bahar \u00c7i\u00e7e\u011fi Desenli Krom Ayakl\u0131 Mutfak Sandalyesi"},"content":{"rendered":"<p>Bahar &Ccedil;i&ccedil;e\u011fi Desenli Krom Ayakl\u0131 Mutfak Sandalyesi<\/p>\n","protected":false},"excerpt":{"rendered":"<p>Bahar &Ccedil;i&ccedil;e\u011fi Desenli Krom Ayakl\u0131 Mutfak Sandalyesi<\/p>\n","protected":false},"featured_media":4066,"comment_status":"closed","ping_status":"open","template":"","meta":{"_joinchat":[]},"product_cat":[166],"product_tag":[],"class_list":{"0":"post-4065","1":"product","2":"type-product","3":"status-publish","4":"has-post-thumbnail","6":"product_cat-ekonomik-sandalyeler","8":"first","9":"instock","10":"product-type-simple"},"_links":{"self":[{"href":"https:\/\/palmiyesusleme.com\/index.php\/wp-json\/wp\/v2\/product\/4065","targetHints":{"allow":["GET"]}}],"collection":[{"href":"https:\/\/palmiyesusleme.com\/index.php\/wp-json\/wp\/v2\/product"}],"about":[{"href":"https:\/\/palmiyesusleme.com\/index.php\/wp-json\/wp\/v2\/types\/product"}],"replies":[{"embeddable":true,"href":"https:\/\/palmiyesusleme.com\/index.php\/wp-json\/wp\/v2\/comments?post=4065"}],"wp:featuredmedia":[{"embeddable":true,"href":"https:\/\/palmiyesusleme.com\/index.php\/wp-json\/wp\/v2\/media\/4066"}],"wp:attachment":[{"href":"https:\/\/palmiyesusleme.com\/index.php\/wp-json\/wp\/v2\/media?parent=4065"}],"wp:term":[{"taxonomy":"product_cat","embeddable":true,"href":"https:\/\/palmiyesusleme.com\/index.php\/wp-json\/wp\/v2\/product_cat?post=4065"},{"taxonomy":"product_tag","embeddable":true,"href":"https:\/\/palmiyesusleme.com\/index.php\/wp-json\/wp\/v2\/product_tag?post=4065"}],"curies":[{"name":"wp","href":"https:\/\/api.w.org\/{rel}","templated":true}]}}