{"id":4091,"date":"2024-03-07T15:45:15","date_gmt":"2024-03-07T12:45:15","guid":{"rendered":"https:\/\/palmiyesusleme.com\/index.php\/urun\/wenge-sirt-suni-deri-kapli-oturak-mutfak-corbaci-pide-sandalyesi\/"},"modified":"2024-03-07T15:45:24","modified_gmt":"2024-03-07T12:45:24","slug":"wenge-sirt-suni-deri-kapli-oturak-mutfak-corbaci-pide-sandalyesi","status":"publish","type":"product","link":"https:\/\/palmiyesusleme.com\/index.php\/urun\/wenge-sirt-suni-deri-kapli-oturak-mutfak-corbaci-pide-sandalyesi\/","title":{"rendered":"Wenge S\u0131rt Suni Deri Kapl\u0131 Oturak Mutfak \u00c7orbac\u0131 Pide Sandalyesi"},"content":{"rendered":"<p>Wenge S\u0131rt Suni Deri Kapl\u0131 Oturak Mutfak \u00c7orbac\u0131 Pide Sandalyesi<\/p>\n","protected":false},"excerpt":{"rendered":"<p>Wenge S\u0131rt Suni Deri Kapl\u0131 Oturak Mutfak \u00c7orbac\u0131 Pide Sandalyesi<\/p>\n","protected":false},"featured_media":4092,"comment_status":"closed","ping_status":"open","template":"","meta":{"_joinchat":[]},"product_cat":[166],"product_tag":[],"class_list":{"0":"post-4091","1":"product","2":"type-product","3":"status-publish","4":"has-post-thumbnail","6":"product_cat-ekonomik-sandalyeler","8":"first","9":"instock","10":"product-type-simple"},"_links":{"self":[{"href":"https:\/\/palmiyesusleme.com\/index.php\/wp-json\/wp\/v2\/product\/4091","targetHints":{"allow":["GET"]}}],"collection":[{"href":"https:\/\/palmiyesusleme.com\/index.php\/wp-json\/wp\/v2\/product"}],"about":[{"href":"https:\/\/palmiyesusleme.com\/index.php\/wp-json\/wp\/v2\/types\/product"}],"replies":[{"embeddable":true,"href":"https:\/\/palmiyesusleme.com\/index.php\/wp-json\/wp\/v2\/comments?post=4091"}],"wp:featuredmedia":[{"embeddable":true,"href":"https:\/\/palmiyesusleme.com\/index.php\/wp-json\/wp\/v2\/media\/4092"}],"wp:attachment":[{"href":"https:\/\/palmiyesusleme.com\/index.php\/wp-json\/wp\/v2\/media?parent=4091"}],"wp:term":[{"taxonomy":"product_cat","embeddable":true,"href":"https:\/\/palmiyesusleme.com\/index.php\/wp-json\/wp\/v2\/product_cat?post=4091"},{"taxonomy":"product_tag","embeddable":true,"href":"https:\/\/palmiyesusleme.com\/index.php\/wp-json\/wp\/v2\/product_tag?post=4091"}],"curies":[{"name":"wp","href":"https:\/\/api.w.org\/{rel}","templated":true}]}}