{"id":4097,"date":"2024-03-07T15:45:15","date_gmt":"2024-03-07T12:45:15","guid":{"rendered":"https:\/\/palmiyesusleme.com\/index.php\/urun\/kirmizi-suni-deri-kapli-ekonomik-metal-ayakli-mutfak-sandalyesi\/"},"modified":"2024-03-07T15:45:27","modified_gmt":"2024-03-07T12:45:27","slug":"kirmizi-suni-deri-kapli-ekonomik-metal-ayakli-mutfak-sandalyesi","status":"publish","type":"product","link":"https:\/\/palmiyesusleme.com\/index.php\/urun\/kirmizi-suni-deri-kapli-ekonomik-metal-ayakli-mutfak-sandalyesi\/","title":{"rendered":"K\u0131rm\u0131z\u0131 Suni Deri Kapl\u0131 Ekonomik Metal Ayakl\u0131 Mutfak Sandalyesi"},"content":{"rendered":"<p>&lt;p&gt;K\u0131rm\u0131z\u0131 Suni Deri Kapl\u0131 Ekonomik Metal Ayakl\u0131 Mutfak Sandalyesi&lt;br&gt;&lt;\/p&gt;<\/p>\n","protected":false},"excerpt":{"rendered":"<p>&lt;p&gt;K\u0131rm\u0131z\u0131 Suni Deri Kapl\u0131 Ekonomik Metal Ayakl\u0131 Mutfak Sandalyesi&lt;br&gt;&lt;\/p&gt;<\/p>\n","protected":false},"featured_media":4098,"comment_status":"closed","ping_status":"open","template":"","meta":{"_joinchat":[]},"product_cat":[166],"product_tag":[],"class_list":{"0":"post-4097","1":"product","2":"type-product","3":"status-publish","4":"has-post-thumbnail","6":"product_cat-ekonomik-sandalyeler","8":"first","9":"instock","10":"product-type-simple"},"_links":{"self":[{"href":"https:\/\/palmiyesusleme.com\/index.php\/wp-json\/wp\/v2\/product\/4097","targetHints":{"allow":["GET"]}}],"collection":[{"href":"https:\/\/palmiyesusleme.com\/index.php\/wp-json\/wp\/v2\/product"}],"about":[{"href":"https:\/\/palmiyesusleme.com\/index.php\/wp-json\/wp\/v2\/types\/product"}],"replies":[{"embeddable":true,"href":"https:\/\/palmiyesusleme.com\/index.php\/wp-json\/wp\/v2\/comments?post=4097"}],"wp:featuredmedia":[{"embeddable":true,"href":"https:\/\/palmiyesusleme.com\/index.php\/wp-json\/wp\/v2\/media\/4098"}],"wp:attachment":[{"href":"https:\/\/palmiyesusleme.com\/index.php\/wp-json\/wp\/v2\/media?parent=4097"}],"wp:term":[{"taxonomy":"product_cat","embeddable":true,"href":"https:\/\/palmiyesusleme.com\/index.php\/wp-json\/wp\/v2\/product_cat?post=4097"},{"taxonomy":"product_tag","embeddable":true,"href":"https:\/\/palmiyesusleme.com\/index.php\/wp-json\/wp\/v2\/product_tag?post=4097"}],"curies":[{"name":"wp","href":"https:\/\/api.w.org\/{rel}","templated":true}]}}