{"id":4099,"date":"2024-03-07T15:45:15","date_gmt":"2024-03-07T12:45:15","guid":{"rendered":"https:\/\/palmiyesusleme.com\/index.php\/urun\/monopetli-kirmizi-deri-kapli-krom-ayakli-ekonomik-ucuz-sandalye\/"},"modified":"2024-03-07T15:45:29","modified_gmt":"2024-03-07T12:45:29","slug":"monopetli-kirmizi-deri-kapli-krom-ayakli-ekonomik-ucuz-sandalye","status":"publish","type":"product","link":"https:\/\/palmiyesusleme.com\/index.php\/urun\/monopetli-kirmizi-deri-kapli-krom-ayakli-ekonomik-ucuz-sandalye\/","title":{"rendered":"Monopetli K\u0131rm\u0131z\u0131 Deri Kapl\u0131 Krom Ayakl\u0131 Ekonomik Ucuz Sandalye"},"content":{"rendered":"<p>Monopetli K\u0131rm\u0131z\u0131 Deri Kapl\u0131 Krom Ayakl\u0131 Ekonomik Ucuz Sandalye<\/p>\n","protected":false},"excerpt":{"rendered":"<p>Monopetli K\u0131rm\u0131z\u0131 Deri Kapl\u0131 Krom Ayakl\u0131 Ekonomik Ucuz Sandalye<\/p>\n","protected":false},"featured_media":4100,"comment_status":"closed","ping_status":"open","template":"","meta":{"_joinchat":[]},"product_cat":[166],"product_tag":[],"class_list":{"0":"post-4099","1":"product","2":"type-product","3":"status-publish","4":"has-post-thumbnail","6":"product_cat-ekonomik-sandalyeler","8":"first","9":"instock","10":"product-type-simple"},"_links":{"self":[{"href":"https:\/\/palmiyesusleme.com\/index.php\/wp-json\/wp\/v2\/product\/4099","targetHints":{"allow":["GET"]}}],"collection":[{"href":"https:\/\/palmiyesusleme.com\/index.php\/wp-json\/wp\/v2\/product"}],"about":[{"href":"https:\/\/palmiyesusleme.com\/index.php\/wp-json\/wp\/v2\/types\/product"}],"replies":[{"embeddable":true,"href":"https:\/\/palmiyesusleme.com\/index.php\/wp-json\/wp\/v2\/comments?post=4099"}],"wp:featuredmedia":[{"embeddable":true,"href":"https:\/\/palmiyesusleme.com\/index.php\/wp-json\/wp\/v2\/media\/4100"}],"wp:attachment":[{"href":"https:\/\/palmiyesusleme.com\/index.php\/wp-json\/wp\/v2\/media?parent=4099"}],"wp:term":[{"taxonomy":"product_cat","embeddable":true,"href":"https:\/\/palmiyesusleme.com\/index.php\/wp-json\/wp\/v2\/product_cat?post=4099"},{"taxonomy":"product_tag","embeddable":true,"href":"https:\/\/palmiyesusleme.com\/index.php\/wp-json\/wp\/v2\/product_tag?post=4099"}],"curies":[{"name":"wp","href":"https:\/\/api.w.org\/{rel}","templated":true}]}}