{"id":4111,"date":"2024-03-07T15:45:15","date_gmt":"2024-03-07T12:45:15","guid":{"rendered":"https:\/\/palmiyesusleme.com\/index.php\/urun\/kahverengi-desenli-kumasli-siyah-lake-boyali-yuvarlak-sirtli-klasik-sandalye\/"},"modified":"2024-03-07T15:45:39","modified_gmt":"2024-03-07T12:45:39","slug":"kahverengi-desenli-kumasli-siyah-lake-boyali-yuvarlak-sirtli-klasik-sandalye","status":"publish","type":"product","link":"https:\/\/palmiyesusleme.com\/index.php\/urun\/kahverengi-desenli-kumasli-siyah-lake-boyali-yuvarlak-sirtli-klasik-sandalye\/","title":{"rendered":"Kahverengi Desenli Kuma\u015fl\u0131 Siyah Lake Boyal\u0131 Yuvarlak S\u0131rtl\u0131 Klasik Sandalye"},"content":{"rendered":"<p>Salonunuz i\u00e7in bir klasik daha geliyor&#8230;Kahverengi desenli kuma\u015f\u0131, siyah lake boyas\u0131, yuvarlak s\u0131rt\u0131 ve rahat oturma alan\u0131 ile bu klasik sandalyemiz salonunuza renk katacak.&lt;hr&gt;&lt;b&gt;Ah\u015fap sandalyeler&lt;\/b&gt;, bak\u0131m\u0131 kolay mobilyalar aras\u0131ndad\u0131r. E\u011fer bir \u015feyler lekelenmi\u015fse, nemli bir bezle silebilirsiniz. \u00d6zellikle  nemli bez h\u0131zl\u0131 bir \u015fekilde lekeleri temizler. Bu nedenle bir yemek sandalyesinde, \u00f6zellikle daha dayan\u0131kl\u0131 ve kolayca temizlenebilen boyal\u0131 ve cilal\u0131 modeller tercih edilebilir. Bir ah\u015fap sandalyenin uzun s\u00fcre keyfini s\u00fcrmek i\u00e7in, \u00f6zel bir ah\u015fap cilas\u0131yla d\u00fczenli bak\u0131m yapman\u0131z\u0131 \u00f6neririz bu cila kire kar\u015f\u0131 korurken ayn\u0131 zamanda ah\u015faba parlakl\u0131k verir.&lt;hr&gt;&lt;p&gt;&lt;img src=&quot;\/image\/urun-olculeri\/ahsap-klasik-kollu-sandalye-olculer.png&quot;&gt;&lt;\/p&gt;&lt;p&gt;&lt;br&gt;&lt;\/p&gt;&lt;table class=&quot;table table-bordered&quot;&gt;&lt;tbody&gt;&lt;tr&gt;&lt;td&gt;Geni\u015flik&lt;\/td&gt;&lt;td&gt;48 cm&lt;\/td&gt;&lt;\/tr&gt;&lt;tr&gt;&lt;td&gt;Oturum Y\u00fckseli\u011fi&lt;\/td&gt;&lt;td&gt;46 cm&lt;\/td&gt;&lt;\/tr&gt;&lt;tr&gt;&lt;td&gt;Derinlik&lt;\/td&gt;&lt;td&gt;46 cm&lt;\/td&gt;&lt;\/tr&gt;&lt;tr&gt;&lt;td&gt;Y\u00fckseklik&lt;\/td&gt;&lt;td&gt;97 cm&lt;\/td&gt;&lt;\/tr&gt;&lt;\/tbody&gt;&lt;\/table&gt;&lt;p&gt;\u0130ste\u011fe \u00f6zel olarak malzeme cinsinde (ah\u015fap,boya,kuma\u015f,deri) ve \u00fcr\u00fcn \u00f6l\u00e7\u00fclerinde de\u011fi\u015fiklik yap\u0131labilir.&lt;\/p&gt;&lt;table class=&quot;table table-bordered&quot;&gt;<br \/>\n&lt;tbody&gt;<br \/>\n&lt;tr&gt;<br \/>\n&lt;td colspan=&quot;4&quot; class=&quot;text-center&quot; style=&quot;vertical-align:middle&quot;&gt;&lt;img src=&quot;\/image\/urun-olculeri\/ahsap-klasik-kollu-sandalye-olculer.png&quot; alt=&quot;\u00d6l\u00e7\u00fc&quot;&gt;&lt;\/td&gt;<br \/>\n&lt;\/tr&gt;<br \/>\n&lt;tr&gt;<br \/>\n&lt;td class=&quot;text-center&quot; style=&quot;vertical-align:middle&quot;&gt;&lt;span class=&quot;text-center&quot; style=&quot;vertical-align:middle&quot;&gt;&lt;strong&gt;Geni\u015flik&lt;\/strong&gt;&lt;\/span&gt;&lt;\/td&gt;<br \/>\n&lt;td class=&quot;text-center&quot; style=&quot;vertical-align:middle&quot;&gt;&lt;span class=&quot;text-center&quot; style=&quot;vertical-align:middle&quot;&gt;&lt;strong&gt;Oturum Y\u00fcksekli\u011fi&lt;\/strong&gt;&lt;\/span&gt;&lt;\/td&gt;<br \/>\n&lt;td class=&quot;text-center&quot; style=&quot;vertical-align:middle&quot;&gt;&lt;span class=&quot;text-center&quot; style=&quot;vertical-align:middle&quot;&gt;&lt;strong&gt;Derinlik&lt;\/strong&gt;&lt;\/span&gt;&lt;\/td&gt;<br \/>\n&lt;td class=&quot;text-center&quot; style=&quot;vertical-align:middle&quot;&gt;&lt;span class=&quot;text-center&quot; style=&quot;vertical-align:middle&quot;&gt;&lt;strong&gt;Y\u00fckseklik&lt;\/strong&gt;&lt;\/span&gt;&lt;\/td&gt;<br \/>\n&lt;\/tr&gt;<br \/>\n&lt;tr&gt;<br \/>\n&lt;td class=&quot;text-center&quot; style=&quot;vertical-align:middle&quot;&gt;\u00a048 cm&lt;\/td&gt;<br \/>\n&lt;td class=&quot;text-center&quot; style=&quot;vertical-align:middle&quot;&gt;46 cm\u00a0&lt;\/td&gt;<br \/>\n&lt;td class=&quot;text-center&quot; style=&quot;vertical-align:middle&quot;&gt;46 cm\u00a0&lt;\/td&gt;<br \/>\n&lt;td class=&quot;text-center&quot; style=&quot;vertical-align:middle&quot;&gt;\u00a097 cm&lt;\/td&gt;<br \/>\n&lt;\/tr&gt;<br \/>\n&lt;tr&gt;<br \/>\n&lt;td class=&quot;text-center&quot; style=&quot;vertical-align:middle&quot; colspan=&quot;4&quot;&gt;\u0130ste\u011fe \u00f6zel olarak malzeme cinsinde (ah\u015fap,boya,kuma\u015f,deri) ve \u00fcr\u00fcn \u00f6l\u00e7\u00fclerinde de\u011fi\u015fiklik yap\u0131labilir.&lt;\/td&gt;<br \/>\n&lt;\/tr&gt;<br \/>\n&lt;\/tbody&gt;<br \/>\n&lt;\/table&gt;<br \/>\n&lt;hr&gt;<br \/>\n&lt;table class=&quot;table table-bordered&quot;&gt;<br \/>\n&lt;tbody&gt;<br \/>\n&lt;tr&gt;<br \/>\n&lt;td class=&quot;text-center&quot;&gt;&lt;img src=&quot;\/image\/yukleme-ikon\/kamyon.gif&quot; alt=&quot;Kamyon Y\u00fckleme&quot;&gt;&lt;br&gt;&lt;sub&gt;Kamyon&lt;\/sub&gt;&lt;\/td&gt;<br \/>\n&lt;td class=&quot;text-center&quot;&gt;&lt;img src=&quot;\/image\/yukleme-ikon\/tir.gif&quot; alt=&quot;T\u0131r Y\u00fckleme&quot;&gt;&lt;br&gt;&lt;sub&gt;T\u0131r&lt;\/sub&gt;&lt;\/td&gt;<br \/>\n&lt;td class=&quot;text-center&quot;&gt;&lt;img src=&quot;\/image\/yukleme-ikon\/20dc.gif&quot; alt=&quot;20 DC Konteyner Y\u00fckleme&quot;&gt;&lt;br&gt;&lt;sub&gt;20 DC Konteyner&lt;\/sub&gt;&lt;\/td&gt;<br \/>\n&lt;td class=&quot;text-center&quot;&gt;&lt;img src=&quot;\/image\/yukleme-ikon\/40dc.gif&quot; alt=&quot;40 DC Konteyner Y\u00fckleme&quot;&gt;&lt;br&gt;&lt;sub&gt;40 DC Konteyner&lt;\/sub&gt;&lt;\/td&gt;<br \/>\n&lt;\/tr&gt;<br \/>\n&lt;tr&gt;<br \/>\n&lt;td class=&quot;text-center&quot; style=&quot;vertical-align:middle&quot;&gt;\u00a0&lt;\/td&gt;<br \/>\n&lt;td class=&quot;text-center&quot; style=&quot;vertical-align:middle&quot;&gt;\u00a0&lt;\/td&gt;<br \/>\n&lt;td class=&quot;text-center&quot; style=&quot;vertical-align:middle&quot;&gt;\u00a0&lt;\/td&gt;<br \/>\n&lt;td class=&quot;text-center&quot; style=&quot;vertical-align:middle&quot;&gt;\u00a0&lt;\/td&gt;<br \/>\n&lt;\/tr&gt;<br \/>\n&lt;tr&gt;<br \/>\n&lt;td colspan=&quot;4&quot; class=&quot;text-center&quot; style=&quot;vertical-align:middle&quot;&gt;Standart \u00d6l\u00e7\u00fclerdir.&lt;\/td&gt;<br \/>\n&lt;\/tr&gt;<br \/>\n&lt;\/tbody&gt;<br \/>\n&lt;\/table&gt;<\/p>\n","protected":false},"excerpt":{"rendered":"<p>Salonunuz i\u00e7in bir klasik daha geliyor&#8230;Kahverengi desenli kuma\u015f\u0131, siyah lake boyas\u0131, yuvarlak s\u0131rt\u0131 ve rahat oturma alan\u0131 ile bu klasik sandalyemiz salonunuza renk katacak.&lt;hr&gt;&lt;b&gt;Ah\u015fap sandalyeler&lt;\/b&gt;, bak\u0131m\u0131 kolay mobilyalar aras\u0131ndad\u0131r. E\u011fer bir \u015feyler lekelenmi\u015fse, nemli bir bezle silebilirsiniz. \u00d6zellikle nemli bez h\u0131zl\u0131 bir \u015fekilde lekeleri temizler. Bu nedenle bir yemek sandalyesinde, \u00f6zellikle daha dayan\u0131kl\u0131 ve kolayca [&hellip;]<\/p>\n","protected":false},"featured_media":4112,"comment_status":"closed","ping_status":"open","template":"","meta":{"_joinchat":[]},"product_cat":[167,79,37,150,151,36,168],"product_tag":[],"class_list":{"0":"post-4111","1":"product","2":"type-product","3":"status-publish","4":"has-post-thumbnail","6":"product_cat-ahsap-klasik-sandalye","7":"product_cat-ahsap-sandalye","8":"product_cat-ev-sandalyeleri","9":"product_cat-otel-sandalyeleri","10":"product_cat-restoran-sandalyeleri","11":"product_cat-sandalye-modelleri","12":"product_cat-yemek-sandalyesi","14":"first","15":"instock","16":"product-type-simple"},"_links":{"self":[{"href":"https:\/\/palmiyesusleme.com\/index.php\/wp-json\/wp\/v2\/product\/4111","targetHints":{"allow":["GET"]}}],"collection":[{"href":"https:\/\/palmiyesusleme.com\/index.php\/wp-json\/wp\/v2\/product"}],"about":[{"href":"https:\/\/palmiyesusleme.com\/index.php\/wp-json\/wp\/v2\/types\/product"}],"replies":[{"embeddable":true,"href":"https:\/\/palmiyesusleme.com\/index.php\/wp-json\/wp\/v2\/comments?post=4111"}],"wp:featuredmedia":[{"embeddable":true,"href":"https:\/\/palmiyesusleme.com\/index.php\/wp-json\/wp\/v2\/media\/4112"}],"wp:attachment":[{"href":"https:\/\/palmiyesusleme.com\/index.php\/wp-json\/wp\/v2\/media?parent=4111"}],"wp:term":[{"taxonomy":"product_cat","embeddable":true,"href":"https:\/\/palmiyesusleme.com\/index.php\/wp-json\/wp\/v2\/product_cat?post=4111"},{"taxonomy":"product_tag","embeddable":true,"href":"https:\/\/palmiyesusleme.com\/index.php\/wp-json\/wp\/v2\/product_tag?post=4111"}],"curies":[{"name":"wp","href":"https:\/\/api.w.org\/{rel}","templated":true}]}}