{"id":4134,"date":"2024-03-07T15:45:45","date_gmt":"2024-03-07T12:45:45","guid":{"rendered":"https:\/\/palmiyesusleme.com\/index.php\/urun\/acik-ceviz-boyali-kontrali-klasik-sandalye\/"},"modified":"2024-03-07T15:45:56","modified_gmt":"2024-03-07T12:45:56","slug":"acik-ceviz-boyali-kontrali-klasik-sandalye","status":"publish","type":"product","link":"https:\/\/palmiyesusleme.com\/index.php\/urun\/acik-ceviz-boyali-kontrali-klasik-sandalye\/","title":{"rendered":"A\u00e7\u0131k Ceviz Boyal\u0131 Kontral\u0131 Klasik Sandalye"},"content":{"rendered":"<p>&lt;!&#8211; wp:paragraph &#8211;&gt;<br \/>\n&lt;h2&gt;&lt;a href=&quot;https:\/\/www.palmiyekocak.com\/ahsap-sandalye\/acik-ceviz-boyali-kontrali-klasik-sandalye-ksa103&quot; target=&quot;_blank&quot;&gt;A\u00e7\u0131k Ceviz Boyal\u0131 Kontral\u0131 Klasik Sandalye&lt;\/a&gt;&lt;\/h2&gt;&lt;p&gt;Otel, kafe ve restoran sahipleri, i\u015fletmelerinde m\u00fc\u015fteri deneyimini art\u0131rmak i\u00e7in \u00e7e\u015fitli unsurlara odaklan\u0131r. Bu unsurlar\u0131n ba\u015f\u0131nda ise do\u011fru mobilyalar\u0131 se\u00e7mek gelir. M\u00fc\u015fterilerine konforlu ve \u015f\u0131k bir ortam sunmak isteyen i\u015fletme sahipleri i\u00e7in. A\u00e7\u0131k Ceviz Boyal\u0131 Kontral\u0131 Klasik Sandalye ideal bir se\u00e7enek olacakt\u0131r.&lt;\/p&gt;<br \/>\n&lt;!&#8211; \/wp:paragraph &#8211;&gt;<\/p>\n<p>&lt;!&#8211; wp:heading {&quot;level&quot;:3} &#8211;&gt;<br \/>\n&lt;h3 class=&quot;wp-block-heading&quot;&gt;&lt;a href=&quot;https:\/\/www.sandalye-modelleri.com\/urun\/acik-ceviz-boyali-siyah-derili-klasik-sandalye\/&quot; target=&quot;_blank&quot;&gt;A\u00e7\u0131k Ceviz Boyal\u0131 Kontral\u0131 Klasik Sandalye \u00d6zellikleri;&lt;\/a&gt;&lt;\/h3&gt;<br \/>\n&lt;!&#8211; \/wp:heading &#8211;&gt;<\/p>\n<p>&lt;!&#8211; wp:paragraph &#8211;&gt;<br \/>\n&lt;p&gt;\u0130\u00e7 mekanlara \u015f\u0131kl\u0131k ve zarafet katmak isteyenler i\u00e7in mobilya se\u00e7imi b\u00fcy\u00fck \u00f6nem ta\u015f\u0131r. Bu noktada, a\u00e7\u0131k ceviz boal\u0131 kontral\u0131 klasik sandalyeler, hem estetik bir g\u00f6r\u00fcn\u00fcm sunmakta hem de dayan\u0131kl\u0131l\u0131\u011f\u0131yla dikkat \u00e7ekmektedir. Bu makalede, a\u00e7\u0131k ceviz boal\u0131 kontral\u0131 klasik sandalyelerin \u00f6zelliklerini ve avantajlar\u0131n\u0131 inceleyece\u011fiz.&lt;\/p&gt;<br \/>\n&lt;!&#8211; \/wp:paragraph &#8211;&gt;<\/p>\n<p>&lt;!&#8211; wp:paragraph &#8211;&gt;<br \/>\n&lt;p&gt;A\u00e7\u0131k ceviz boal\u0131 kontral\u0131 klasik sandalyeler, y\u00fcksek kaliteli ah\u015fap malzeme ve \u00f6zenle i\u015flenmi\u015f detaylarla donat\u0131lm\u0131\u015ft\u0131r. Bu sandalyeler, zarif ve klasik bir tarz sunar, i\u00e7 mekan\u0131n\u0131za sofistike bir atmosfer katar. A\u00e7\u0131k ceviz rengi, s\u0131cak ve \u00e7a\u011fda\u015f bir g\u00f6r\u00fcn\u00fcm sa\u011flar, ayn\u0131 zamanda \u00e7e\u015fitli dekorasyon stilleriyle uyum sa\u011flar.&lt;\/p&gt;<br \/>\n&lt;!&#8211; \/wp:paragraph &#8211;&gt;<\/p>\n<p>&lt;!&#8211; wp:paragraph &#8211;&gt;<br \/>\n&lt;p&gt;A\u00e7\u0131k ceviz renginin zarif ve do\u011fal g\u00f6r\u00fcn\u00fcm\u00fc, bu sandalyeyi di\u011ferlerinden \u00f6ne \u00e7\u0131kar\u0131r. \u0130ster modern bir kafe, ister rustik bir restoran, isterse de l\u00fcks bir otel dekorasyonu olsun, bu sandalye her t\u00fcrl\u00fc ortama m\u00fckemmel bir \u015fekilde uyum sa\u011flamakta.&lt;\/p&gt;<br \/>\n&lt;!&#8211; \/wp:paragraph &#8211;&gt;<\/p>\n<p>&lt;!&#8211; wp:paragraph &#8211;&gt;<br \/>\n&lt;p&gt;A\u00e7\u0131k Ceviz Boyal\u0131 Kontral\u0131 Klasik Sandalye&#039;nin \u00f6ne \u00e7\u0131kan bir di\u011fer \u00f6zelli\u011fi ise kontral\u0131 yap\u0131s\u0131d\u0131r. Bu \u00f6zellik, sandalyenin dayan\u0131kl\u0131l\u0131\u011f\u0131n\u0131 ve kullan\u0131c\u0131ya sa\u011flad\u0131\u011f\u0131 konforu art\u0131r\u0131r. \u0130ster uzun s\u00fcreli oturmalarda, ister k\u0131sa s\u00fcreli ziyaretlerde olsun, bu sandalye konuklar\u0131n rahat\u0131n\u0131 garantiler.&lt;\/p&gt;<br \/>\n&lt;!&#8211; \/wp:paragraph &#8211;&gt;<\/p>\n<p>&lt;!&#8211; wp:paragraph &#8211;&gt;<br \/>\n&lt;p&gt;Klasik sandalye tasar\u0131m\u0131n\u0131n getirdi\u011fi estetik, hem geleneksel hem de modern dekorasyon stili ile uyum sa\u011flar. Sandalyenin rafine \u00e7izgileri ve a\u00e7\u0131k ceviz boyas\u0131, her t\u00fcrl\u00fc i\u00e7 mekan tasar\u0131m\u0131nda etkileyici bir etki olu\u015fturmakta. Ayr\u0131ca, bu klasik sandalye, dekorasyonda zamans\u0131z bir unsura d\u00f6n\u00fc\u015f\u00fcr. Modas\u0131 ge\u00e7mez ve uzun y\u0131llar boyunca kullan\u0131lmakta.&lt;\/p&gt;<br \/>\n&lt;!&#8211; \/wp:paragraph &#8211;&gt;<\/p>\n<p>&lt;!&#8211; wp:heading {&quot;level&quot;:4} &#8211;&gt;<br \/>\n&lt;h4 class=&quot;wp-block-heading&quot;&gt;Sonu\u00e7 Olarak;&lt;\/h4&gt;<br \/>\n&lt;!&#8211; \/wp:heading &#8211;&gt;<\/p>\n<p>&lt;!&#8211; wp:paragraph &#8211;&gt;<br \/>\n&lt;p&gt;Sonu\u00e7 olarak, A\u00e7\u0131k Ceviz Boyal\u0131 Kontral\u0131 Klasik Sandalye, otel, kafe. Veya restoran\u0131n\u0131za s\u0131cak, konforlu ve zarif bir atmosfer kazand\u0131r\u0131lmakta. Hem konuklar\u0131n rahat\u0131n\u0131 hem de i\u015fletmenin esteti\u011fini \u00f6n planda tutan bu sandalye sayesinde. \u0130\u015fletmenize de\u011fer katacak bir yat\u0131r\u0131md\u0131r. Bu sandalye ile mekan\u0131n\u0131z\u0131 d\u00f6n\u00fc\u015ft\u00fcr\u00fcn ve konuklar\u0131n\u0131za unutulmayan bir deneyim sunun.&lt;\/p&gt;<br \/>\n&lt;!&#8211; \/wp:paragraph &#8211;&gt;<\/p>\n","protected":false},"excerpt":{"rendered":"<p>&lt;!&#8211; wp:paragraph &#8211;&gt; &lt;h2&gt;&lt;a href=&quot;https:\/\/www.palmiyekocak.com\/ahsap-sandalye\/acik-ceviz-boyali-kontrali-klasik-sandalye-ksa103&quot; target=&quot;_blank&quot;&gt;A\u00e7\u0131k Ceviz Boyal\u0131 Kontral\u0131 Klasik Sandalye&lt;\/a&gt;&lt;\/h2&gt;&lt;p&gt;Otel, kafe ve restoran sahipleri, i\u015fletmelerinde m\u00fc\u015fteri deneyimini art\u0131rmak i\u00e7in \u00e7e\u015fitli unsurlara odaklan\u0131r. Bu unsurlar\u0131n ba\u015f\u0131nda ise do\u011fru mobilyalar\u0131 se\u00e7mek gelir. M\u00fc\u015fterilerine konforlu ve \u015f\u0131k bir ortam sunmak isteyen i\u015fletme sahipleri i\u00e7in. A\u00e7\u0131k Ceviz Boyal\u0131 Kontral\u0131 Klasik Sandalye ideal bir se\u00e7enek olacakt\u0131r.&lt;\/p&gt; &lt;!&#8211; \/wp:paragraph &#8211;&gt; [&hellip;]<\/p>\n","protected":false},"featured_media":4135,"comment_status":"closed","ping_status":"open","template":"","meta":{"_joinchat":[]},"product_cat":[79,37,150,151,168],"product_tag":[],"class_list":{"0":"post-4134","1":"product","2":"type-product","3":"status-publish","4":"has-post-thumbnail","6":"product_cat-ahsap-sandalye","7":"product_cat-ev-sandalyeleri","8":"product_cat-otel-sandalyeleri","9":"product_cat-restoran-sandalyeleri","10":"product_cat-yemek-sandalyesi","12":"first","13":"instock","14":"product-type-simple"},"_links":{"self":[{"href":"https:\/\/palmiyesusleme.com\/index.php\/wp-json\/wp\/v2\/product\/4134","targetHints":{"allow":["GET"]}}],"collection":[{"href":"https:\/\/palmiyesusleme.com\/index.php\/wp-json\/wp\/v2\/product"}],"about":[{"href":"https:\/\/palmiyesusleme.com\/index.php\/wp-json\/wp\/v2\/types\/product"}],"replies":[{"embeddable":true,"href":"https:\/\/palmiyesusleme.com\/index.php\/wp-json\/wp\/v2\/comments?post=4134"}],"wp:featuredmedia":[{"embeddable":true,"href":"https:\/\/palmiyesusleme.com\/index.php\/wp-json\/wp\/v2\/media\/4135"}],"wp:attachment":[{"href":"https:\/\/palmiyesusleme.com\/index.php\/wp-json\/wp\/v2\/media?parent=4134"}],"wp:term":[{"taxonomy":"product_cat","embeddable":true,"href":"https:\/\/palmiyesusleme.com\/index.php\/wp-json\/wp\/v2\/product_cat?post=4134"},{"taxonomy":"product_tag","embeddable":true,"href":"https:\/\/palmiyesusleme.com\/index.php\/wp-json\/wp\/v2\/product_tag?post=4134"}],"curies":[{"name":"wp","href":"https:\/\/api.w.org\/{rel}","templated":true}]}}