{"id":422,"date":"2024-03-07T15:01:02","date_gmt":"2024-03-07T12:01:02","guid":{"rendered":"https:\/\/palmiyesusleme.com\/index.php\/urun\/70x70-iroko-tablali-bambu-boyali-aluminyum-ayakli-masa\/"},"modified":"2024-03-07T15:01:08","modified_gmt":"2024-03-07T12:01:08","slug":"70x70-iroko-tablali-bambu-boyali-aluminyum-ayakli-masa","status":"publish","type":"product","link":"https:\/\/palmiyesusleme.com\/index.php\/urun\/70x70-iroko-tablali-bambu-boyali-aluminyum-ayakli-masa\/","title":{"rendered":"70&#215;70 \u0130roko Tablal\u0131 Bambu Boyal\u0131 Al\u00fcminyum Ayakl\u0131 Masa"},"content":{"rendered":"<p>&lt;p&gt;70&#215;70 \u0130roko Tablal\u0131 Bambu Boyal\u0131 Al\u00fcminyum Ayakl\u0131 Masa&lt;\/p&gt;&lt;p&gt;\u00d6l\u00e7\u00fc Ayak : 57x57cm&lt;\/p&gt;&lt;p&gt;Y\u00fckselik : 71 cm&lt;\/p&gt;&lt;p&gt;Masa \u00d6l\u00e7\u00fc : 70&#215;70&lt;\/p&gt;<\/p>\n","protected":false},"excerpt":{"rendered":"<p>&lt;p&gt;70&#215;70 \u0130roko Tablal\u0131 Bambu Boyal\u0131 Al\u00fcminyum Ayakl\u0131 Masa&lt;\/p&gt;&lt;p&gt;\u00d6l\u00e7\u00fc Ayak : 57x57cm&lt;\/p&gt;&lt;p&gt;Y\u00fckselik : 71 cm&lt;\/p&gt;&lt;p&gt;Masa \u00d6l\u00e7\u00fc : 70&#215;70&lt;\/p&gt;<\/p>\n","protected":false},"featured_media":423,"comment_status":"closed","ping_status":"open","template":"","meta":{"_joinchat":[]},"product_cat":[59,57],"product_tag":[],"class_list":{"0":"post-422","1":"product","2":"type-product","3":"status-publish","4":"has-post-thumbnail","6":"product_cat-aluminyum-masa","7":"product_cat-aluminyum-masalar","9":"first","10":"instock","11":"product-type-simple"},"_links":{"self":[{"href":"https:\/\/palmiyesusleme.com\/index.php\/wp-json\/wp\/v2\/product\/422","targetHints":{"allow":["GET"]}}],"collection":[{"href":"https:\/\/palmiyesusleme.com\/index.php\/wp-json\/wp\/v2\/product"}],"about":[{"href":"https:\/\/palmiyesusleme.com\/index.php\/wp-json\/wp\/v2\/types\/product"}],"replies":[{"embeddable":true,"href":"https:\/\/palmiyesusleme.com\/index.php\/wp-json\/wp\/v2\/comments?post=422"}],"wp:featuredmedia":[{"embeddable":true,"href":"https:\/\/palmiyesusleme.com\/index.php\/wp-json\/wp\/v2\/media\/423"}],"wp:attachment":[{"href":"https:\/\/palmiyesusleme.com\/index.php\/wp-json\/wp\/v2\/media?parent=422"}],"wp:term":[{"taxonomy":"product_cat","embeddable":true,"href":"https:\/\/palmiyesusleme.com\/index.php\/wp-json\/wp\/v2\/product_cat?post=422"},{"taxonomy":"product_tag","embeddable":true,"href":"https:\/\/palmiyesusleme.com\/index.php\/wp-json\/wp\/v2\/product_tag?post=422"}],"curies":[{"name":"wp","href":"https:\/\/api.w.org\/{rel}","templated":true}]}}