{"id":440,"date":"2024-03-07T15:01:02","date_gmt":"2024-03-07T12:01:02","guid":{"rendered":"https:\/\/palmiyesusleme.com\/index.php\/urun\/krom-kollu-metal-sandalye\/"},"modified":"2024-03-07T15:01:18","modified_gmt":"2024-03-07T12:01:18","slug":"krom-kollu-metal-sandalye","status":"publish","type":"product","link":"https:\/\/palmiyesusleme.com\/index.php\/urun\/krom-kollu-metal-sandalye\/","title":{"rendered":"Krom Kollu Metal Sandalye"},"content":{"rendered":"<p>Krom Kollu Metal SandalyeEn rahat metal-ah\u015fap sandalyelerimizden biri:AMS03Alt U ba\u011flarla birbirine per\u00e7inlenmi\u015f 4 metal ayak, oturma alan\u0131n\u0131n yar\u0131s\u0131 kadar uzunlukta olan klas ah\u015fap kollar ve ferah oturma alan\u0131n\u0131 kollara ba\u011flayan U metal \u00e7\u0131talar&#8230;Mutfa\u011f\u0131n\u0131za renk katacak bir \u00fcr\u00fcn.&lt;hr&gt;&lt;p&gt;&lt;img src=&quot;\/image\/urun-olculeri\/ahsap-klasik-kollu-sandalye-olculer.png&quot; style=&quot;width: 521px;&quot;&gt;&lt;br&gt;&lt;\/p&gt;&lt;p&gt;&lt;br&gt;&lt;\/p&gt;&lt;table class=&quot;table table-bordered&quot;&gt;&lt;tbody&gt;&lt;tr&gt;&lt;td&gt;Geni\u015flik&lt;\/td&gt;&lt;td&gt;&lt;br&gt;&lt;\/td&gt;&lt;\/tr&gt;&lt;tr&gt;&lt;td&gt;Oturum Y\u00fckseli\u011fi&lt;\/td&gt;&lt;td&gt;&lt;br&gt;&lt;\/td&gt;&lt;\/tr&gt;&lt;tr&gt;&lt;td&gt;Derinlik&lt;\/td&gt;&lt;td&gt;&lt;br&gt;&lt;\/td&gt;&lt;\/tr&gt;&lt;tr&gt;&lt;td&gt;Y\u00fckseklik&lt;\/td&gt;&lt;td&gt;&lt;br&gt;&lt;\/td&gt;&lt;\/tr&gt;&lt;\/tbody&gt;&lt;\/table&gt;&lt;p&gt;\u0130ste\u011fe \u00f6zel olarak malzeme cinsinde (ah\u015fap,boya,kuma\u015f,deri) ve \u00fcr\u00fcn \u00f6l\u00e7\u00fclerinde de\u011fi\u015fiklik yap\u0131labilir.&lt;\/p&gt;&lt;table class=&quot;table table-bordered&quot;&gt;<br \/>\n&lt;tbody&gt;<br \/>\n&lt;tr&gt;<br \/>\n&lt;td colspan=&quot;4&quot; class=&quot;text-center&quot; style=&quot;vertical-align:middle&quot;&gt;&lt;img src=&quot;\/image\/urun-olculeri\/ahsap-klasik-kollu-sandalye-olculer.png&quot; alt=&quot;\u00d6l\u00e7\u00fc&quot;&gt;&lt;\/td&gt;<br \/>\n&lt;\/tr&gt;<br \/>\n&lt;tr&gt;<br \/>\n&lt;td class=&quot;text-center&quot; style=&quot;vertical-align:middle&quot;&gt;&lt;span class=&quot;text-center&quot; style=&quot;vertical-align:middle&quot;&gt;&lt;strong&gt;Geni\u015flik&lt;\/strong&gt;&lt;\/span&gt;&lt;\/td&gt;<br \/>\n&lt;td class=&quot;text-center&quot; style=&quot;vertical-align:middle&quot;&gt;&lt;span class=&quot;text-center&quot; style=&quot;vertical-align:middle&quot;&gt;&lt;strong&gt;Oturum Y\u00fcksekli\u011fi&lt;\/strong&gt;&lt;\/span&gt;&lt;\/td&gt;<br \/>\n&lt;td class=&quot;text-center&quot; style=&quot;vertical-align:middle&quot;&gt;&lt;span class=&quot;text-center&quot; style=&quot;vertical-align:middle&quot;&gt;&lt;strong&gt;Derinlik&lt;\/strong&gt;&lt;\/span&gt;&lt;\/td&gt;<br \/>\n&lt;td class=&quot;text-center&quot; style=&quot;vertical-align:middle&quot;&gt;&lt;span class=&quot;text-center&quot; style=&quot;vertical-align:middle&quot;&gt;&lt;strong&gt;Y\u00fckseklik&lt;\/strong&gt;&lt;\/span&gt;&lt;\/td&gt;<br \/>\n&lt;\/tr&gt;<br \/>\n&lt;tr&gt;<br \/>\n&lt;td class=&quot;text-center&quot; style=&quot;vertical-align:middle&quot;&gt;\u00a0&lt;\/td&gt;<br \/>\n&lt;td class=&quot;text-center&quot; style=&quot;vertical-align:middle&quot;&gt;\u00a0&lt;\/td&gt;<br \/>\n&lt;td class=&quot;text-center&quot; style=&quot;vertical-align:middle&quot;&gt;\u00a0&lt;\/td&gt;<br \/>\n&lt;td class=&quot;text-center&quot; style=&quot;vertical-align:middle&quot;&gt;\u00a0&lt;\/td&gt;<br \/>\n&lt;\/tr&gt;<br \/>\n&lt;tr&gt;<br \/>\n&lt;td class=&quot;text-center&quot; style=&quot;vertical-align:middle&quot; colspan=&quot;4&quot;&gt;\u0130ste\u011fe \u00f6zel olarak malzeme cinsinde (ah\u015fap,boya,kuma\u015f,deri) ve \u00fcr\u00fcn \u00f6l\u00e7\u00fclerinde de\u011fi\u015fiklik yap\u0131labilir.&lt;\/td&gt;<br \/>\n&lt;\/tr&gt;<br \/>\n&lt;\/tbody&gt;<br \/>\n&lt;\/table&gt;<br \/>\n&lt;hr&gt;<\/p>\n","protected":false},"excerpt":{"rendered":"<p>Krom Kollu Metal SandalyeEn rahat metal-ah\u015fap sandalyelerimizden biri:AMS03Alt U ba\u011flarla birbirine per\u00e7inlenmi\u015f 4 metal ayak, oturma alan\u0131n\u0131n yar\u0131s\u0131 kadar uzunlukta olan klas ah\u015fap kollar ve ferah oturma alan\u0131n\u0131 kollara ba\u011flayan U metal \u00e7\u0131talar&#8230;Mutfa\u011f\u0131n\u0131za renk katacak bir \u00fcr\u00fcn.&lt;hr&gt;&lt;p&gt;&lt;img src=&quot;\/image\/urun-olculeri\/ahsap-klasik-kollu-sandalye-olculer.png&quot; style=&quot;width: 521px;&quot;&gt;&lt;br&gt;&lt;\/p&gt;&lt;p&gt;&lt;br&gt;&lt;\/p&gt;&lt;table class=&quot;table table-bordered&quot;&gt;&lt;tbody&gt;&lt;tr&gt;&lt;td&gt;Geni\u015flik&lt;\/td&gt;&lt;td&gt;&lt;br&gt;&lt;\/td&gt;&lt;\/tr&gt;&lt;tr&gt;&lt;td&gt;Oturum Y\u00fckseli\u011fi&lt;\/td&gt;&lt;td&gt;&lt;br&gt;&lt;\/td&gt;&lt;\/tr&gt;&lt;tr&gt;&lt;td&gt;Derinlik&lt;\/td&gt;&lt;td&gt;&lt;br&gt;&lt;\/td&gt;&lt;\/tr&gt;&lt;tr&gt;&lt;td&gt;Y\u00fckseklik&lt;\/td&gt;&lt;td&gt;&lt;br&gt;&lt;\/td&gt;&lt;\/tr&gt;&lt;\/tbody&gt;&lt;\/table&gt;&lt;p&gt;\u0130ste\u011fe \u00f6zel olarak malzeme cinsinde (ah\u015fap,boya,kuma\u015f,deri) ve \u00fcr\u00fcn \u00f6l\u00e7\u00fclerinde de\u011fi\u015fiklik yap\u0131labilir.&lt;\/p&gt;&lt;table class=&quot;table table-bordered&quot;&gt; [&hellip;]<\/p>\n","protected":false},"featured_media":441,"comment_status":"closed","ping_status":"open","template":"","meta":{"_joinchat":[]},"product_cat":[61],"product_tag":[],"class_list":{"0":"post-440","1":"product","2":"type-product","3":"status-publish","4":"has-post-thumbnail","6":"product_cat-metal-ahsap-sandalye","8":"first","9":"instock","10":"product-type-simple"},"_links":{"self":[{"href":"https:\/\/palmiyesusleme.com\/index.php\/wp-json\/wp\/v2\/product\/440","targetHints":{"allow":["GET"]}}],"collection":[{"href":"https:\/\/palmiyesusleme.com\/index.php\/wp-json\/wp\/v2\/product"}],"about":[{"href":"https:\/\/palmiyesusleme.com\/index.php\/wp-json\/wp\/v2\/types\/product"}],"replies":[{"embeddable":true,"href":"https:\/\/palmiyesusleme.com\/index.php\/wp-json\/wp\/v2\/comments?post=440"}],"wp:featuredmedia":[{"embeddable":true,"href":"https:\/\/palmiyesusleme.com\/index.php\/wp-json\/wp\/v2\/media\/441"}],"wp:attachment":[{"href":"https:\/\/palmiyesusleme.com\/index.php\/wp-json\/wp\/v2\/media?parent=440"}],"wp:term":[{"taxonomy":"product_cat","embeddable":true,"href":"https:\/\/palmiyesusleme.com\/index.php\/wp-json\/wp\/v2\/product_cat?post=440"},{"taxonomy":"product_tag","embeddable":true,"href":"https:\/\/palmiyesusleme.com\/index.php\/wp-json\/wp\/v2\/product_tag?post=440"}],"curies":[{"name":"wp","href":"https:\/\/api.w.org\/{rel}","templated":true}]}}