{"id":4702,"date":"2024-03-07T15:51:08","date_gmt":"2024-03-07T12:51:08","guid":{"rendered":"https:\/\/palmiyesusleme.com\/index.php\/urun\/fiyonk-kelebek-metal-kutuk-masa-ayagi-2020-trend\/"},"modified":"2024-03-07T15:51:23","modified_gmt":"2024-03-07T12:51:23","slug":"fiyonk-kelebek-metal-kutuk-masa-ayagi-2020-trend","status":"publish","type":"product","link":"https:\/\/palmiyesusleme.com\/index.php\/urun\/fiyonk-kelebek-metal-kutuk-masa-ayagi-2020-trend\/","title":{"rendered":"Fiyonk Kelebek Metal K\u00fct\u00fck Masa Aya\u011f\u0131 2020 Trend"},"content":{"rendered":"<p>Fiyonk Kelebek Metal K\u00fct\u00fck Masa Aya\u011f\u0131 2020 Trend<\/p>\n","protected":false},"excerpt":{"rendered":"<p>Fiyonk Kelebek Metal K\u00fct\u00fck Masa Aya\u011f\u0131 2020 Trend<\/p>\n","protected":false},"featured_media":4703,"comment_status":"closed","ping_status":"open","template":"","meta":{"_joinchat":[]},"product_cat":[176,75],"product_tag":[],"class_list":{"0":"post-4702","1":"product","2":"type-product","3":"status-publish","4":"has-post-thumbnail","6":"product_cat-kutuk-masa-ayaklari","7":"product_cat-paslanmaz-masa-ayaklari","9":"first","10":"instock","11":"product-type-simple"},"_links":{"self":[{"href":"https:\/\/palmiyesusleme.com\/index.php\/wp-json\/wp\/v2\/product\/4702","targetHints":{"allow":["GET"]}}],"collection":[{"href":"https:\/\/palmiyesusleme.com\/index.php\/wp-json\/wp\/v2\/product"}],"about":[{"href":"https:\/\/palmiyesusleme.com\/index.php\/wp-json\/wp\/v2\/types\/product"}],"replies":[{"embeddable":true,"href":"https:\/\/palmiyesusleme.com\/index.php\/wp-json\/wp\/v2\/comments?post=4702"}],"wp:featuredmedia":[{"embeddable":true,"href":"https:\/\/palmiyesusleme.com\/index.php\/wp-json\/wp\/v2\/media\/4703"}],"wp:attachment":[{"href":"https:\/\/palmiyesusleme.com\/index.php\/wp-json\/wp\/v2\/media?parent=4702"}],"wp:term":[{"taxonomy":"product_cat","embeddable":true,"href":"https:\/\/palmiyesusleme.com\/index.php\/wp-json\/wp\/v2\/product_cat?post=4702"},{"taxonomy":"product_tag","embeddable":true,"href":"https:\/\/palmiyesusleme.com\/index.php\/wp-json\/wp\/v2\/product_tag?post=4702"}],"curies":[{"name":"wp","href":"https:\/\/api.w.org\/{rel}","templated":true}]}}