{"id":4710,"date":"2024-03-07T15:51:08","date_gmt":"2024-03-07T12:51:08","guid":{"rendered":"https:\/\/palmiyesusleme.com\/index.php\/urun\/kaliteli-kutuk-masa-1-sinif\/"},"modified":"2024-03-07T15:51:26","modified_gmt":"2024-03-07T12:51:26","slug":"kaliteli-kutuk-masa-1-sinif","status":"publish","type":"product","link":"https:\/\/palmiyesusleme.com\/index.php\/urun\/kaliteli-kutuk-masa-1-sinif\/","title":{"rendered":"Kaliteli K\u00fct\u00fck Masa 1. S\u0131n\u0131f"},"content":{"rendered":"<p>Kaliteli K&uuml;t&uuml;k Masa 1. S\u0131n\u0131f<\/p>\n","protected":false},"excerpt":{"rendered":"<p>Kaliteli K&uuml;t&uuml;k Masa 1. S\u0131n\u0131f<\/p>\n","protected":false},"featured_media":4711,"comment_status":"closed","ping_status":"open","template":"","meta":{"_joinchat":[]},"product_cat":[177],"product_tag":[],"class_list":{"0":"post-4710","1":"product","2":"type-product","3":"status-publish","4":"has-post-thumbnail","6":"product_cat-kutuk-masalar","8":"first","9":"instock","10":"product-type-simple"},"_links":{"self":[{"href":"https:\/\/palmiyesusleme.com\/index.php\/wp-json\/wp\/v2\/product\/4710","targetHints":{"allow":["GET"]}}],"collection":[{"href":"https:\/\/palmiyesusleme.com\/index.php\/wp-json\/wp\/v2\/product"}],"about":[{"href":"https:\/\/palmiyesusleme.com\/index.php\/wp-json\/wp\/v2\/types\/product"}],"replies":[{"embeddable":true,"href":"https:\/\/palmiyesusleme.com\/index.php\/wp-json\/wp\/v2\/comments?post=4710"}],"wp:featuredmedia":[{"embeddable":true,"href":"https:\/\/palmiyesusleme.com\/index.php\/wp-json\/wp\/v2\/media\/4711"}],"wp:attachment":[{"href":"https:\/\/palmiyesusleme.com\/index.php\/wp-json\/wp\/v2\/media?parent=4710"}],"wp:term":[{"taxonomy":"product_cat","embeddable":true,"href":"https:\/\/palmiyesusleme.com\/index.php\/wp-json\/wp\/v2\/product_cat?post=4710"},{"taxonomy":"product_tag","embeddable":true,"href":"https:\/\/palmiyesusleme.com\/index.php\/wp-json\/wp\/v2\/product_tag?post=4710"}],"curies":[{"name":"wp","href":"https:\/\/api.w.org\/{rel}","templated":true}]}}