{"id":4716,"date":"2024-03-07T15:51:30","date_gmt":"2024-03-07T12:51:30","guid":{"rendered":"https:\/\/palmiyesusleme.com\/index.php\/urun\/dilim-ahsap-tablali-capraz-metal-ayakli-masa\/"},"modified":"2024-03-07T15:51:32","modified_gmt":"2024-03-07T12:51:32","slug":"dilim-ahsap-tablali-capraz-metal-ayakli-masa","status":"publish","type":"product","link":"https:\/\/palmiyesusleme.com\/index.php\/urun\/dilim-ahsap-tablali-capraz-metal-ayakli-masa\/","title":{"rendered":"Dilim Ah\u015fap Tablal\u0131 \u00c7apraz Metal Ayakl\u0131 Masa"},"content":{"rendered":"<p>Dilim Ah\u015fap Tablal\u0131 &Ccedil;apraz Metal Ayakl\u0131 Masa<\/p>\n","protected":false},"excerpt":{"rendered":"<p>Dilim Ah\u015fap Tablal\u0131 &Ccedil;apraz Metal Ayakl\u0131 Masa<\/p>\n","protected":false},"featured_media":4717,"comment_status":"closed","ping_status":"open","template":"","meta":{"_joinchat":[]},"product_cat":[177],"product_tag":[],"class_list":{"0":"post-4716","1":"product","2":"type-product","3":"status-publish","4":"has-post-thumbnail","6":"product_cat-kutuk-masalar","8":"first","9":"instock","10":"product-type-simple"},"_links":{"self":[{"href":"https:\/\/palmiyesusleme.com\/index.php\/wp-json\/wp\/v2\/product\/4716","targetHints":{"allow":["GET"]}}],"collection":[{"href":"https:\/\/palmiyesusleme.com\/index.php\/wp-json\/wp\/v2\/product"}],"about":[{"href":"https:\/\/palmiyesusleme.com\/index.php\/wp-json\/wp\/v2\/types\/product"}],"replies":[{"embeddable":true,"href":"https:\/\/palmiyesusleme.com\/index.php\/wp-json\/wp\/v2\/comments?post=4716"}],"wp:featuredmedia":[{"embeddable":true,"href":"https:\/\/palmiyesusleme.com\/index.php\/wp-json\/wp\/v2\/media\/4717"}],"wp:attachment":[{"href":"https:\/\/palmiyesusleme.com\/index.php\/wp-json\/wp\/v2\/media?parent=4716"}],"wp:term":[{"taxonomy":"product_cat","embeddable":true,"href":"https:\/\/palmiyesusleme.com\/index.php\/wp-json\/wp\/v2\/product_cat?post=4716"},{"taxonomy":"product_tag","embeddable":true,"href":"https:\/\/palmiyesusleme.com\/index.php\/wp-json\/wp\/v2\/product_tag?post=4716"}],"curies":[{"name":"wp","href":"https:\/\/api.w.org\/{rel}","templated":true}]}}