{"id":4720,"date":"2024-03-07T15:51:30","date_gmt":"2024-03-07T12:51:30","guid":{"rendered":"https:\/\/palmiyesusleme.com\/index.php\/urun\/dogal-kutuk-tablali-cilali-ahsap-fici-ayakli-dekoratif-masa\/"},"modified":"2024-03-07T15:51:34","modified_gmt":"2024-03-07T12:51:34","slug":"dogal-kutuk-tablali-cilali-ahsap-fici-ayakli-dekoratif-masa","status":"publish","type":"product","link":"https:\/\/palmiyesusleme.com\/index.php\/urun\/dogal-kutuk-tablali-cilali-ahsap-fici-ayakli-dekoratif-masa\/","title":{"rendered":"Do\u011fal K\u00fct\u00fck Tablal\u0131 Cilal\u0131 Ah\u015fap F\u0131\u00e7\u0131 Ayakl\u0131 Dekoratif Masa"},"content":{"rendered":"<p>Do\u011fal K&uuml;t&uuml;k Tablal\u0131 Cilal\u0131 Ah\u015fap F\u0131&ccedil;\u0131 Ayakl\u0131 Dekoratif Masa<\/p>\n","protected":false},"excerpt":{"rendered":"<p>Do\u011fal K&uuml;t&uuml;k Tablal\u0131 Cilal\u0131 Ah\u015fap F\u0131&ccedil;\u0131 Ayakl\u0131 Dekoratif Masa<\/p>\n","protected":false},"featured_media":4721,"comment_status":"closed","ping_status":"open","template":"","meta":{"_joinchat":[]},"product_cat":[177],"product_tag":[],"class_list":{"0":"post-4720","1":"product","2":"type-product","3":"status-publish","4":"has-post-thumbnail","6":"product_cat-kutuk-masalar","8":"first","9":"instock","10":"product-type-simple"},"_links":{"self":[{"href":"https:\/\/palmiyesusleme.com\/index.php\/wp-json\/wp\/v2\/product\/4720","targetHints":{"allow":["GET"]}}],"collection":[{"href":"https:\/\/palmiyesusleme.com\/index.php\/wp-json\/wp\/v2\/product"}],"about":[{"href":"https:\/\/palmiyesusleme.com\/index.php\/wp-json\/wp\/v2\/types\/product"}],"replies":[{"embeddable":true,"href":"https:\/\/palmiyesusleme.com\/index.php\/wp-json\/wp\/v2\/comments?post=4720"}],"wp:featuredmedia":[{"embeddable":true,"href":"https:\/\/palmiyesusleme.com\/index.php\/wp-json\/wp\/v2\/media\/4721"}],"wp:attachment":[{"href":"https:\/\/palmiyesusleme.com\/index.php\/wp-json\/wp\/v2\/media?parent=4720"}],"wp:term":[{"taxonomy":"product_cat","embeddable":true,"href":"https:\/\/palmiyesusleme.com\/index.php\/wp-json\/wp\/v2\/product_cat?post=4720"},{"taxonomy":"product_tag","embeddable":true,"href":"https:\/\/palmiyesusleme.com\/index.php\/wp-json\/wp\/v2\/product_tag?post=4720"}],"curies":[{"name":"wp","href":"https:\/\/api.w.org\/{rel}","templated":true}]}}