{"id":4722,"date":"2024-03-07T15:51:30","date_gmt":"2024-03-07T12:51:30","guid":{"rendered":"https:\/\/palmiyesusleme.com\/index.php\/urun\/ekonomik-4-6-kisilik-torna-retro-ayakli-ucuz-dogal-kutuk-masa\/"},"modified":"2024-03-07T15:51:35","modified_gmt":"2024-03-07T12:51:35","slug":"ekonomik-4-6-kisilik-torna-retro-ayakli-ucuz-dogal-kutuk-masa","status":"publish","type":"product","link":"https:\/\/palmiyesusleme.com\/index.php\/urun\/ekonomik-4-6-kisilik-torna-retro-ayakli-ucuz-dogal-kutuk-masa\/","title":{"rendered":"Ekonomik 4-6 Ki\u015filik Torna Retro Ayakl\u0131 Ucuz Do\u011fal K\u00fct\u00fck Masa"},"content":{"rendered":"<p>Ekonomik 4-6 Ki\u015filik Torna Retro Ayakl\u0131 Ucuz Do\u011fal K&uuml;t&uuml;k Masa<\/p>\n","protected":false},"excerpt":{"rendered":"<p>Ekonomik 4-6 Ki\u015filik Torna Retro Ayakl\u0131 Ucuz Do\u011fal K&uuml;t&uuml;k Masa<\/p>\n","protected":false},"featured_media":4723,"comment_status":"closed","ping_status":"open","template":"","meta":{"_joinchat":[]},"product_cat":[177],"product_tag":[],"class_list":{"0":"post-4722","1":"product","2":"type-product","3":"status-publish","4":"has-post-thumbnail","6":"product_cat-kutuk-masalar","8":"first","9":"instock","10":"product-type-simple"},"_links":{"self":[{"href":"https:\/\/palmiyesusleme.com\/index.php\/wp-json\/wp\/v2\/product\/4722","targetHints":{"allow":["GET"]}}],"collection":[{"href":"https:\/\/palmiyesusleme.com\/index.php\/wp-json\/wp\/v2\/product"}],"about":[{"href":"https:\/\/palmiyesusleme.com\/index.php\/wp-json\/wp\/v2\/types\/product"}],"replies":[{"embeddable":true,"href":"https:\/\/palmiyesusleme.com\/index.php\/wp-json\/wp\/v2\/comments?post=4722"}],"wp:featuredmedia":[{"embeddable":true,"href":"https:\/\/palmiyesusleme.com\/index.php\/wp-json\/wp\/v2\/media\/4723"}],"wp:attachment":[{"href":"https:\/\/palmiyesusleme.com\/index.php\/wp-json\/wp\/v2\/media?parent=4722"}],"wp:term":[{"taxonomy":"product_cat","embeddable":true,"href":"https:\/\/palmiyesusleme.com\/index.php\/wp-json\/wp\/v2\/product_cat?post=4722"},{"taxonomy":"product_tag","embeddable":true,"href":"https:\/\/palmiyesusleme.com\/index.php\/wp-json\/wp\/v2\/product_tag?post=4722"}],"curies":[{"name":"wp","href":"https:\/\/api.w.org\/{rel}","templated":true}]}}