{"id":4724,"date":"2024-03-07T15:51:30","date_gmt":"2024-03-07T12:51:30","guid":{"rendered":"https:\/\/palmiyesusleme.com\/index.php\/urun\/ahsap-kutuk-tablali-dis-mekan-bahce-kutuk-masa-1-kalite\/"},"modified":"2024-03-07T15:51:36","modified_gmt":"2024-03-07T12:51:36","slug":"ahsap-kutuk-tablali-dis-mekan-bahce-kutuk-masa-1-kalite","status":"publish","type":"product","link":"https:\/\/palmiyesusleme.com\/index.php\/urun\/ahsap-kutuk-tablali-dis-mekan-bahce-kutuk-masa-1-kalite\/","title":{"rendered":"Ah\u015fap K\u00fct\u00fck Tablal\u0131 D\u0131\u015f Mekan Bah\u00e7e K\u00fct\u00fck Masa 1. Kalite"},"content":{"rendered":"<p>Ah\u015fap K\u00fct\u00fck Tablal\u0131 D\u0131\u015f Mekan Bah\u00e7e K\u00fct\u00fck Masa 1. Kalite<\/p>\n","protected":false},"excerpt":{"rendered":"<p>Ah\u015fap K\u00fct\u00fck Tablal\u0131 D\u0131\u015f Mekan Bah\u00e7e K\u00fct\u00fck Masa 1. Kalite<\/p>\n","protected":false},"featured_media":4725,"comment_status":"closed","ping_status":"open","template":"","meta":{"_joinchat":[]},"product_cat":[177],"product_tag":[],"class_list":{"0":"post-4724","1":"product","2":"type-product","3":"status-publish","4":"has-post-thumbnail","6":"product_cat-kutuk-masalar","8":"first","9":"instock","10":"product-type-simple"},"_links":{"self":[{"href":"https:\/\/palmiyesusleme.com\/index.php\/wp-json\/wp\/v2\/product\/4724","targetHints":{"allow":["GET"]}}],"collection":[{"href":"https:\/\/palmiyesusleme.com\/index.php\/wp-json\/wp\/v2\/product"}],"about":[{"href":"https:\/\/palmiyesusleme.com\/index.php\/wp-json\/wp\/v2\/types\/product"}],"replies":[{"embeddable":true,"href":"https:\/\/palmiyesusleme.com\/index.php\/wp-json\/wp\/v2\/comments?post=4724"}],"wp:featuredmedia":[{"embeddable":true,"href":"https:\/\/palmiyesusleme.com\/index.php\/wp-json\/wp\/v2\/media\/4725"}],"wp:attachment":[{"href":"https:\/\/palmiyesusleme.com\/index.php\/wp-json\/wp\/v2\/media?parent=4724"}],"wp:term":[{"taxonomy":"product_cat","embeddable":true,"href":"https:\/\/palmiyesusleme.com\/index.php\/wp-json\/wp\/v2\/product_cat?post=4724"},{"taxonomy":"product_tag","embeddable":true,"href":"https:\/\/palmiyesusleme.com\/index.php\/wp-json\/wp\/v2\/product_tag?post=4724"}],"curies":[{"name":"wp","href":"https:\/\/api.w.org\/{rel}","templated":true}]}}