{"id":4824,"date":"2024-03-07T15:52:14","date_gmt":"2024-03-07T12:52:14","guid":{"rendered":"https:\/\/palmiyesusleme.com\/index.php\/urun\/cam-ahsap-yuvarlak-tablali-ozel-ayakli-bistro-masa\/"},"modified":"2024-03-07T15:52:30","modified_gmt":"2024-03-07T12:52:30","slug":"cam-ahsap-yuvarlak-tablali-ozel-ayakli-bistro-masa","status":"publish","type":"product","link":"https:\/\/palmiyesusleme.com\/index.php\/urun\/cam-ahsap-yuvarlak-tablali-ozel-ayakli-bistro-masa\/","title":{"rendered":"\u00c7am Ah\u015fap Yuvarlak Tablal\u0131 \u00d6zel Ayakl\u0131 Bistro Masa"},"content":{"rendered":"<p>&Ccedil;am Ah\u015fap Yuvarlak Tablal\u0131 &Ouml;zel Ayakl\u0131 Bistro Masa&lt;hr&gt;&Ccedil;am Ah\u015fap Yuvarlak Tablal\u0131 &Ouml;zel Ayakl\u0131 Bistro Masa<\/p>\n","protected":false},"excerpt":{"rendered":"<p>&Ccedil;am Ah\u015fap Yuvarlak Tablal\u0131 &Ouml;zel Ayakl\u0131 Bistro Masa&lt;hr&gt;&Ccedil;am Ah\u015fap Yuvarlak Tablal\u0131 &Ouml;zel Ayakl\u0131 Bistro Masa<\/p>\n","protected":false},"featured_media":4825,"comment_status":"closed","ping_status":"open","template":"","meta":{"_joinchat":[]},"product_cat":[93,65],"product_tag":[],"class_list":{"0":"post-4824","1":"product","2":"type-product","3":"status-publish","4":"has-post-thumbnail","6":"product_cat-bistro-masa","7":"product_cat-metal-ayakli-yuvarlak-masa","9":"first","10":"instock","11":"product-type-simple"},"_links":{"self":[{"href":"https:\/\/palmiyesusleme.com\/index.php\/wp-json\/wp\/v2\/product\/4824","targetHints":{"allow":["GET"]}}],"collection":[{"href":"https:\/\/palmiyesusleme.com\/index.php\/wp-json\/wp\/v2\/product"}],"about":[{"href":"https:\/\/palmiyesusleme.com\/index.php\/wp-json\/wp\/v2\/types\/product"}],"replies":[{"embeddable":true,"href":"https:\/\/palmiyesusleme.com\/index.php\/wp-json\/wp\/v2\/comments?post=4824"}],"wp:featuredmedia":[{"embeddable":true,"href":"https:\/\/palmiyesusleme.com\/index.php\/wp-json\/wp\/v2\/media\/4825"}],"wp:attachment":[{"href":"https:\/\/palmiyesusleme.com\/index.php\/wp-json\/wp\/v2\/media?parent=4824"}],"wp:term":[{"taxonomy":"product_cat","embeddable":true,"href":"https:\/\/palmiyesusleme.com\/index.php\/wp-json\/wp\/v2\/product_cat?post=4824"},{"taxonomy":"product_tag","embeddable":true,"href":"https:\/\/palmiyesusleme.com\/index.php\/wp-json\/wp\/v2\/product_tag?post=4824"}],"curies":[{"name":"wp","href":"https:\/\/api.w.org\/{rel}","templated":true}]}}