{"id":4937,"date":"2024-03-07T15:53:21","date_gmt":"2024-03-07T12:53:21","guid":{"rendered":"https:\/\/palmiyesusleme.com\/index.php\/urun\/yuvarlak-tablali-ortasi-aynali-torna-ayakli-ozel-uretim-klasik-masa\/"},"modified":"2024-03-07T15:53:32","modified_gmt":"2024-03-07T12:53:32","slug":"yuvarlak-tablali-ortasi-aynali-torna-ayakli-ozel-uretim-klasik-masa","status":"publish","type":"product","link":"https:\/\/palmiyesusleme.com\/index.php\/urun\/yuvarlak-tablali-ortasi-aynali-torna-ayakli-ozel-uretim-klasik-masa\/","title":{"rendered":"Yuvarlak Tablal\u0131 Ortas\u0131 Aynal\u0131 Torna Ayakl\u0131 \u00d6zel \u00dcretim Klasik Masa"},"content":{"rendered":"<p>Yuvarlak Tablal\u0131 Ortas\u0131 Aynal\u0131 Torna Ayakl\u0131 &Ouml;zel &Uuml;retim Klasik Masa ile ofislerinize ve &ouml;zel mekanlar\u0131n\u0131za g&uuml;zellik kat\u0131n.&lt;hr&gt;Yuvarlak Tablal\u0131 Ortas\u0131 Aynal\u0131 Torna Ayakl\u0131 &Ouml;zel &Uuml;retim Klasik Masa<\/p>\n","protected":false},"excerpt":{"rendered":"<p>Yuvarlak Tablal\u0131 Ortas\u0131 Aynal\u0131 Torna Ayakl\u0131 &Ouml;zel &Uuml;retim Klasik Masa ile ofislerinize ve &ouml;zel mekanlar\u0131n\u0131za g&uuml;zellik kat\u0131n.&lt;hr&gt;Yuvarlak Tablal\u0131 Ortas\u0131 Aynal\u0131 Torna Ayakl\u0131 &Ouml;zel &Uuml;retim Klasik Masa<\/p>\n","protected":false},"featured_media":4938,"comment_status":"closed","ping_status":"open","template":"","meta":{"_joinchat":[]},"product_cat":[158,81],"product_tag":[],"class_list":{"0":"post-4937","1":"product","2":"type-product","3":"status-publish","4":"has-post-thumbnail","6":"product_cat-ahsap-klasik-masa","7":"product_cat-avangard-masa","9":"first","10":"instock","11":"product-type-simple"},"_links":{"self":[{"href":"https:\/\/palmiyesusleme.com\/index.php\/wp-json\/wp\/v2\/product\/4937","targetHints":{"allow":["GET"]}}],"collection":[{"href":"https:\/\/palmiyesusleme.com\/index.php\/wp-json\/wp\/v2\/product"}],"about":[{"href":"https:\/\/palmiyesusleme.com\/index.php\/wp-json\/wp\/v2\/types\/product"}],"replies":[{"embeddable":true,"href":"https:\/\/palmiyesusleme.com\/index.php\/wp-json\/wp\/v2\/comments?post=4937"}],"wp:featuredmedia":[{"embeddable":true,"href":"https:\/\/palmiyesusleme.com\/index.php\/wp-json\/wp\/v2\/media\/4938"}],"wp:attachment":[{"href":"https:\/\/palmiyesusleme.com\/index.php\/wp-json\/wp\/v2\/media?parent=4937"}],"wp:term":[{"taxonomy":"product_cat","embeddable":true,"href":"https:\/\/palmiyesusleme.com\/index.php\/wp-json\/wp\/v2\/product_cat?post=4937"},{"taxonomy":"product_tag","embeddable":true,"href":"https:\/\/palmiyesusleme.com\/index.php\/wp-json\/wp\/v2\/product_tag?post=4937"}],"curies":[{"name":"wp","href":"https:\/\/api.w.org\/{rel}","templated":true}]}}