{"id":4947,"date":"2024-03-07T15:53:21","date_gmt":"2024-03-07T12:53:21","guid":{"rendered":"https:\/\/palmiyesusleme.com\/index.php\/urun\/laminat-monoblok-metal-ayakli-sandalye\/"},"modified":"2024-03-07T15:53:37","modified_gmt":"2024-03-07T12:53:37","slug":"laminat-monoblok-metal-ayakli-sandalye","status":"publish","type":"product","link":"https:\/\/palmiyesusleme.com\/index.php\/urun\/laminat-monoblok-metal-ayakli-sandalye\/","title":{"rendered":"Laminat Monoblok Metal Ayakl\u0131 Sandalye"},"content":{"rendered":"<p>Sandalyemizin tasvirinden evvel birka&ccedil; temel bilgi vermek isteriz:Monoblok; tek par&ccedil;a halinde olan, tek g&ouml;vdeli anlam\u0131na gelen Frans\u0131zca bir kelimedir.Laminat ise k\u0131saca yapay re&ccedil;ine s\u0131v\u0131s\u0131 emdirilmi\u015f ka\u011f\u0131tlar\u0131n &uuml;st &uuml;ste konulmas\u0131 ve s\u0131cak presle s\u0131k\u0131\u015ft\u0131r\u0131lmas\u0131 sonucu  elde  edilen bir &uuml;r&uuml;nd&uuml;r.Avantajlar\u0131 ise;*kolay temizlenebilmesi*zor &ccedil;izilmesi*a&lt;hr&gt;&lt;table class=&quot;table table-bordered table-condensed table-striped&quot;&gt;<br \/>\n&lt;caption class=&quot;text-center&quot;&gt;&lt;img src=&quot;image\/catalog\/olcuresimsablon\/klasik-sandalye-olcu-resim-yeni.png&quot; alt=&quot;Sandalye &Ouml;l&ccedil;&uuml;&quot;&gt;&lt;\/caption&gt;<br \/>\n&lt;tbody&gt;<br \/>\n&lt;tr&gt;<br \/>\n&lt;td class=&quot;text-center&quot;&gt;&lt;span class=&quot;text-center&quot; style=&quot;vertical-align: middle;&quot;&gt;&lt;strong&gt;Geni\u015flik&lt;\/strong&gt;&lt;\/span&gt;&lt;\/td&gt;<br \/>\n&lt;td class=&quot;text-center&quot;&gt;&lt;span class=&quot;text-center&quot; style=&quot;vertical-align: middle;&quot;&gt;&lt;strong&gt;Oturum Y&uuml;ksekli\u011fi&lt;\/strong&gt;&lt;\/span&gt;&lt;\/td&gt;<br \/>\n&lt;td class=&quot;text-center&quot;&gt;&lt;span class=&quot;text-center&quot; style=&quot;vertical-align: middle;&quot;&gt;&lt;strong&gt;Derinlik&lt;\/strong&gt;&lt;\/span&gt;&lt;\/td&gt;<br \/>\n&lt;td class=&quot;text-center&quot;&gt;&lt;span class=&quot;text-center&quot; style=&quot;vertical-align: middle;&quot;&gt;&lt;strong&gt;Y&uuml;kseklik&lt;\/strong&gt;&lt;\/span&gt;&lt;\/td&gt;<br \/>\n&lt;\/tr&gt;<br \/>\n&lt;tr&gt;<br \/>\n&lt;td class=&quot;text-center&quot;&gt;Sorunuz&lt;\/td&gt;<br \/>\n&lt;td class=&quot;text-center&quot;&gt;Sorunuz&lt;\/td&gt;<br \/>\n&lt;td class=&quot;text-center&quot;&gt;Sorunuz&lt;\/td&gt;<br \/>\n&lt;td class=&quot;text-center&quot;&gt;Sorunuz&lt;\/td&gt;<br \/>\n&lt;\/tr&gt;<br \/>\n&lt;tr&gt;<br \/>\n&lt;td class=&quot;text-center&quot; colspan=&quot;4&quot;&gt;\u0130ste\u011fe &ouml;zel olarak malzeme cinsinde (ah\u015fap,boya,kuma\u015f,deri) ve &uuml;r&uuml;n &ouml;l&ccedil;&uuml;lerinde de\u011fi\u015fiklik yap\u0131labilir.&lt;br&gt;&lt;\/td&gt;<br \/>\n&lt;\/tr&gt;<br \/>\n&lt;\/tbody&gt;<br \/>\n&lt;\/table&gt;<\/p>\n","protected":false},"excerpt":{"rendered":"<p>Sandalyemizin tasvirinden evvel birka&ccedil; temel bilgi vermek isteriz:Monoblok; tek par&ccedil;a halinde olan, tek g&ouml;vdeli anlam\u0131na gelen Frans\u0131zca bir kelimedir.Laminat ise k\u0131saca yapay re&ccedil;ine s\u0131v\u0131s\u0131 emdirilmi\u015f ka\u011f\u0131tlar\u0131n &uuml;st &uuml;ste konulmas\u0131 ve s\u0131cak presle s\u0131k\u0131\u015ft\u0131r\u0131lmas\u0131 sonucu elde edilen bir &uuml;r&uuml;nd&uuml;r.Avantajlar\u0131 ise;*kolay temizlenebilmesi*zor &ccedil;izilmesi*a&lt;hr&gt;&lt;table class=&quot;table table-bordered table-condensed table-striped&quot;&gt; &lt;caption class=&quot;text-center&quot;&gt;&lt;img src=&quot;image\/catalog\/olcuresimsablon\/klasik-sandalye-olcu-resim-yeni.png&quot; alt=&quot;Sandalye &Ouml;l&ccedil;&uuml;&quot;&gt;&lt;\/caption&gt; &lt;tbody&gt; &lt;tr&gt; &lt;td class=&quot;text-center&quot;&gt;&lt;span class=&quot;text-center&quot; [&hellip;]<\/p>\n","protected":false},"featured_media":2555,"comment_status":"closed","ping_status":"open","template":"","meta":{"_joinchat":[]},"product_cat":[127,129,130,63,62,128,36,148],"product_tag":[],"class_list":{"0":"post-4947","1":"product","2":"type-product","3":"status-publish","4":"has-post-thumbnail","6":"product_cat-ahsap-lamine-sandalye","7":"product_cat-ahsap-mutfak-sandalyesi","8":"product_cat-hastane-sandalyeleri","9":"product_cat-lokanta-sandalyeleri","10":"product_cat-metal-sandalye","11":"product_cat-monoblok-sandalye","12":"product_cat-sandalye-modelleri","13":"product_cat-yemekhane-sandalyesi","15":"first","16":"instock","17":"product-type-simple"},"_links":{"self":[{"href":"https:\/\/palmiyesusleme.com\/index.php\/wp-json\/wp\/v2\/product\/4947","targetHints":{"allow":["GET"]}}],"collection":[{"href":"https:\/\/palmiyesusleme.com\/index.php\/wp-json\/wp\/v2\/product"}],"about":[{"href":"https:\/\/palmiyesusleme.com\/index.php\/wp-json\/wp\/v2\/types\/product"}],"replies":[{"embeddable":true,"href":"https:\/\/palmiyesusleme.com\/index.php\/wp-json\/wp\/v2\/comments?post=4947"}],"wp:featuredmedia":[{"embeddable":true,"href":"https:\/\/palmiyesusleme.com\/index.php\/wp-json\/wp\/v2\/media\/2555"}],"wp:attachment":[{"href":"https:\/\/palmiyesusleme.com\/index.php\/wp-json\/wp\/v2\/media?parent=4947"}],"wp:term":[{"taxonomy":"product_cat","embeddable":true,"href":"https:\/\/palmiyesusleme.com\/index.php\/wp-json\/wp\/v2\/product_cat?post=4947"},{"taxonomy":"product_tag","embeddable":true,"href":"https:\/\/palmiyesusleme.com\/index.php\/wp-json\/wp\/v2\/product_tag?post=4947"}],"curies":[{"name":"wp","href":"https:\/\/api.w.org\/{rel}","templated":true}]}}