{"id":4958,"date":"2024-03-07T15:53:41","date_gmt":"2024-03-07T12:53:41","guid":{"rendered":"https:\/\/palmiyesusleme.com\/index.php\/urun\/beyaz-lamine-sandalye\/"},"modified":"2024-03-07T15:53:45","modified_gmt":"2024-03-07T12:53:45","slug":"beyaz-lamine-sandalye","status":"publish","type":"product","link":"https:\/\/palmiyesusleme.com\/index.php\/urun\/beyaz-lamine-sandalye\/","title":{"rendered":"Beyaz Lamine Sandalye"},"content":{"rendered":"<p>Lamine, de\u011fi\u015fik \u00f6l\u00e7\u00fclerdeki ba\u011f\u0131ms\u0131z ah\u015fap tabakalar\u0131n, kontroll\u00fc end\u00fcstri ko\u015fullar\u0131nda ve \u00f6zel ba\u011flay\u0131c\u0131larla tutkallan\u0131p birle\u015ftirilmesinden olu\u015fur. LMS144 sandalyemiz ise beyaz lamine ah\u015fab\u0131n krom ayaklarla m\u00fckemmel ahengi ile \u00f6ne \u00e7\u0131k\u0131yor.Mutfa\u011f\u0131n\u0131z\/Yemekhaneniz i\u00e7in bi\u00e7ilmi\u015f kaftan.&lt;hr&gt;&lt;table class=&quot;table table-bordered table-condensed table-striped&quot;&gt;<br \/>\n&lt;caption class=&quot;text-center&quot;&gt;&lt;img src=&quot;image\/catalog\/olcuresimsablon\/klasik-sandalye-olcu-resim-yeni.png&quot; alt=&quot;Sandalye \u00d6l\u00e7\u00fc&quot;&gt;&lt;\/caption&gt;<br \/>\n&lt;tbody&gt;<br \/>\n&lt;tr&gt;<br \/>\n&lt;td class=&quot;text-center&quot;&gt;&lt;span class=&quot;text-center&quot; style=&quot;vertical-align: middle;&quot;&gt;&lt;strong&gt;Geni\u015flik&lt;\/strong&gt;&lt;\/span&gt;&lt;\/td&gt;<br \/>\n&lt;td class=&quot;text-center&quot;&gt;&lt;span class=&quot;text-center&quot; style=&quot;vertical-align: middle;&quot;&gt;&lt;strong&gt;Oturum Y\u00fcksekli\u011fi&lt;\/strong&gt;&lt;\/span&gt;&lt;\/td&gt;<br \/>\n&lt;td class=&quot;text-center&quot;&gt;&lt;span class=&quot;text-center&quot; style=&quot;vertical-align: middle;&quot;&gt;&lt;strong&gt;Derinlik&lt;\/strong&gt;&lt;\/span&gt;&lt;\/td&gt;<br \/>\n&lt;td class=&quot;text-center&quot;&gt;&lt;span class=&quot;text-center&quot; style=&quot;vertical-align: middle;&quot;&gt;&lt;strong&gt;Y\u00fckseklik&lt;\/strong&gt;&lt;\/span&gt;&lt;\/td&gt;<br \/>\n&lt;\/tr&gt;<br \/>\n&lt;tr&gt;<br \/>\n&lt;td class=&quot;text-center&quot;&gt;Sorunuz&lt;\/td&gt;<br \/>\n&lt;td class=&quot;text-center&quot;&gt;Sorunuz&lt;\/td&gt;<br \/>\n&lt;td class=&quot;text-center&quot;&gt;Sorunuz&lt;\/td&gt;<br \/>\n&lt;td class=&quot;text-center&quot;&gt;Sorunuz&lt;\/td&gt;<br \/>\n&lt;\/tr&gt;<br \/>\n&lt;tr&gt;<br \/>\n&lt;td class=&quot;text-center&quot; colspan=&quot;4&quot;&gt;\u0130ste\u011fe \u00f6zel olarak malzeme cinsinde (ah\u015fap,boya,kuma\u015f,deri) ve \u00fcr\u00fcn \u00f6l\u00e7\u00fclerinde de\u011fi\u015fiklik yap\u0131labilir.&lt;br&gt;&lt;\/td&gt;<br \/>\n&lt;\/tr&gt;<br \/>\n&lt;\/tbody&gt;<br \/>\n&lt;\/table&gt;<\/p>\n","protected":false},"excerpt":{"rendered":"<p>Lamine, de\u011fi\u015fik \u00f6l\u00e7\u00fclerdeki ba\u011f\u0131ms\u0131z ah\u015fap tabakalar\u0131n, kontroll\u00fc end\u00fcstri ko\u015fullar\u0131nda ve \u00f6zel ba\u011flay\u0131c\u0131larla tutkallan\u0131p birle\u015ftirilmesinden olu\u015fur. LMS144 sandalyemiz ise beyaz lamine ah\u015fab\u0131n krom ayaklarla m\u00fckemmel ahengi ile \u00f6ne \u00e7\u0131k\u0131yor.Mutfa\u011f\u0131n\u0131z\/Yemekhaneniz i\u00e7in bi\u00e7ilmi\u015f kaftan.&lt;hr&gt;&lt;table class=&quot;table table-bordered table-condensed table-striped&quot;&gt; &lt;caption class=&quot;text-center&quot;&gt;&lt;img src=&quot;image\/catalog\/olcuresimsablon\/klasik-sandalye-olcu-resim-yeni.png&quot; alt=&quot;Sandalye \u00d6l\u00e7\u00fc&quot;&gt;&lt;\/caption&gt; &lt;tbody&gt; &lt;tr&gt; &lt;td class=&quot;text-center&quot;&gt;&lt;span class=&quot;text-center&quot; style=&quot;vertical-align: middle;&quot;&gt;&lt;strong&gt;Geni\u015flik&lt;\/strong&gt;&lt;\/span&gt;&lt;\/td&gt; &lt;td class=&quot;text-center&quot;&gt;&lt;span class=&quot;text-center&quot; style=&quot;vertical-align: middle;&quot;&gt;&lt;strong&gt;Oturum Y\u00fcksekli\u011fi&lt;\/strong&gt;&lt;\/span&gt;&lt;\/td&gt; &lt;td class=&quot;text-center&quot;&gt;&lt;span [&hellip;]<\/p>\n","protected":false},"featured_media":3054,"comment_status":"closed","ping_status":"open","template":"","meta":{"_joinchat":[]},"product_cat":[127,129,130,63,62,128,36,148],"product_tag":[],"class_list":{"0":"post-4958","1":"product","2":"type-product","3":"status-publish","4":"has-post-thumbnail","6":"product_cat-ahsap-lamine-sandalye","7":"product_cat-ahsap-mutfak-sandalyesi","8":"product_cat-hastane-sandalyeleri","9":"product_cat-lokanta-sandalyeleri","10":"product_cat-metal-sandalye","11":"product_cat-monoblok-sandalye","12":"product_cat-sandalye-modelleri","13":"product_cat-yemekhane-sandalyesi","15":"first","16":"instock","17":"product-type-simple"},"_links":{"self":[{"href":"https:\/\/palmiyesusleme.com\/index.php\/wp-json\/wp\/v2\/product\/4958","targetHints":{"allow":["GET"]}}],"collection":[{"href":"https:\/\/palmiyesusleme.com\/index.php\/wp-json\/wp\/v2\/product"}],"about":[{"href":"https:\/\/palmiyesusleme.com\/index.php\/wp-json\/wp\/v2\/types\/product"}],"replies":[{"embeddable":true,"href":"https:\/\/palmiyesusleme.com\/index.php\/wp-json\/wp\/v2\/comments?post=4958"}],"wp:featuredmedia":[{"embeddable":true,"href":"https:\/\/palmiyesusleme.com\/index.php\/wp-json\/wp\/v2\/media\/3054"}],"wp:attachment":[{"href":"https:\/\/palmiyesusleme.com\/index.php\/wp-json\/wp\/v2\/media?parent=4958"}],"wp:term":[{"taxonomy":"product_cat","embeddable":true,"href":"https:\/\/palmiyesusleme.com\/index.php\/wp-json\/wp\/v2\/product_cat?post=4958"},{"taxonomy":"product_tag","embeddable":true,"href":"https:\/\/palmiyesusleme.com\/index.php\/wp-json\/wp\/v2\/product_tag?post=4958"}],"curies":[{"name":"wp","href":"https:\/\/api.w.org\/{rel}","templated":true}]}}