{"id":4987,"date":"2024-03-07T15:54:03","date_gmt":"2024-03-07T12:54:03","guid":{"rendered":"https:\/\/palmiyesusleme.com\/index.php\/urun\/monoblok-sirt-ve-oturma-yuzeyi-metal-iskeletli-metal-sandalye\/"},"modified":"2024-03-07T15:54:03","modified_gmt":"2024-03-07T12:54:03","slug":"monoblok-sirt-ve-oturma-yuzeyi-metal-iskeletli-metal-sandalye","status":"publish","type":"product","link":"https:\/\/palmiyesusleme.com\/index.php\/urun\/monoblok-sirt-ve-oturma-yuzeyi-metal-iskeletli-metal-sandalye\/","title":{"rendered":"Monoblok S\u0131rt ve Oturma Y\u00fczeyi Metal \u0130skeletli Metal Sandalye"},"content":{"rendered":"<p>Monoblok S\u0131rt ve Oturma Y\u00fczeyi Metal \u0130skeletli Metal Sandalye<\/p>\n","protected":false},"excerpt":{"rendered":"<p>Monoblok S\u0131rt ve Oturma Y\u00fczeyi Metal \u0130skeletli Metal Sandalye<\/p>\n","protected":false},"featured_media":4988,"comment_status":"closed","ping_status":"open","template":"","meta":{"_joinchat":[]},"product_cat":[128],"product_tag":[],"class_list":{"0":"post-4987","1":"product","2":"type-product","3":"status-publish","4":"has-post-thumbnail","6":"product_cat-monoblok-sandalye","8":"first","9":"instock","10":"product-type-simple"},"_links":{"self":[{"href":"https:\/\/palmiyesusleme.com\/index.php\/wp-json\/wp\/v2\/product\/4987","targetHints":{"allow":["GET"]}}],"collection":[{"href":"https:\/\/palmiyesusleme.com\/index.php\/wp-json\/wp\/v2\/product"}],"about":[{"href":"https:\/\/palmiyesusleme.com\/index.php\/wp-json\/wp\/v2\/types\/product"}],"replies":[{"embeddable":true,"href":"https:\/\/palmiyesusleme.com\/index.php\/wp-json\/wp\/v2\/comments?post=4987"}],"wp:featuredmedia":[{"embeddable":true,"href":"https:\/\/palmiyesusleme.com\/index.php\/wp-json\/wp\/v2\/media\/4988"}],"wp:attachment":[{"href":"https:\/\/palmiyesusleme.com\/index.php\/wp-json\/wp\/v2\/media?parent=4987"}],"wp:term":[{"taxonomy":"product_cat","embeddable":true,"href":"https:\/\/palmiyesusleme.com\/index.php\/wp-json\/wp\/v2\/product_cat?post=4987"},{"taxonomy":"product_tag","embeddable":true,"href":"https:\/\/palmiyesusleme.com\/index.php\/wp-json\/wp\/v2\/product_tag?post=4987"}],"curies":[{"name":"wp","href":"https:\/\/api.w.org\/{rel}","templated":true}]}}