{"id":5066,"date":"2024-03-07T15:54:45","date_gmt":"2024-03-07T12:54:45","guid":{"rendered":"https:\/\/palmiyesusleme.com\/index.php\/urun\/beyaz-suni-deri-dosemeli-bar-taburesi-bar-sandalyesi\/"},"modified":"2024-03-07T15:54:46","modified_gmt":"2024-03-07T12:54:46","slug":"beyaz-suni-deri-dosemeli-bar-taburesi-bar-sandalyesi","status":"publish","type":"product","link":"https:\/\/palmiyesusleme.com\/index.php\/urun\/beyaz-suni-deri-dosemeli-bar-taburesi-bar-sandalyesi\/","title":{"rendered":"Beyaz Suni Deri D\u00f6\u015femeli Bar Taburesi Bar Sandalyesi"},"content":{"rendered":"<p>&lt;p&gt;Beyaz Suni Deri D&ouml;\u015femeli Bar Taburesi Bar Sandalyesi&lt;br&gt;&lt;\/p&gt;<\/p>\n","protected":false},"excerpt":{"rendered":"<p>&lt;p&gt;Beyaz Suni Deri D&ouml;\u015femeli Bar Taburesi Bar Sandalyesi&lt;br&gt;&lt;\/p&gt;<\/p>\n","protected":false},"featured_media":5067,"comment_status":"closed","ping_status":"open","template":"","meta":{"_joinchat":[]},"product_cat":[35,180,50],"product_tag":[],"class_list":{"0":"post-5066","1":"product","2":"type-product","3":"status-publish","4":"has-post-thumbnail","6":"product_cat-bar-sandalye","7":"product_cat-krom-metal-bar-sandalye","8":"product_cat-metal-bar-sandalyeleri","10":"first","11":"instock","12":"product-type-simple"},"_links":{"self":[{"href":"https:\/\/palmiyesusleme.com\/index.php\/wp-json\/wp\/v2\/product\/5066","targetHints":{"allow":["GET"]}}],"collection":[{"href":"https:\/\/palmiyesusleme.com\/index.php\/wp-json\/wp\/v2\/product"}],"about":[{"href":"https:\/\/palmiyesusleme.com\/index.php\/wp-json\/wp\/v2\/types\/product"}],"replies":[{"embeddable":true,"href":"https:\/\/palmiyesusleme.com\/index.php\/wp-json\/wp\/v2\/comments?post=5066"}],"wp:featuredmedia":[{"embeddable":true,"href":"https:\/\/palmiyesusleme.com\/index.php\/wp-json\/wp\/v2\/media\/5067"}],"wp:attachment":[{"href":"https:\/\/palmiyesusleme.com\/index.php\/wp-json\/wp\/v2\/media?parent=5066"}],"wp:term":[{"taxonomy":"product_cat","embeddable":true,"href":"https:\/\/palmiyesusleme.com\/index.php\/wp-json\/wp\/v2\/product_cat?post=5066"},{"taxonomy":"product_tag","embeddable":true,"href":"https:\/\/palmiyesusleme.com\/index.php\/wp-json\/wp\/v2\/product_tag?post=5066"}],"curies":[{"name":"wp","href":"https:\/\/api.w.org\/{rel}","templated":true}]}}