{"id":5068,"date":"2024-03-07T15:54:45","date_gmt":"2024-03-07T12:54:45","guid":{"rendered":"https:\/\/palmiyesusleme.com\/index.php\/urun\/deri-dosemeli-oturma-yuzeyi-bar-taburesi\/"},"modified":"2024-03-07T15:54:47","modified_gmt":"2024-03-07T12:54:47","slug":"deri-dosemeli-oturma-yuzeyi-bar-taburesi","status":"publish","type":"product","link":"https:\/\/palmiyesusleme.com\/index.php\/urun\/deri-dosemeli-oturma-yuzeyi-bar-taburesi\/","title":{"rendered":"Deri D\u00f6\u015femeli Oturma Y\u00fczeyi Bar Taburesi"},"content":{"rendered":"<p>&lt;p&gt;Deri D\u00f6\u015femeli Oturma Y\u00fczeyi Bar Taburesi&lt;br&gt;&lt;\/p&gt;<\/p>\n","protected":false},"excerpt":{"rendered":"<p>&lt;p&gt;Deri D\u00f6\u015femeli Oturma Y\u00fczeyi Bar Taburesi&lt;br&gt;&lt;\/p&gt;<\/p>\n","protected":false},"featured_media":5069,"comment_status":"closed","ping_status":"open","template":"","meta":{"_joinchat":[]},"product_cat":[35,180,50],"product_tag":[],"class_list":{"0":"post-5068","1":"product","2":"type-product","3":"status-publish","4":"has-post-thumbnail","6":"product_cat-bar-sandalye","7":"product_cat-krom-metal-bar-sandalye","8":"product_cat-metal-bar-sandalyeleri","10":"first","11":"instock","12":"product-type-simple"},"_links":{"self":[{"href":"https:\/\/palmiyesusleme.com\/index.php\/wp-json\/wp\/v2\/product\/5068","targetHints":{"allow":["GET"]}}],"collection":[{"href":"https:\/\/palmiyesusleme.com\/index.php\/wp-json\/wp\/v2\/product"}],"about":[{"href":"https:\/\/palmiyesusleme.com\/index.php\/wp-json\/wp\/v2\/types\/product"}],"replies":[{"embeddable":true,"href":"https:\/\/palmiyesusleme.com\/index.php\/wp-json\/wp\/v2\/comments?post=5068"}],"wp:featuredmedia":[{"embeddable":true,"href":"https:\/\/palmiyesusleme.com\/index.php\/wp-json\/wp\/v2\/media\/5069"}],"wp:attachment":[{"href":"https:\/\/palmiyesusleme.com\/index.php\/wp-json\/wp\/v2\/media?parent=5068"}],"wp:term":[{"taxonomy":"product_cat","embeddable":true,"href":"https:\/\/palmiyesusleme.com\/index.php\/wp-json\/wp\/v2\/product_cat?post=5068"},{"taxonomy":"product_tag","embeddable":true,"href":"https:\/\/palmiyesusleme.com\/index.php\/wp-json\/wp\/v2\/product_tag?post=5068"}],"curies":[{"name":"wp","href":"https:\/\/api.w.org\/{rel}","templated":true}]}}