{"id":5070,"date":"2024-03-07T15:54:45","date_gmt":"2024-03-07T12:54:45","guid":{"rendered":"https:\/\/palmiyesusleme.com\/index.php\/urun\/turuncu-kalin-sungerli-oturma-yuzeyli-bar-taburesi-bar-sandalyesi\/"},"modified":"2024-03-07T15:54:48","modified_gmt":"2024-03-07T12:54:48","slug":"turuncu-kalin-sungerli-oturma-yuzeyli-bar-taburesi-bar-sandalyesi","status":"publish","type":"product","link":"https:\/\/palmiyesusleme.com\/index.php\/urun\/turuncu-kalin-sungerli-oturma-yuzeyli-bar-taburesi-bar-sandalyesi\/","title":{"rendered":"Turuncu Kal\u0131n S\u00fcngerli Oturma Y\u00fczeyli Bar Taburesi Bar Sandalyesi"},"content":{"rendered":"<p>&lt;p&gt;Turuncu Kal\u0131n S&uuml;ngerli Oturma Y&uuml;zeyli Bar Taburesi Bar Sandalyesi&lt;br&gt;&lt;\/p&gt;<\/p>\n","protected":false},"excerpt":{"rendered":"<p>&lt;p&gt;Turuncu Kal\u0131n S&uuml;ngerli Oturma Y&uuml;zeyli Bar Taburesi Bar Sandalyesi&lt;br&gt;&lt;\/p&gt;<\/p>\n","protected":false},"featured_media":5071,"comment_status":"closed","ping_status":"open","template":"","meta":{"_joinchat":[]},"product_cat":[35,180,50],"product_tag":[],"class_list":{"0":"post-5070","1":"product","2":"type-product","3":"status-publish","4":"has-post-thumbnail","6":"product_cat-bar-sandalye","7":"product_cat-krom-metal-bar-sandalye","8":"product_cat-metal-bar-sandalyeleri","10":"first","11":"instock","12":"product-type-simple"},"_links":{"self":[{"href":"https:\/\/palmiyesusleme.com\/index.php\/wp-json\/wp\/v2\/product\/5070","targetHints":{"allow":["GET"]}}],"collection":[{"href":"https:\/\/palmiyesusleme.com\/index.php\/wp-json\/wp\/v2\/product"}],"about":[{"href":"https:\/\/palmiyesusleme.com\/index.php\/wp-json\/wp\/v2\/types\/product"}],"replies":[{"embeddable":true,"href":"https:\/\/palmiyesusleme.com\/index.php\/wp-json\/wp\/v2\/comments?post=5070"}],"wp:featuredmedia":[{"embeddable":true,"href":"https:\/\/palmiyesusleme.com\/index.php\/wp-json\/wp\/v2\/media\/5071"}],"wp:attachment":[{"href":"https:\/\/palmiyesusleme.com\/index.php\/wp-json\/wp\/v2\/media?parent=5070"}],"wp:term":[{"taxonomy":"product_cat","embeddable":true,"href":"https:\/\/palmiyesusleme.com\/index.php\/wp-json\/wp\/v2\/product_cat?post=5070"},{"taxonomy":"product_tag","embeddable":true,"href":"https:\/\/palmiyesusleme.com\/index.php\/wp-json\/wp\/v2\/product_tag?post=5070"}],"curies":[{"name":"wp","href":"https:\/\/api.w.org\/{rel}","templated":true}]}}