{"id":5080,"date":"2024-03-07T15:54:45","date_gmt":"2024-03-07T12:54:45","guid":{"rendered":"https:\/\/palmiyesusleme.com\/index.php\/urun\/parlement-mavisi-metal-bar-sandalyesi-imalati\/"},"modified":"2024-03-07T15:54:52","modified_gmt":"2024-03-07T12:54:52","slug":"parlement-mavisi-metal-bar-sandalyesi-imalati","status":"publish","type":"product","link":"https:\/\/palmiyesusleme.com\/index.php\/urun\/parlement-mavisi-metal-bar-sandalyesi-imalati\/","title":{"rendered":"Parlement Mavisi Metal Bar Sandalyesi \u0130malat\u0131"},"content":{"rendered":"<p>Parlement Mavisi Metal Bar Sandalyesi \u0130malat\u0131<\/p>\n","protected":false},"excerpt":{"rendered":"<p>Parlement Mavisi Metal Bar Sandalyesi \u0130malat\u0131<\/p>\n","protected":false},"featured_media":5081,"comment_status":"closed","ping_status":"open","template":"","meta":{"_joinchat":[]},"product_cat":[50],"product_tag":[],"class_list":{"0":"post-5080","1":"product","2":"type-product","3":"status-publish","4":"has-post-thumbnail","6":"product_cat-metal-bar-sandalyeleri","8":"first","9":"instock","10":"product-type-simple"},"_links":{"self":[{"href":"https:\/\/palmiyesusleme.com\/index.php\/wp-json\/wp\/v2\/product\/5080","targetHints":{"allow":["GET"]}}],"collection":[{"href":"https:\/\/palmiyesusleme.com\/index.php\/wp-json\/wp\/v2\/product"}],"about":[{"href":"https:\/\/palmiyesusleme.com\/index.php\/wp-json\/wp\/v2\/types\/product"}],"replies":[{"embeddable":true,"href":"https:\/\/palmiyesusleme.com\/index.php\/wp-json\/wp\/v2\/comments?post=5080"}],"wp:featuredmedia":[{"embeddable":true,"href":"https:\/\/palmiyesusleme.com\/index.php\/wp-json\/wp\/v2\/media\/5081"}],"wp:attachment":[{"href":"https:\/\/palmiyesusleme.com\/index.php\/wp-json\/wp\/v2\/media?parent=5080"}],"wp:term":[{"taxonomy":"product_cat","embeddable":true,"href":"https:\/\/palmiyesusleme.com\/index.php\/wp-json\/wp\/v2\/product_cat?post=5080"},{"taxonomy":"product_tag","embeddable":true,"href":"https:\/\/palmiyesusleme.com\/index.php\/wp-json\/wp\/v2\/product_tag?post=5080"}],"curies":[{"name":"wp","href":"https:\/\/api.w.org\/{rel}","templated":true}]}}