{"id":5084,"date":"2024-03-07T15:54:45","date_gmt":"2024-03-07T12:54:45","guid":{"rendered":"https:\/\/palmiyesusleme.com\/index.php\/urun\/deri-kapli-metal-iskeletli-bar-sandalyesi-mobilyasi\/"},"modified":"2024-03-07T15:54:55","modified_gmt":"2024-03-07T12:54:55","slug":"deri-kapli-metal-iskeletli-bar-sandalyesi-mobilyasi","status":"publish","type":"product","link":"https:\/\/palmiyesusleme.com\/index.php\/urun\/deri-kapli-metal-iskeletli-bar-sandalyesi-mobilyasi\/","title":{"rendered":"Deri Kapl\u0131 Metal \u0130skeletli Bar Sandalyesi Mobilyas\u0131"},"content":{"rendered":"<p>Deri Kapl\u0131 Metal \u0130skeletli Bar Sandalyesi Mobilyas\u0131<\/p>\n","protected":false},"excerpt":{"rendered":"<p>Deri Kapl\u0131 Metal \u0130skeletli Bar Sandalyesi Mobilyas\u0131<\/p>\n","protected":false},"featured_media":5085,"comment_status":"closed","ping_status":"open","template":"","meta":{"_joinchat":[]},"product_cat":[50],"product_tag":[],"class_list":{"0":"post-5084","1":"product","2":"type-product","3":"status-publish","4":"has-post-thumbnail","6":"product_cat-metal-bar-sandalyeleri","8":"first","9":"instock","10":"product-type-simple"},"_links":{"self":[{"href":"https:\/\/palmiyesusleme.com\/index.php\/wp-json\/wp\/v2\/product\/5084","targetHints":{"allow":["GET"]}}],"collection":[{"href":"https:\/\/palmiyesusleme.com\/index.php\/wp-json\/wp\/v2\/product"}],"about":[{"href":"https:\/\/palmiyesusleme.com\/index.php\/wp-json\/wp\/v2\/types\/product"}],"replies":[{"embeddable":true,"href":"https:\/\/palmiyesusleme.com\/index.php\/wp-json\/wp\/v2\/comments?post=5084"}],"wp:featuredmedia":[{"embeddable":true,"href":"https:\/\/palmiyesusleme.com\/index.php\/wp-json\/wp\/v2\/media\/5085"}],"wp:attachment":[{"href":"https:\/\/palmiyesusleme.com\/index.php\/wp-json\/wp\/v2\/media?parent=5084"}],"wp:term":[{"taxonomy":"product_cat","embeddable":true,"href":"https:\/\/palmiyesusleme.com\/index.php\/wp-json\/wp\/v2\/product_cat?post=5084"},{"taxonomy":"product_tag","embeddable":true,"href":"https:\/\/palmiyesusleme.com\/index.php\/wp-json\/wp\/v2\/product_tag?post=5084"}],"curies":[{"name":"wp","href":"https:\/\/api.w.org\/{rel}","templated":true}]}}