{"id":5096,"date":"2024-03-07T15:54:45","date_gmt":"2024-03-07T12:54:45","guid":{"rendered":"https:\/\/palmiyesusleme.com\/index.php\/urun\/masif-govdeli-deri-dosemeli-kollu-sandalye-mcs2023\/"},"modified":"2024-03-07T15:55:01","modified_gmt":"2024-03-07T12:55:01","slug":"masif-govdeli-deri-dosemeli-kollu-sandalye-mcs2023","status":"publish","type":"product","link":"https:\/\/palmiyesusleme.com\/index.php\/urun\/masif-govdeli-deri-dosemeli-kollu-sandalye-mcs2023\/","title":{"rendered":"Masif G\u00f6vdeli Deri D\u00f6\u015femeli Kollu Sandalye &#8211; mcs2023"},"content":{"rendered":"<p>&lt;p&gt;&lt;b&gt;Masif G\u00f6vdeli Deri D\u00f6\u015femeli Kollu Sandalye &#8211; mcs2023&lt;\/b&gt;&lt;\/p&gt;&lt;p&gt;\u00fcr\u00fcn \u00f6zellikleri:&lt;\/p&gt;&lt;ul&gt;&lt;li&gt;Maksimum s\u0131rt ve oturak konforlu sandalyedir.&lt;\/li&gt;&lt;li&gt;\u0130ste\u011fe g\u00f6re maliyet uygun Kay\u0131n olarak da imal edilebilmektedir.&lt;\/li&gt;&lt;li&gt;D\u00f6\u015feme ve \u0130skelette istedi\u011finiz renk de olur.&lt;\/li&gt;&lt;li&gt;Perakende sat\u0131\u015f\u0131 yoktur, Toptan sipari\u015f al\u0131n\u0131r.&lt;\/li&gt;&lt;\/ul&gt;&lt;p&gt;&lt;br&gt;&lt;\/p&gt;&lt;p style=&quot;margin-bottom: 15px; color: rgb(51, 51, 51); font-family: &amp;quot;Nunito Sans&amp;quot;; font-size: 16px;&quot;&gt;\u00dcr\u00fcn hakk\u0131nda bilgi ve fiyat almak i\u00e7in \u00fcr\u00fcn kodunu ve adetini bize E-posta, Whatsapp veya Telefon yoluyla iletiniz. Sat\u0131\u015f ekibimiz en k\u0131sa s\u00fcrede size d\u00f6necektir.&lt;\/p&gt;&lt;p style=&quot;margin-bottom: 15px; color: rgb(51, 51, 51); font-family: &amp;quot;Nunito Sans&amp;quot;; font-size: 16px;&quot;&gt;&lt;span style=&quot;font-weight: 700;&quot;&gt;&lt;a href=&quot;https:\/\/www.palmiyekocak.com\/iletisim&quot; target=&quot;_blank&quot; style=&quot;color: rgb(51, 85, 112); text-decoration-line: underline; touch-action: manipulation; display: inline-block;&quot;&gt;ileti\u015fim bilgilerimiz i\u00e7in t\u0131klay\u0131n\u0131z.&lt;\/a&gt;&lt;\/span&gt;&lt;\/p&gt;&lt;p&gt;&lt;img src=&quot;https:\/\/www.palmiyekocak.com\/image\/catalog\/update\/masif-govdeli-deri-dosemeli-kollu-sandalye-mcs2023-palmiye-kocak.jpg&quot; style=&quot;width: 264.013px; height: 305.562px;&quot;&gt;&lt;br&gt;&lt;\/p&gt;<\/p>\n","protected":false},"excerpt":{"rendered":"<p>&lt;p&gt;&lt;b&gt;Masif G\u00f6vdeli Deri D\u00f6\u015femeli Kollu Sandalye &#8211; mcs2023&lt;\/b&gt;&lt;\/p&gt;&lt;p&gt;\u00fcr\u00fcn \u00f6zellikleri:&lt;\/p&gt;&lt;ul&gt;&lt;li&gt;Maksimum s\u0131rt ve oturak konforlu sandalyedir.&lt;\/li&gt;&lt;li&gt;\u0130ste\u011fe g\u00f6re maliyet uygun Kay\u0131n olarak da imal edilebilmektedir.&lt;\/li&gt;&lt;li&gt;D\u00f6\u015feme ve \u0130skelette istedi\u011finiz renk de olur.&lt;\/li&gt;&lt;li&gt;Perakende sat\u0131\u015f\u0131 yoktur, Toptan sipari\u015f al\u0131n\u0131r.&lt;\/li&gt;&lt;\/ul&gt;&lt;p&gt;&lt;br&gt;&lt;\/p&gt;&lt;p style=&quot;margin-bottom: 15px; color: rgb(51, 51, 51); font-family: &amp;quot;Nunito Sans&amp;quot;; font-size: 16px;&quot;&gt;\u00dcr\u00fcn hakk\u0131nda bilgi ve fiyat almak i\u00e7in \u00fcr\u00fcn kodunu ve adetini bize [&hellip;]<\/p>\n","protected":false},"featured_media":5097,"comment_status":"closed","ping_status":"open","template":"","meta":{"_joinchat":[]},"product_cat":[183,182,79,172,151],"product_tag":[],"class_list":{"0":"post-5096","1":"product","2":"type-product","3":"status-publish","4":"has-post-thumbnail","6":"product_cat-ahsap-modern-kollu-sandalye","7":"product_cat-ahsap-modern-sandalye","8":"product_cat-ahsap-sandalye","9":"product_cat-cafe-sandalyeleri","10":"product_cat-restoran-sandalyeleri","12":"first","13":"instock","14":"product-type-simple"},"_links":{"self":[{"href":"https:\/\/palmiyesusleme.com\/index.php\/wp-json\/wp\/v2\/product\/5096","targetHints":{"allow":["GET"]}}],"collection":[{"href":"https:\/\/palmiyesusleme.com\/index.php\/wp-json\/wp\/v2\/product"}],"about":[{"href":"https:\/\/palmiyesusleme.com\/index.php\/wp-json\/wp\/v2\/types\/product"}],"replies":[{"embeddable":true,"href":"https:\/\/palmiyesusleme.com\/index.php\/wp-json\/wp\/v2\/comments?post=5096"}],"wp:featuredmedia":[{"embeddable":true,"href":"https:\/\/palmiyesusleme.com\/index.php\/wp-json\/wp\/v2\/media\/5097"}],"wp:attachment":[{"href":"https:\/\/palmiyesusleme.com\/index.php\/wp-json\/wp\/v2\/media?parent=5096"}],"wp:term":[{"taxonomy":"product_cat","embeddable":true,"href":"https:\/\/palmiyesusleme.com\/index.php\/wp-json\/wp\/v2\/product_cat?post=5096"},{"taxonomy":"product_tag","embeddable":true,"href":"https:\/\/palmiyesusleme.com\/index.php\/wp-json\/wp\/v2\/product_tag?post=5096"}],"curies":[{"name":"wp","href":"https:\/\/api.w.org\/{rel}","templated":true}]}}