{"id":5134,"date":"2024-03-07T15:55:07","date_gmt":"2024-03-07T12:55:07","guid":{"rendered":"https:\/\/palmiyesusleme.com\/index.php\/urun\/mdflam-ahsap-kare-masa-restoran-cafe-masa-tablasi\/"},"modified":"2024-03-07T15:55:21","modified_gmt":"2024-03-07T12:55:21","slug":"mdflam-ahsap-kare-masa-restoran-cafe-masa-tablasi","status":"publish","type":"product","link":"https:\/\/palmiyesusleme.com\/index.php\/urun\/mdflam-ahsap-kare-masa-restoran-cafe-masa-tablasi\/","title":{"rendered":"Mdflam Ah\u015fap Kare Masa Restoran Cafe Masa Tablas\u0131"},"content":{"rendered":"<p>&lt;p&gt;Mdflam Ah\u015fap Kare Masa Restoran Cafe Masa Tablas\u0131&lt;br&gt;&lt;\/p&gt;<\/p>\n","protected":false},"excerpt":{"rendered":"<p>&lt;p&gt;Mdflam Ah\u015fap Kare Masa Restoran Cafe Masa Tablas\u0131&lt;br&gt;&lt;\/p&gt;<\/p>\n","protected":false},"featured_media":5135,"comment_status":"closed","ping_status":"open","template":"","meta":{"_joinchat":[]},"product_cat":[184],"product_tag":[],"class_list":{"0":"post-5134","1":"product","2":"type-product","3":"status-publish","4":"has-post-thumbnail","6":"product_cat-mdf-lam-masa-tablasi","8":"first","9":"instock","10":"product-type-simple"},"_links":{"self":[{"href":"https:\/\/palmiyesusleme.com\/index.php\/wp-json\/wp\/v2\/product\/5134","targetHints":{"allow":["GET"]}}],"collection":[{"href":"https:\/\/palmiyesusleme.com\/index.php\/wp-json\/wp\/v2\/product"}],"about":[{"href":"https:\/\/palmiyesusleme.com\/index.php\/wp-json\/wp\/v2\/types\/product"}],"replies":[{"embeddable":true,"href":"https:\/\/palmiyesusleme.com\/index.php\/wp-json\/wp\/v2\/comments?post=5134"}],"wp:featuredmedia":[{"embeddable":true,"href":"https:\/\/palmiyesusleme.com\/index.php\/wp-json\/wp\/v2\/media\/5135"}],"wp:attachment":[{"href":"https:\/\/palmiyesusleme.com\/index.php\/wp-json\/wp\/v2\/media?parent=5134"}],"wp:term":[{"taxonomy":"product_cat","embeddable":true,"href":"https:\/\/palmiyesusleme.com\/index.php\/wp-json\/wp\/v2\/product_cat?post=5134"},{"taxonomy":"product_tag","embeddable":true,"href":"https:\/\/palmiyesusleme.com\/index.php\/wp-json\/wp\/v2\/product_tag?post=5134"}],"curies":[{"name":"wp","href":"https:\/\/api.w.org\/{rel}","templated":true}]}}