{"id":5303,"date":"2024-03-07T15:56:33","date_gmt":"2024-03-07T12:56:33","guid":{"rendered":"https:\/\/palmiyesusleme.com\/index.php\/urun\/modern-kollu-kayin-sandalye\/"},"modified":"2024-03-07T15:56:56","modified_gmt":"2024-03-07T12:56:56","slug":"modern-kollu-kayin-sandalye","status":"publish","type":"product","link":"https:\/\/palmiyesusleme.com\/index.php\/urun\/modern-kollu-kayin-sandalye\/","title":{"rendered":"Modern Kollu Kay\u0131n Sandalye"},"content":{"rendered":"<p>&lt;i&gt;&lt;h2 style=&quot;text-align: center; &quot;&gt;&lt;b&gt;Kay\u0131n iskeletli deri veya kuma\u015f sandalye&lt;\/b&gt;&lt;\/h2&gt;&lt;h4 style=&quot;text-align: center; &quot;&gt;&lt;b&gt;&lt;br&gt;&lt;\/b&gt;&lt;\/h4&gt;&lt;h4 style=&quot;text-align: center; &quot;&gt;&lt;b&gt;&lt;br&gt;&lt;\/b&gt;&lt;\/h4&gt;&lt;h4 style=&quot;font-family: &amp;quot;Open Sans&amp;quot;, sans-serif; color: rgb(84, 84, 84); text-align: center;&quot;&gt;&lt;img src=&quot;https:\/\/www.palmiyekocak.com\/image\/catalog\/urun\/ahsap-modern-sandalye\/wp-21-min.png&quot; style=&quot;width: 1080px;&quot;&gt;&lt;\/h4&gt;&lt;h4 style=&quot;text-align: center; &quot;&gt;&lt;b&gt;&lt;br&gt;&lt;\/b&gt;&lt;\/h4&gt;&lt;h4 style=&quot;text-align: center; &quot;&gt;&lt;b&gt;&lt;br&gt;&lt;\/b&gt;&lt;\/h4&gt;&lt;h4 style=&quot;text-align: center; &quot;&gt;&lt;b&gt;&lt;br&gt;&lt;\/b&gt;&lt;\/h4&gt;&lt;h4 style=&quot;text-align: center; &quot;&gt;&lt;b&gt;&lt;br&gt;&lt;\/b&gt;&lt;\/h4&gt;&lt;\/i&gt;<\/p>\n","protected":false},"excerpt":{"rendered":"<p>&lt;i&gt;&lt;h2 style=&quot;text-align: center; &quot;&gt;&lt;b&gt;Kay\u0131n iskeletli deri veya kuma\u015f sandalye&lt;\/b&gt;&lt;\/h2&gt;&lt;h4 style=&quot;text-align: center; &quot;&gt;&lt;b&gt;&lt;br&gt;&lt;\/b&gt;&lt;\/h4&gt;&lt;h4 style=&quot;text-align: center; &quot;&gt;&lt;b&gt;&lt;br&gt;&lt;\/b&gt;&lt;\/h4&gt;&lt;h4 style=&quot;font-family: &amp;quot;Open Sans&amp;quot;, sans-serif; color: rgb(84, 84, 84); text-align: center;&quot;&gt;&lt;img src=&quot;https:\/\/www.palmiyekocak.com\/image\/catalog\/urun\/ahsap-modern-sandalye\/wp-21-min.png&quot; style=&quot;width: 1080px;&quot;&gt;&lt;\/h4&gt;&lt;h4 style=&quot;text-align: center; &quot;&gt;&lt;b&gt;&lt;br&gt;&lt;\/b&gt;&lt;\/h4&gt;&lt;h4 style=&quot;text-align: center; &quot;&gt;&lt;b&gt;&lt;br&gt;&lt;\/b&gt;&lt;\/h4&gt;&lt;h4 style=&quot;text-align: center; &quot;&gt;&lt;b&gt;&lt;br&gt;&lt;\/b&gt;&lt;\/h4&gt;&lt;h4 style=&quot;text-align: center; &quot;&gt;&lt;b&gt;&lt;br&gt;&lt;\/b&gt;&lt;\/h4&gt;&lt;\/i&gt;<\/p>\n","protected":false},"featured_media":5304,"comment_status":"closed","ping_status":"open","template":"","meta":{"_joinchat":[]},"product_cat":[182,79,37,150,151],"product_tag":[],"class_list":{"0":"post-5303","1":"product","2":"type-product","3":"status-publish","4":"has-post-thumbnail","6":"product_cat-ahsap-modern-sandalye","7":"product_cat-ahsap-sandalye","8":"product_cat-ev-sandalyeleri","9":"product_cat-otel-sandalyeleri","10":"product_cat-restoran-sandalyeleri","12":"first","13":"instock","14":"product-type-simple"},"_links":{"self":[{"href":"https:\/\/palmiyesusleme.com\/index.php\/wp-json\/wp\/v2\/product\/5303","targetHints":{"allow":["GET"]}}],"collection":[{"href":"https:\/\/palmiyesusleme.com\/index.php\/wp-json\/wp\/v2\/product"}],"about":[{"href":"https:\/\/palmiyesusleme.com\/index.php\/wp-json\/wp\/v2\/types\/product"}],"replies":[{"embeddable":true,"href":"https:\/\/palmiyesusleme.com\/index.php\/wp-json\/wp\/v2\/comments?post=5303"}],"wp:featuredmedia":[{"embeddable":true,"href":"https:\/\/palmiyesusleme.com\/index.php\/wp-json\/wp\/v2\/media\/5304"}],"wp:attachment":[{"href":"https:\/\/palmiyesusleme.com\/index.php\/wp-json\/wp\/v2\/media?parent=5303"}],"wp:term":[{"taxonomy":"product_cat","embeddable":true,"href":"https:\/\/palmiyesusleme.com\/index.php\/wp-json\/wp\/v2\/product_cat?post=5303"},{"taxonomy":"product_tag","embeddable":true,"href":"https:\/\/palmiyesusleme.com\/index.php\/wp-json\/wp\/v2\/product_tag?post=5303"}],"curies":[{"name":"wp","href":"https:\/\/api.w.org\/{rel}","templated":true}]}}