{"id":5329,"date":"2024-03-07T15:57:03","date_gmt":"2024-03-07T12:57:03","guid":{"rendered":"https:\/\/palmiyesusleme.com\/index.php\/urun\/bej-kumas-dosemeli-yuvarlak-sandalye\/"},"modified":"2024-03-07T15:57:15","modified_gmt":"2024-03-07T12:57:15","slug":"bej-kumas-dosemeli-yuvarlak-sandalye","status":"publish","type":"product","link":"https:\/\/palmiyesusleme.com\/index.php\/urun\/bej-kumas-dosemeli-yuvarlak-sandalye\/","title":{"rendered":"Bej Kuma\u015f D\u00f6\u015femeli Yuvarlak Sandalye"},"content":{"rendered":"<p>MSAB235 bej kuma\u015f d&ouml;\u015femeli, yuvarlak oturma alanl\u0131 ah\u015fap sandalyemiz; di\u011fer baz\u0131 ah\u015fap modern sandalyelerimiz gibi 2.kat\u0131n vitrininden t&uuml;m albenisi ile kendini g&ouml;stererek E-5ten ge&ccedil;en bir&ccedil;ok m&uuml;\u015fterimizi yoldan &ccedil;evirip showroomumuza getirmeyi ba\u015farm\u0131\u015ft\u0131r. Salonunuz i&ccedil;in ideal bir se&ccedil;im. &lt;hr&gt;&lt;b&gt;Ah\u015fap sandalyeler&lt;\/b&gt;, bak\u0131m\u0131 kolay mobilyalar aras\u0131ndad\u0131r. E\u011fer bir \u015feyler lekelenmi\u015fse, nemli bir bezle silebilirsiniz. &Ouml;zellikle  nemli bez h\u0131zl\u0131 bir \u015fekilde lekeleri temizler. Bu nedenle bir yemek sandalyesinde, &ouml;zellikle daha dayan\u0131kl\u0131 ve kolayca temizlenebilen boyal\u0131 ve cilal\u0131 modeller tercih edilebilir. Bir ah\u015fap sandalyenin uzun s&uuml;re keyfini s&uuml;rmek i&ccedil;in, &ouml;zel bir ah\u015fap cilas\u0131yla d&uuml;zenli bak\u0131m yapman\u0131z\u0131 &ouml;neririz bu cila kire kar\u015f\u0131 korurken ayn\u0131 zamanda ah\u015faba parlakl\u0131k verir.&lt;hr&gt;&lt;p&gt;&lt;img src=&quot;\/image\/urun-olculeri\/ahsap-klasik-kollu-sandalye-olculer.png&quot;&gt;&lt;\/p&gt;&lt;p&gt;&lt;br&gt;&lt;\/p&gt;&lt;table class=&quot;table table-bordered&quot;&gt;&lt;tbody&gt;&lt;tr&gt;&lt;td&gt;Geni\u015flik&lt;\/td&gt;&lt;td&gt;50 cm&lt;\/td&gt;&lt;\/tr&gt;&lt;tr&gt;&lt;td&gt;Oturum Y&uuml;kseli\u011fi&lt;\/td&gt;&lt;td&gt;46 cm&lt;\/td&gt;&lt;\/tr&gt;&lt;tr&gt;&lt;td&gt;Derinlik&lt;\/td&gt;&lt;td&gt;50 cm&lt;\/td&gt;&lt;\/tr&gt;&lt;tr&gt;&lt;td&gt;Y&uuml;kseklik&lt;\/td&gt;&lt;td&gt;97 cm&lt;\/td&gt;&lt;\/tr&gt;&lt;\/tbody&gt;&lt;\/table&gt;&lt;p&gt;\u0130ste\u011fe &ouml;zel olarak malzeme cinsinde (ah\u015fap,boya,kuma\u015f,deri) ve &uuml;r&uuml;n &ouml;l&ccedil;&uuml;lerinde de\u011fi\u015fiklik yap\u0131labilir.&lt;\/p&gt;&lt;table class=&quot;table table-bordered&quot;&gt;<br \/>\n&lt;tbody&gt;<br \/>\n&lt;tr&gt;<br \/>\n&lt;td colspan=&quot;4&quot; class=&quot;text-center&quot; style=&quot;vertical-align:middle&quot;&gt;&lt;img src=&quot;\/image\/urun-olculeri\/ahsap-klasik-kollu-sandalye-olculer.png&quot; alt=&quot;&Ouml;l&ccedil;&uuml;&quot;&gt;&lt;\/td&gt;<br \/>\n&lt;\/tr&gt;<br \/>\n&lt;tr&gt;<br \/>\n&lt;td class=&quot;text-center&quot; style=&quot;vertical-align:middle&quot;&gt;&lt;span class=&quot;text-center&quot; style=&quot;vertical-align:middle&quot;&gt;&lt;strong&gt;Geni\u015flik&lt;\/strong&gt;&lt;\/span&gt;&lt;\/td&gt;<br \/>\n&lt;td class=&quot;text-center&quot; style=&quot;vertical-align:middle&quot;&gt;&lt;span class=&quot;text-center&quot; style=&quot;vertical-align:middle&quot;&gt;&lt;strong&gt;Oturum Y&uuml;ksekli\u011fi&lt;\/strong&gt;&lt;\/span&gt;&lt;\/td&gt;<br \/>\n&lt;td class=&quot;text-center&quot; style=&quot;vertical-align:middle&quot;&gt;&lt;span class=&quot;text-center&quot; style=&quot;vertical-align:middle&quot;&gt;&lt;strong&gt;Derinlik&lt;\/strong&gt;&lt;\/span&gt;&lt;\/td&gt;<br \/>\n&lt;td class=&quot;text-center&quot; style=&quot;vertical-align:middle&quot;&gt;&lt;span class=&quot;text-center&quot; style=&quot;vertical-align:middle&quot;&gt;&lt;strong&gt;Y&uuml;kseklik&lt;\/strong&gt;&lt;\/span&gt;&lt;\/td&gt;<br \/>\n&lt;\/tr&gt;<br \/>\n&lt;tr&gt;<br \/>\n&lt;td class=&quot;text-center&quot; style=&quot;vertical-align:middle&quot;&gt;&nbsp;50 cm&lt;\/td&gt;<br \/>\n&lt;td class=&quot;text-center&quot; style=&quot;vertical-align:middle&quot;&gt;46 cm&nbsp;&lt;\/td&gt;<br \/>\n&lt;td class=&quot;text-center&quot; style=&quot;vertical-align:middle&quot;&gt;50 cm&nbsp;&lt;\/td&gt;<br \/>\n&lt;td class=&quot;text-center&quot; style=&quot;vertical-align:middle&quot;&gt;97 cm&nbsp;&lt;\/td&gt;<br \/>\n&lt;\/tr&gt;<br \/>\n&lt;tr&gt;<br \/>\n&lt;td class=&quot;text-center&quot; style=&quot;vertical-align:middle&quot; colspan=&quot;4&quot;&gt;\u0130ste\u011fe &ouml;zel olarak malzeme cinsinde (ah\u015fap,boya,kuma\u015f,deri) ve &uuml;r&uuml;n &ouml;l&ccedil;&uuml;lerinde de\u011fi\u015fiklik yap\u0131labilir.&lt;\/td&gt;<br \/>\n&lt;\/tr&gt;<br \/>\n&lt;\/tbody&gt;<br \/>\n&lt;\/table&gt;<br \/>\n&lt;hr&gt;<br \/>\n&lt;table class=&quot;table table-bordered&quot;&gt;<br \/>\n&lt;tbody&gt;<br \/>\n&lt;tr&gt;<br \/>\n&lt;td class=&quot;text-center&quot;&gt;&lt;img src=&quot;\/image\/yukleme-ikon\/kamyon.gif&quot; alt=&quot;Kamyon Y&uuml;kleme&quot;&gt;&lt;br&gt;&lt;sub&gt;Kamyon&lt;\/sub&gt;&lt;\/td&gt;<br \/>\n&lt;td class=&quot;text-center&quot;&gt;&lt;img src=&quot;\/image\/yukleme-ikon\/tir.gif&quot; alt=&quot;T\u0131r Y&uuml;kleme&quot;&gt;&lt;br&gt;&lt;sub&gt;T\u0131r&lt;\/sub&gt;&lt;\/td&gt;<br \/>\n&lt;td class=&quot;text-center&quot;&gt;&lt;img src=&quot;\/image\/yukleme-ikon\/20dc.gif&quot; alt=&quot;20 DC Konteyner Y&uuml;kleme&quot;&gt;&lt;br&gt;&lt;sub&gt;20 DC Konteyner&lt;\/sub&gt;&lt;\/td&gt;<br \/>\n&lt;td class=&quot;text-center&quot;&gt;&lt;img src=&quot;\/image\/yukleme-ikon\/40dc.gif&quot; alt=&quot;40 DC Konteyner Y&uuml;kleme&quot;&gt;&lt;br&gt;&lt;sub&gt;40 DC Konteyner&lt;\/sub&gt;&lt;\/td&gt;<br \/>\n&lt;\/tr&gt;<br \/>\n&lt;tr&gt;<br \/>\n&lt;td class=&quot;text-center&quot; style=&quot;vertical-align:middle&quot;&gt;&nbsp;&lt;\/td&gt;<br \/>\n&lt;td class=&quot;text-center&quot; style=&quot;vertical-align:middle&quot;&gt;&nbsp;&lt;\/td&gt;<br \/>\n&lt;td class=&quot;text-center&quot; style=&quot;vertical-align:middle&quot;&gt;&nbsp;&lt;\/td&gt;<br \/>\n&lt;td class=&quot;text-center&quot; style=&quot;vertical-align:middle&quot;&gt;&nbsp;&lt;\/td&gt;<br \/>\n&lt;\/tr&gt;<br \/>\n&lt;tr&gt;<br \/>\n&lt;td colspan=&quot;4&quot; class=&quot;text-center&quot; style=&quot;vertical-align:middle&quot;&gt;Standart &Ouml;l&ccedil;&uuml;lerdir.&lt;\/td&gt;<br \/>\n&lt;\/tr&gt;<br \/>\n&lt;\/tbody&gt;<br \/>\n&lt;\/table&gt;<\/p>\n","protected":false},"excerpt":{"rendered":"<p>MSAB235 bej kuma\u015f d&ouml;\u015femeli, yuvarlak oturma alanl\u0131 ah\u015fap sandalyemiz; di\u011fer baz\u0131 ah\u015fap modern sandalyelerimiz gibi 2.kat\u0131n vitrininden t&uuml;m albenisi ile kendini g&ouml;stererek E-5ten ge&ccedil;en bir&ccedil;ok m&uuml;\u015fterimizi yoldan &ccedil;evirip showroomumuza getirmeyi ba\u015farm\u0131\u015ft\u0131r. Salonunuz i&ccedil;in ideal bir se&ccedil;im. &lt;hr&gt;&lt;b&gt;Ah\u015fap sandalyeler&lt;\/b&gt;, bak\u0131m\u0131 kolay mobilyalar aras\u0131ndad\u0131r. E\u011fer bir \u015feyler lekelenmi\u015fse, nemli bir bezle silebilirsiniz. &Ouml;zellikle nemli bez h\u0131zl\u0131 bir [&hellip;]<\/p>\n","protected":false},"featured_media":5330,"comment_status":"closed","ping_status":"open","template":"","meta":{"_joinchat":[]},"product_cat":[182,79,150,151,36],"product_tag":[],"class_list":{"0":"post-5329","1":"product","2":"type-product","3":"status-publish","4":"has-post-thumbnail","6":"product_cat-ahsap-modern-sandalye","7":"product_cat-ahsap-sandalye","8":"product_cat-otel-sandalyeleri","9":"product_cat-restoran-sandalyeleri","10":"product_cat-sandalye-modelleri","12":"first","13":"instock","14":"product-type-simple"},"_links":{"self":[{"href":"https:\/\/palmiyesusleme.com\/index.php\/wp-json\/wp\/v2\/product\/5329","targetHints":{"allow":["GET"]}}],"collection":[{"href":"https:\/\/palmiyesusleme.com\/index.php\/wp-json\/wp\/v2\/product"}],"about":[{"href":"https:\/\/palmiyesusleme.com\/index.php\/wp-json\/wp\/v2\/types\/product"}],"replies":[{"embeddable":true,"href":"https:\/\/palmiyesusleme.com\/index.php\/wp-json\/wp\/v2\/comments?post=5329"}],"wp:featuredmedia":[{"embeddable":true,"href":"https:\/\/palmiyesusleme.com\/index.php\/wp-json\/wp\/v2\/media\/5330"}],"wp:attachment":[{"href":"https:\/\/palmiyesusleme.com\/index.php\/wp-json\/wp\/v2\/media?parent=5329"}],"wp:term":[{"taxonomy":"product_cat","embeddable":true,"href":"https:\/\/palmiyesusleme.com\/index.php\/wp-json\/wp\/v2\/product_cat?post=5329"},{"taxonomy":"product_tag","embeddable":true,"href":"https:\/\/palmiyesusleme.com\/index.php\/wp-json\/wp\/v2\/product_tag?post=5329"}],"curies":[{"name":"wp","href":"https:\/\/api.w.org\/{rel}","templated":true}]}}