{"id":5363,"date":"2024-03-07T15:57:29","date_gmt":"2024-03-07T12:57:29","guid":{"rendered":"https:\/\/palmiyesusleme.com\/index.php\/urun\/yazili-kumas-dosemeli-poliuretan-modern-sandalye\/"},"modified":"2024-03-07T15:57:39","modified_gmt":"2024-03-07T12:57:39","slug":"yazili-kumas-dosemeli-poliuretan-modern-sandalye","status":"publish","type":"product","link":"https:\/\/palmiyesusleme.com\/index.php\/urun\/yazili-kumas-dosemeli-poliuretan-modern-sandalye\/","title":{"rendered":"Yaz\u0131l\u0131 Kuma\u015f D\u00f6\u015femeli Poli\u00fcretan Modern Sandalye"},"content":{"rendered":"<p>&Uuml;r&uuml;n hakk\u0131nda bilgi ve fiyat almak i&ccedil;in &uuml;r&uuml;n kodunu ve adetini bize E-posta, Whatsapp veya Telefon yoluyla iletiniz. Sat\u0131\u015f ekibimiz en k\u0131sa s&uuml;rede size d&ouml;necektir.&lt;hr&gt;Yaz\u0131l\u0131 Kuma\u015f D&ouml;\u015femeli Poli&uuml;retan Modern Sandalye &#8211; msab256<\/p>\n","protected":false},"excerpt":{"rendered":"<p>&Uuml;r&uuml;n hakk\u0131nda bilgi ve fiyat almak i&ccedil;in &uuml;r&uuml;n kodunu ve adetini bize E-posta, Whatsapp veya Telefon yoluyla iletiniz. Sat\u0131\u015f ekibimiz en k\u0131sa s&uuml;rede size d&ouml;necektir.&lt;hr&gt;Yaz\u0131l\u0131 Kuma\u015f D&ouml;\u015femeli Poli&uuml;retan Modern Sandalye &#8211; msab256<\/p>\n","protected":false},"featured_media":5364,"comment_status":"closed","ping_status":"open","template":"","meta":{"_joinchat":[]},"product_cat":[172,62,105],"product_tag":[],"class_list":{"0":"post-5363","1":"product","2":"type-product","3":"status-publish","4":"has-post-thumbnail","6":"product_cat-cafe-sandalyeleri","7":"product_cat-metal-sandalye","8":"product_cat-poliuretan-sandalyeler","10":"first","11":"instock","12":"product-type-simple"},"_links":{"self":[{"href":"https:\/\/palmiyesusleme.com\/index.php\/wp-json\/wp\/v2\/product\/5363","targetHints":{"allow":["GET"]}}],"collection":[{"href":"https:\/\/palmiyesusleme.com\/index.php\/wp-json\/wp\/v2\/product"}],"about":[{"href":"https:\/\/palmiyesusleme.com\/index.php\/wp-json\/wp\/v2\/types\/product"}],"replies":[{"embeddable":true,"href":"https:\/\/palmiyesusleme.com\/index.php\/wp-json\/wp\/v2\/comments?post=5363"}],"wp:featuredmedia":[{"embeddable":true,"href":"https:\/\/palmiyesusleme.com\/index.php\/wp-json\/wp\/v2\/media\/5364"}],"wp:attachment":[{"href":"https:\/\/palmiyesusleme.com\/index.php\/wp-json\/wp\/v2\/media?parent=5363"}],"wp:term":[{"taxonomy":"product_cat","embeddable":true,"href":"https:\/\/palmiyesusleme.com\/index.php\/wp-json\/wp\/v2\/product_cat?post=5363"},{"taxonomy":"product_tag","embeddable":true,"href":"https:\/\/palmiyesusleme.com\/index.php\/wp-json\/wp\/v2\/product_tag?post=5363"}],"curies":[{"name":"wp","href":"https:\/\/api.w.org\/{rel}","templated":true}]}}