{"id":5367,"date":"2024-03-07T15:57:29","date_gmt":"2024-03-07T12:57:29","guid":{"rendered":"https:\/\/palmiyesusleme.com\/index.php\/urun\/deri-dosemeli-nubuk-sirt-cevresi-ahsap-sandalye\/"},"modified":"2024-03-07T15:57:41","modified_gmt":"2024-03-07T12:57:41","slug":"deri-dosemeli-nubuk-sirt-cevresi-ahsap-sandalye","status":"publish","type":"product","link":"https:\/\/palmiyesusleme.com\/index.php\/urun\/deri-dosemeli-nubuk-sirt-cevresi-ahsap-sandalye\/","title":{"rendered":"Deri D\u00f6\u015femeli Nubuk S\u0131rt \u00c7evresi Ah\u015fap Sandalye"},"content":{"rendered":"<p>Deri d&ouml;\u015femeli oturma y&uuml;zeyi, kare diki\u015fli, nubuk s\u0131rt d\u0131\u015f y&uuml;zeye sahip 2020 Tren&nbsp;&lt;b&gt;ah\u015fap modern sandalye&lt;\/b&gt;<\/p>\n","protected":false},"excerpt":{"rendered":"<p>Deri d&ouml;\u015femeli oturma y&uuml;zeyi, kare diki\u015fli, nubuk s\u0131rt d\u0131\u015f y&uuml;zeye sahip 2020 Tren&nbsp;&lt;b&gt;ah\u015fap modern sandalye&lt;\/b&gt;<\/p>\n","protected":false},"featured_media":5368,"comment_status":"closed","ping_status":"open","template":"","meta":{"_joinchat":[]},"product_cat":[183,182],"product_tag":[],"class_list":{"0":"post-5367","1":"product","2":"type-product","3":"status-publish","4":"has-post-thumbnail","6":"product_cat-ahsap-modern-kollu-sandalye","7":"product_cat-ahsap-modern-sandalye","9":"first","10":"instock","11":"product-type-simple"},"_links":{"self":[{"href":"https:\/\/palmiyesusleme.com\/index.php\/wp-json\/wp\/v2\/product\/5367","targetHints":{"allow":["GET"]}}],"collection":[{"href":"https:\/\/palmiyesusleme.com\/index.php\/wp-json\/wp\/v2\/product"}],"about":[{"href":"https:\/\/palmiyesusleme.com\/index.php\/wp-json\/wp\/v2\/types\/product"}],"replies":[{"embeddable":true,"href":"https:\/\/palmiyesusleme.com\/index.php\/wp-json\/wp\/v2\/comments?post=5367"}],"wp:featuredmedia":[{"embeddable":true,"href":"https:\/\/palmiyesusleme.com\/index.php\/wp-json\/wp\/v2\/media\/5368"}],"wp:attachment":[{"href":"https:\/\/palmiyesusleme.com\/index.php\/wp-json\/wp\/v2\/media?parent=5367"}],"wp:term":[{"taxonomy":"product_cat","embeddable":true,"href":"https:\/\/palmiyesusleme.com\/index.php\/wp-json\/wp\/v2\/product_cat?post=5367"},{"taxonomy":"product_tag","embeddable":true,"href":"https:\/\/palmiyesusleme.com\/index.php\/wp-json\/wp\/v2\/product_tag?post=5367"}],"curies":[{"name":"wp","href":"https:\/\/api.w.org\/{rel}","templated":true}]}}