{"id":5369,"date":"2024-03-07T15:57:29","date_gmt":"2024-03-07T12:57:29","guid":{"rendered":"https:\/\/palmiyesusleme.com\/index.php\/urun\/kare-kot-desenli-kumas-dosemeli-kapitoneli-sirtli-modern-cafe-otel-sandalyesi\/"},"modified":"2024-03-07T15:57:42","modified_gmt":"2024-03-07T12:57:42","slug":"kare-kot-desenli-kumas-dosemeli-kapitoneli-sirtli-modern-cafe-otel-sandalyesi","status":"publish","type":"product","link":"https:\/\/palmiyesusleme.com\/index.php\/urun\/kare-kot-desenli-kumas-dosemeli-kapitoneli-sirtli-modern-cafe-otel-sandalyesi\/","title":{"rendered":"Kare Kot Desenli Kuma\u015f D\u00f6\u015femeli Kapitoneli S\u0131rtl\u0131 Modern Cafe Otel Sandalyesi"},"content":{"rendered":"<p>&lt;p&gt;Otel, restoran, cafe ve evlerinizde kullanabilece\u011finiz rahat oturumlu modern sandalyemiz hakk\u0131nda bilgi almak i\u00e7in bizi arayabilirsiniz.&lt;\/p&gt;&lt;p&gt;Kapitoneli s\u0131rt y\u00fczeyi ve kaliteli oturum s\u00fcngeriyle &lt;b&gt;&lt;u&gt;modern sandalye&lt;\/u&gt;&lt;\/b&gt; \u00e7e\u015fitleri aras\u0131nda en \u00e7ok tercih edilen bir \u00fcr\u00fcnd\u00fcr.&lt;\/p&gt;&lt;p&gt;Cafeler i\u00e7in her renk ve \u00f6l\u00e7\u00fcde uygun fiyata cafe berjerlerini sitemizde&lt;br&gt;&lt;\/p&gt;&lt;p&gt;&lt;br&gt;&lt;\/p&gt;<\/p>\n","protected":false},"excerpt":{"rendered":"<p>&lt;p&gt;Otel, restoran, cafe ve evlerinizde kullanabilece\u011finiz rahat oturumlu modern sandalyemiz hakk\u0131nda bilgi almak i\u00e7in bizi arayabilirsiniz.&lt;\/p&gt;&lt;p&gt;Kapitoneli s\u0131rt y\u00fczeyi ve kaliteli oturum s\u00fcngeriyle &lt;b&gt;&lt;u&gt;modern sandalye&lt;\/u&gt;&lt;\/b&gt; \u00e7e\u015fitleri aras\u0131nda en \u00e7ok tercih edilen bir \u00fcr\u00fcnd\u00fcr.&lt;\/p&gt;&lt;p&gt;Cafeler i\u00e7in her renk ve \u00f6l\u00e7\u00fcde uygun fiyata cafe berjerlerini sitemizde&lt;br&gt;&lt;\/p&gt;&lt;p&gt;&lt;br&gt;&lt;\/p&gt;<\/p>\n","protected":false},"featured_media":5370,"comment_status":"closed","ping_status":"open","template":"","meta":{"_joinchat":[]},"product_cat":[183,182,186,105],"product_tag":[],"class_list":{"0":"post-5369","1":"product","2":"type-product","3":"status-publish","4":"has-post-thumbnail","6":"product_cat-ahsap-modern-kollu-sandalye","7":"product_cat-ahsap-modern-sandalye","8":"product_cat-poliuretan-berjer","9":"product_cat-poliuretan-sandalyeler","11":"first","12":"instock","13":"product-type-simple"},"_links":{"self":[{"href":"https:\/\/palmiyesusleme.com\/index.php\/wp-json\/wp\/v2\/product\/5369","targetHints":{"allow":["GET"]}}],"collection":[{"href":"https:\/\/palmiyesusleme.com\/index.php\/wp-json\/wp\/v2\/product"}],"about":[{"href":"https:\/\/palmiyesusleme.com\/index.php\/wp-json\/wp\/v2\/types\/product"}],"replies":[{"embeddable":true,"href":"https:\/\/palmiyesusleme.com\/index.php\/wp-json\/wp\/v2\/comments?post=5369"}],"wp:featuredmedia":[{"embeddable":true,"href":"https:\/\/palmiyesusleme.com\/index.php\/wp-json\/wp\/v2\/media\/5370"}],"wp:attachment":[{"href":"https:\/\/palmiyesusleme.com\/index.php\/wp-json\/wp\/v2\/media?parent=5369"}],"wp:term":[{"taxonomy":"product_cat","embeddable":true,"href":"https:\/\/palmiyesusleme.com\/index.php\/wp-json\/wp\/v2\/product_cat?post=5369"},{"taxonomy":"product_tag","embeddable":true,"href":"https:\/\/palmiyesusleme.com\/index.php\/wp-json\/wp\/v2\/product_tag?post=5369"}],"curies":[{"name":"wp","href":"https:\/\/api.w.org\/{rel}","templated":true}]}}