{"id":5684,"date":"2024-03-07T16:00:27","date_gmt":"2024-03-07T13:00:27","guid":{"rendered":"https:\/\/palmiyesusleme.com\/index.php\/urun\/petrol-rengi-kumas-dosemeli-koyu-ahsap-boyali-sandalye\/"},"modified":"2024-03-07T16:00:37","modified_gmt":"2024-03-07T13:00:37","slug":"petrol-rengi-kumas-dosemeli-koyu-ahsap-boyali-sandalye","status":"publish","type":"product","link":"https:\/\/palmiyesusleme.com\/index.php\/urun\/petrol-rengi-kumas-dosemeli-koyu-ahsap-boyali-sandalye\/","title":{"rendered":"Petrol Rengi Kuma\u015f D\u00f6\u015femeli Koyu Ah\u015fap Boyal\u0131 Sandalye"},"content":{"rendered":"<p>Petrol mavisi kuma\u015f d\u00f6\u015feme ve koyu ah\u015fap boya, bu sandalyemizde bulu\u015ftu ve ortaya kafeniz i\u00e7in m\u00fckemmel bir \u00e7\u00f6z\u00fcm \u00e7\u0131kt\u0131.&lt;hr&gt;&lt;b&gt;Ah\u015fap sandalyeler&lt;\/b&gt;, bak\u0131m\u0131 kolay mobilyalar aras\u0131ndad\u0131r. E\u011fer bir \u015feyler lekelenmi\u015fse, nemli bir bezle silebilirsiniz. \u00d6zellikle  nemli bez h\u0131zl\u0131 bir \u015fekilde lekeleri temizler. Bu nedenle bir yemek sandalyesinde, \u00f6zellikle daha dayan\u0131kl\u0131 ve kolayca temizlenebilen boyal\u0131 ve cilal\u0131 modeller tercih edilebilir. Bir ah\u015fap sandalyenin uzun s\u00fcre keyfini s\u00fcrmek i\u00e7in, \u00f6zel bir ah\u015fap cilas\u0131yla d\u00fczenli bak\u0131m yapman\u0131z\u0131 \u00f6neririz bu cila kire kar\u015f\u0131 korurken ayn\u0131 zamanda ah\u015faba parlakl\u0131k verir.&lt;hr&gt;&lt;p&gt;&lt;img src=&quot;\/image\/urun-olculeri\/ahsap-klasik-kollu-sandalye-olculer.png&quot;&gt;&lt;\/p&gt;&lt;p&gt;&lt;br&gt;&lt;\/p&gt;&lt;table class=&quot;table table-bordered&quot;&gt;&lt;tbody&gt;&lt;tr&gt;&lt;td&gt;Geni\u015flik&lt;\/td&gt;&lt;td&gt;47 cm&lt;\/td&gt;&lt;\/tr&gt;&lt;tr&gt;&lt;td&gt;Oturum Y\u00fckseli\u011fi&lt;\/td&gt;&lt;td&gt;46 cm&lt;\/td&gt;&lt;\/tr&gt;&lt;tr&gt;&lt;td&gt;Derinlik&lt;\/td&gt;&lt;td&gt;46 cm&lt;\/td&gt;&lt;\/tr&gt;&lt;tr&gt;&lt;td&gt;Y\u00fckseklik&lt;\/td&gt;&lt;td&gt;95 cm&lt;\/td&gt;&lt;\/tr&gt;&lt;\/tbody&gt;&lt;\/table&gt;&lt;p&gt;\u0130ste\u011fe \u00f6zel olarak malzeme cinsinde (ah\u015fap,boya,kuma\u015f,deri) ve \u00fcr\u00fcn \u00f6l\u00e7\u00fclerinde de\u011fi\u015fiklik yap\u0131labilir.&lt;\/p&gt;&lt;table class=&quot;table table-bordered&quot;&gt;<br \/>\n&lt;tbody&gt;<br \/>\n&lt;tr&gt;<br \/>\n&lt;td colspan=&quot;4&quot; class=&quot;text-center&quot; style=&quot;vertical-align:middle&quot;&gt;&lt;img src=&quot;\/image\/urun-olculeri\/ahsap-klasik-kollu-sandalye-olculer.png&quot; alt=&quot;\u00d6l\u00e7\u00fc&quot;&gt;&lt;\/td&gt;<br \/>\n&lt;\/tr&gt;<br \/>\n&lt;tr&gt;<br \/>\n&lt;td class=&quot;text-center&quot; style=&quot;vertical-align:middle&quot;&gt;&lt;span class=&quot;text-center&quot; style=&quot;vertical-align:middle&quot;&gt;&lt;strong&gt;Geni\u015flik&lt;\/strong&gt;&lt;\/span&gt;&lt;\/td&gt;<br \/>\n&lt;td class=&quot;text-center&quot; style=&quot;vertical-align:middle&quot;&gt;&lt;span class=&quot;text-center&quot; style=&quot;vertical-align:middle&quot;&gt;&lt;strong&gt;Oturum Y\u00fcksekli\u011fi&lt;\/strong&gt;&lt;\/span&gt;&lt;\/td&gt;<br \/>\n&lt;td class=&quot;text-center&quot; style=&quot;vertical-align:middle&quot;&gt;&lt;span class=&quot;text-center&quot; style=&quot;vertical-align:middle&quot;&gt;&lt;strong&gt;Derinlik&lt;\/strong&gt;&lt;\/span&gt;&lt;\/td&gt;<br \/>\n&lt;td class=&quot;text-center&quot; style=&quot;vertical-align:middle&quot;&gt;&lt;span class=&quot;text-center&quot; style=&quot;vertical-align:middle&quot;&gt;&lt;strong&gt;Y\u00fckseklik&lt;\/strong&gt;&lt;\/span&gt;&lt;\/td&gt;<br \/>\n&lt;\/tr&gt;<br \/>\n&lt;tr&gt;<br \/>\n&lt;td class=&quot;text-center&quot; style=&quot;vertical-align:middle&quot;&gt;\u00a047&lt;\/td&gt;<br \/>\n&lt;td class=&quot;text-center&quot; style=&quot;vertical-align:middle&quot;&gt;46\u00a0&lt;\/td&gt;<br \/>\n&lt;td class=&quot;text-center&quot; style=&quot;vertical-align:middle&quot;&gt;46\u00a0&lt;\/td&gt;<br \/>\n&lt;td class=&quot;text-center&quot; style=&quot;vertical-align:middle&quot;&gt;95\u00a0&lt;\/td&gt;<br \/>\n&lt;\/tr&gt;<br \/>\n&lt;tr&gt;<br \/>\n&lt;td class=&quot;text-center&quot; style=&quot;vertical-align:middle&quot; colspan=&quot;4&quot;&gt;\u0130ste\u011fe \u00f6zel olarak malzeme cinsinde (ah\u015fap,boya,kuma\u015f,deri) ve \u00fcr\u00fcn \u00f6l\u00e7\u00fclerinde de\u011fi\u015fiklik yap\u0131labilir.&lt;\/td&gt;<br \/>\n&lt;\/tr&gt;<br \/>\n&lt;\/tbody&gt;<br \/>\n&lt;\/table&gt;<br \/>\n&lt;hr&gt;<br \/>\n&lt;table class=&quot;table table-bordered&quot;&gt;<br \/>\n&lt;tbody&gt;<br \/>\n&lt;tr&gt;<br \/>\n&lt;td class=&quot;text-center&quot;&gt;&lt;img src=&quot;\/image\/yukleme-ikon\/kamyon.gif&quot; alt=&quot;Kamyon Y\u00fckleme&quot;&gt;&lt;br&gt;&lt;sub&gt;Kamyon&lt;\/sub&gt;&lt;\/td&gt;<br \/>\n&lt;td class=&quot;text-center&quot;&gt;&lt;img src=&quot;\/image\/yukleme-ikon\/tir.gif&quot; alt=&quot;T\u0131r Y\u00fckleme&quot;&gt;&lt;br&gt;&lt;sub&gt;T\u0131r&lt;\/sub&gt;&lt;\/td&gt;<br \/>\n&lt;td class=&quot;text-center&quot;&gt;&lt;img src=&quot;\/image\/yukleme-ikon\/20dc.gif&quot; alt=&quot;20 DC Konteyner Y\u00fckleme&quot;&gt;&lt;br&gt;&lt;sub&gt;20 DC Konteyner&lt;\/sub&gt;&lt;\/td&gt;<br \/>\n&lt;td class=&quot;text-center&quot;&gt;&lt;img src=&quot;\/image\/yukleme-ikon\/40dc.gif&quot; alt=&quot;40 DC Konteyner Y\u00fckleme&quot;&gt;&lt;br&gt;&lt;sub&gt;40 DC Konteyner&lt;\/sub&gt;&lt;\/td&gt;<br \/>\n&lt;\/tr&gt;<br \/>\n&lt;tr&gt;<br \/>\n&lt;td class=&quot;text-center&quot; style=&quot;vertical-align:middle&quot;&gt;\u00a0&lt;\/td&gt;<br \/>\n&lt;td class=&quot;text-center&quot; style=&quot;vertical-align:middle&quot;&gt;\u00a0&lt;\/td&gt;<br \/>\n&lt;td class=&quot;text-center&quot; style=&quot;vertical-align:middle&quot;&gt;\u00a0&lt;\/td&gt;<br \/>\n&lt;td class=&quot;text-center&quot; style=&quot;vertical-align:middle&quot;&gt;\u00a0&lt;\/td&gt;<br \/>\n&lt;\/tr&gt;<br \/>\n&lt;tr&gt;<br \/>\n&lt;td colspan=&quot;4&quot; class=&quot;text-center&quot; style=&quot;vertical-align:middle&quot;&gt;Standart \u00d6l\u00e7\u00fclerdir.&lt;\/td&gt;<br \/>\n&lt;\/tr&gt;<br \/>\n&lt;\/tbody&gt;<br \/>\n&lt;\/table&gt;<\/p>\n","protected":false},"excerpt":{"rendered":"<p>Petrol mavisi kuma\u015f d\u00f6\u015feme ve koyu ah\u015fap boya, bu sandalyemizde bulu\u015ftu ve ortaya kafeniz i\u00e7in m\u00fckemmel bir \u00e7\u00f6z\u00fcm \u00e7\u0131kt\u0131.&lt;hr&gt;&lt;b&gt;Ah\u015fap sandalyeler&lt;\/b&gt;, bak\u0131m\u0131 kolay mobilyalar aras\u0131ndad\u0131r. E\u011fer bir \u015feyler lekelenmi\u015fse, nemli bir bezle silebilirsiniz. \u00d6zellikle nemli bez h\u0131zl\u0131 bir \u015fekilde lekeleri temizler. Bu nedenle bir yemek sandalyesinde, \u00f6zellikle daha dayan\u0131kl\u0131 ve kolayca temizlenebilen boyal\u0131 ve cilal\u0131 modeller [&hellip;]<\/p>\n","protected":false},"featured_media":5685,"comment_status":"closed","ping_status":"open","template":"","meta":{"_joinchat":[]},"product_cat":[182,79,37,150,151],"product_tag":[],"class_list":{"0":"post-5684","1":"product","2":"type-product","3":"status-publish","4":"has-post-thumbnail","6":"product_cat-ahsap-modern-sandalye","7":"product_cat-ahsap-sandalye","8":"product_cat-ev-sandalyeleri","9":"product_cat-otel-sandalyeleri","10":"product_cat-restoran-sandalyeleri","12":"first","13":"instock","14":"product-type-simple"},"_links":{"self":[{"href":"https:\/\/palmiyesusleme.com\/index.php\/wp-json\/wp\/v2\/product\/5684","targetHints":{"allow":["GET"]}}],"collection":[{"href":"https:\/\/palmiyesusleme.com\/index.php\/wp-json\/wp\/v2\/product"}],"about":[{"href":"https:\/\/palmiyesusleme.com\/index.php\/wp-json\/wp\/v2\/types\/product"}],"replies":[{"embeddable":true,"href":"https:\/\/palmiyesusleme.com\/index.php\/wp-json\/wp\/v2\/comments?post=5684"}],"wp:featuredmedia":[{"embeddable":true,"href":"https:\/\/palmiyesusleme.com\/index.php\/wp-json\/wp\/v2\/media\/5685"}],"wp:attachment":[{"href":"https:\/\/palmiyesusleme.com\/index.php\/wp-json\/wp\/v2\/media?parent=5684"}],"wp:term":[{"taxonomy":"product_cat","embeddable":true,"href":"https:\/\/palmiyesusleme.com\/index.php\/wp-json\/wp\/v2\/product_cat?post=5684"},{"taxonomy":"product_tag","embeddable":true,"href":"https:\/\/palmiyesusleme.com\/index.php\/wp-json\/wp\/v2\/product_tag?post=5684"}],"curies":[{"name":"wp","href":"https:\/\/api.w.org\/{rel}","templated":true}]}}