{"id":5846,"date":"2024-03-07T16:01:42","date_gmt":"2024-03-07T13:01:42","guid":{"rendered":"https:\/\/palmiyesusleme.com\/index.php\/urun\/mavi-deri-kapli-tekli-koltuk\/"},"modified":"2024-03-07T16:01:54","modified_gmt":"2024-03-07T13:01:54","slug":"mavi-deri-kapli-tekli-koltuk","status":"publish","type":"product","link":"https:\/\/palmiyesusleme.com\/index.php\/urun\/mavi-deri-kapli-tekli-koltuk\/","title":{"rendered":"Mavi Deri Kapl\u0131 Tekli Koltuk"},"content":{"rendered":"<p>Mavi Deri Kapl\u0131 Tekli Koltuk &#8211; mska102 &#8211; Al&uuml;minyum Sandalyeler &#8211; Mavi Deri Kapl\u0131 Tekli Koltuk &#8211; mska102&lt;hr&gt;Mavi Deri Kapl\u0131 Tekli Koltuk &#8211; mska102<\/p>\n","protected":false},"excerpt":{"rendered":"<p>Mavi Deri Kapl\u0131 Tekli Koltuk &#8211; mska102 &#8211; Al&uuml;minyum Sandalyeler &#8211; Mavi Deri Kapl\u0131 Tekli Koltuk &#8211; mska102&lt;hr&gt;Mavi Deri Kapl\u0131 Tekli Koltuk &#8211; mska102<\/p>\n","protected":false},"featured_media":5847,"comment_status":"closed","ping_status":"open","template":"","meta":{"_joinchat":[]},"product_cat":[49,24],"product_tag":[],"class_list":{"0":"post-5846","1":"product","2":"type-product","3":"status-publish","4":"has-post-thumbnail","6":"product_cat-aluminyum-sandalyeler","7":"product_cat-cafe-koltuklari","9":"first","10":"instock","11":"product-type-simple"},"_links":{"self":[{"href":"https:\/\/palmiyesusleme.com\/index.php\/wp-json\/wp\/v2\/product\/5846","targetHints":{"allow":["GET"]}}],"collection":[{"href":"https:\/\/palmiyesusleme.com\/index.php\/wp-json\/wp\/v2\/product"}],"about":[{"href":"https:\/\/palmiyesusleme.com\/index.php\/wp-json\/wp\/v2\/types\/product"}],"replies":[{"embeddable":true,"href":"https:\/\/palmiyesusleme.com\/index.php\/wp-json\/wp\/v2\/comments?post=5846"}],"wp:featuredmedia":[{"embeddable":true,"href":"https:\/\/palmiyesusleme.com\/index.php\/wp-json\/wp\/v2\/media\/5847"}],"wp:attachment":[{"href":"https:\/\/palmiyesusleme.com\/index.php\/wp-json\/wp\/v2\/media?parent=5846"}],"wp:term":[{"taxonomy":"product_cat","embeddable":true,"href":"https:\/\/palmiyesusleme.com\/index.php\/wp-json\/wp\/v2\/product_cat?post=5846"},{"taxonomy":"product_tag","embeddable":true,"href":"https:\/\/palmiyesusleme.com\/index.php\/wp-json\/wp\/v2\/product_tag?post=5846"}],"curies":[{"name":"wp","href":"https:\/\/api.w.org\/{rel}","templated":true}]}}