{"id":5873,"date":"2024-03-07T16:02:02","date_gmt":"2024-03-07T13:02:02","guid":{"rendered":"https:\/\/palmiyesusleme.com\/index.php\/urun\/acik-eskitme-beyaz-dosemeli-kollu-restoran-sandalyesi\/"},"modified":"2024-03-07T16:02:07","modified_gmt":"2024-03-07T13:02:07","slug":"acik-eskitme-beyaz-dosemeli-kollu-restoran-sandalyesi","status":"publish","type":"product","link":"https:\/\/palmiyesusleme.com\/index.php\/urun\/acik-eskitme-beyaz-dosemeli-kollu-restoran-sandalyesi\/","title":{"rendered":"A\u00e7\u0131k Eskitme Beyaz D\u00f6\u015femeli Kollu Restoran Sandalyesi"},"content":{"rendered":"<p>A\u00e7\u0131k Eskitme Beyaz D\u00f6\u015femeli Kollu Restoran Sandalyemiz, 55 cm geni\u015fli\u011fi ve 90 cm y\u00fcksekli\u011fi ile restoran\u0131n\u0131z i\u00e7in en iyi kollu sandalyelerden biri.Showrooma bekliyoruz.&lt;hr&gt;&lt;p&gt;&lt;img src=&quot;\/image\/urun-olculeri\/ahsap-modern-kollu-sandalye-olculeri.png&quot;&gt;&lt;\/p&gt;&lt;table class=&quot;table table-bordered&quot;&gt;&lt;tbody&gt;&lt;tr&gt;&lt;td&gt;Geni\u015flik&lt;\/td&gt;&lt;td&gt;55 cm&lt;\/td&gt;&lt;\/tr&gt;&lt;tr&gt;&lt;td&gt;Oturum Y\u00fcksekli\u011fi&lt;\/td&gt;&lt;td&gt;45 cm&lt;\/td&gt;&lt;\/tr&gt;&lt;tr&gt;&lt;td&gt;Derinlik&lt;\/td&gt;&lt;td&gt;53 cm&lt;\/td&gt;&lt;\/tr&gt;&lt;tr&gt;&lt;td&gt;Y\u00fckseklik&lt;\/td&gt;&lt;td&gt;90 cm&lt;\/td&gt;&lt;\/tr&gt;&lt;tr&gt;&lt;td&gt;Kol Y\u00fcksekli\u011fi&lt;\/td&gt;&lt;td&gt;65 cm&lt;\/td&gt;&lt;\/tr&gt;&lt;\/tbody&gt;&lt;\/table&gt;&lt;p&gt;&lt;b&gt;&lt;br&gt;&lt;\/b&gt;&lt;\/p&gt;&lt;p&gt;\u0130ste\u011fe \u00f6zel olarak malzeme cinsinde (ah\u015fap,boya,kuma\u015f,deri) ve \u00fcr\u00fcn \u00f6l\u00e7\u00fclerinde de\u011fi\u015fiklik yap\u0131labilir.&lt;\/p&gt;&lt;table class=&quot;table table-bordered&quot;&gt;<br \/>\n&lt;tbody&gt;<br \/>\n&lt;tr&gt;<br \/>\n&lt;td colspan=&quot;4&quot; class=&quot;text-center&quot; style=&quot;vertical-align:middle&quot;&gt;&lt;img src=&quot;\/image\/urun-olculeri\/ahsap-klasik-kollu-sandalye-olculer.png&quot; alt=&quot;\u00d6l\u00e7\u00fc&quot;&gt;&lt;\/td&gt;<br \/>\n&lt;\/tr&gt;<br \/>\n&lt;tr&gt;<br \/>\n&lt;td class=&quot;text-center&quot; style=&quot;vertical-align:middle&quot;&gt;&lt;span class=&quot;text-center&quot; style=&quot;vertical-align:middle&quot;&gt;&lt;strong&gt;Geni\u015flik&lt;\/strong&gt;&lt;\/span&gt;&lt;\/td&gt;<br \/>\n&lt;td class=&quot;text-center&quot; style=&quot;vertical-align:middle&quot;&gt;&lt;span class=&quot;text-center&quot; style=&quot;vertical-align:middle&quot;&gt;&lt;strong&gt;Oturum Y\u00fcksekli\u011fi&lt;\/strong&gt;&lt;\/span&gt;&lt;\/td&gt;<br \/>\n&lt;td class=&quot;text-center&quot; style=&quot;vertical-align:middle&quot;&gt;&lt;span class=&quot;text-center&quot; style=&quot;vertical-align:middle&quot;&gt;&lt;strong&gt;Derinlik&lt;\/strong&gt;&lt;\/span&gt;&lt;\/td&gt;<br \/>\n&lt;td class=&quot;text-center&quot; style=&quot;vertical-align:middle&quot;&gt;&lt;span class=&quot;text-center&quot; style=&quot;vertical-align:middle&quot;&gt;&lt;strong&gt;Y\u00fckseklik&lt;\/strong&gt;&lt;\/span&gt;&lt;\/td&gt;<br \/>\n&lt;\/tr&gt;<br \/>\n&lt;tr&gt;<br \/>\n&lt;td class=&quot;text-center&quot; style=&quot;vertical-align:middle&quot;&gt;55&amp;nbsp;&lt;\/td&gt;<br \/>\n&lt;td class=&quot;text-center&quot; style=&quot;vertical-align:middle&quot;&gt;45&amp;nbsp;&lt;\/td&gt;<br \/>\n&lt;td class=&quot;text-center&quot; style=&quot;vertical-align:middle&quot;&gt;53&amp;nbsp;&lt;\/td&gt;<br \/>\n&lt;td class=&quot;text-center&quot; style=&quot;vertical-align:middle&quot;&gt;90&amp;nbsp;&lt;\/td&gt;<br \/>\n&lt;\/tr&gt;<br \/>\n&lt;tr&gt;<br \/>\n&lt;td class=&quot;text-center&quot; style=&quot;vertical-align:middle&quot; colspan=&quot;4&quot;&gt;\u0130ste\u011fe \u00f6zel olarak malzeme cinsinde (ah\u015fap,boya,kuma\u015f,deri) ve \u00fcr\u00fcn \u00f6l\u00e7\u00fclerinde de\u011fi\u015fiklik yap\u0131labilir.&lt;\/td&gt;<br \/>\n&lt;\/tr&gt;<br \/>\n&lt;\/tbody&gt;<br \/>\n&lt;\/table&gt;<br \/>\n&lt;br&gt;<\/p>\n","protected":false},"excerpt":{"rendered":"<p>A\u00e7\u0131k Eskitme Beyaz D\u00f6\u015femeli Kollu Restoran Sandalyemiz, 55 cm geni\u015fli\u011fi ve 90 cm y\u00fcksekli\u011fi ile restoran\u0131n\u0131z i\u00e7in en iyi kollu sandalyelerden biri.Showrooma bekliyoruz.&lt;hr&gt;&lt;p&gt;&lt;img src=&quot;\/image\/urun-olculeri\/ahsap-modern-kollu-sandalye-olculeri.png&quot;&gt;&lt;\/p&gt;&lt;table class=&quot;table table-bordered&quot;&gt;&lt;tbody&gt;&lt;tr&gt;&lt;td&gt;Geni\u015flik&lt;\/td&gt;&lt;td&gt;55 cm&lt;\/td&gt;&lt;\/tr&gt;&lt;tr&gt;&lt;td&gt;Oturum Y\u00fcksekli\u011fi&lt;\/td&gt;&lt;td&gt;45 cm&lt;\/td&gt;&lt;\/tr&gt;&lt;tr&gt;&lt;td&gt;Derinlik&lt;\/td&gt;&lt;td&gt;53 cm&lt;\/td&gt;&lt;\/tr&gt;&lt;tr&gt;&lt;td&gt;Y\u00fckseklik&lt;\/td&gt;&lt;td&gt;90 cm&lt;\/td&gt;&lt;\/tr&gt;&lt;tr&gt;&lt;td&gt;Kol Y\u00fcksekli\u011fi&lt;\/td&gt;&lt;td&gt;65 cm&lt;\/td&gt;&lt;\/tr&gt;&lt;\/tbody&gt;&lt;\/table&gt;&lt;p&gt;&lt;b&gt;&lt;br&gt;&lt;\/b&gt;&lt;\/p&gt;&lt;p&gt;\u0130ste\u011fe \u00f6zel olarak malzeme cinsinde (ah\u015fap,boya,kuma\u015f,deri) ve \u00fcr\u00fcn \u00f6l\u00e7\u00fclerinde de\u011fi\u015fiklik yap\u0131labilir.&lt;\/p&gt;&lt;table class=&quot;table table-bordered&quot;&gt; &lt;tbody&gt; &lt;tr&gt; &lt;td colspan=&quot;4&quot; class=&quot;text-center&quot; style=&quot;vertical-align:middle&quot;&gt;&lt;img src=&quot;\/image\/urun-olculeri\/ahsap-klasik-kollu-sandalye-olculer.png&quot; alt=&quot;\u00d6l\u00e7\u00fc&quot;&gt;&lt;\/td&gt; &lt;\/tr&gt; &lt;tr&gt; [&hellip;]<\/p>\n","protected":false},"featured_media":5874,"comment_status":"closed","ping_status":"open","template":"","meta":{"_joinchat":[]},"product_cat":[183,24,172,174,150,36],"product_tag":[],"class_list":{"0":"post-5873","1":"product","2":"type-product","3":"status-publish","4":"has-post-thumbnail","6":"product_cat-ahsap-modern-kollu-sandalye","7":"product_cat-cafe-koltuklari","8":"product_cat-cafe-sandalyeleri","9":"product_cat-kollu-sandalye-modelleri","10":"product_cat-otel-sandalyeleri","11":"product_cat-sandalye-modelleri","13":"first","14":"instock","15":"product-type-simple"},"_links":{"self":[{"href":"https:\/\/palmiyesusleme.com\/index.php\/wp-json\/wp\/v2\/product\/5873","targetHints":{"allow":["GET"]}}],"collection":[{"href":"https:\/\/palmiyesusleme.com\/index.php\/wp-json\/wp\/v2\/product"}],"about":[{"href":"https:\/\/palmiyesusleme.com\/index.php\/wp-json\/wp\/v2\/types\/product"}],"replies":[{"embeddable":true,"href":"https:\/\/palmiyesusleme.com\/index.php\/wp-json\/wp\/v2\/comments?post=5873"}],"wp:featuredmedia":[{"embeddable":true,"href":"https:\/\/palmiyesusleme.com\/index.php\/wp-json\/wp\/v2\/media\/5874"}],"wp:attachment":[{"href":"https:\/\/palmiyesusleme.com\/index.php\/wp-json\/wp\/v2\/media?parent=5873"}],"wp:term":[{"taxonomy":"product_cat","embeddable":true,"href":"https:\/\/palmiyesusleme.com\/index.php\/wp-json\/wp\/v2\/product_cat?post=5873"},{"taxonomy":"product_tag","embeddable":true,"href":"https:\/\/palmiyesusleme.com\/index.php\/wp-json\/wp\/v2\/product_tag?post=5873"}],"curies":[{"name":"wp","href":"https:\/\/api.w.org\/{rel}","templated":true}]}}