{"id":6041,"date":"2024-03-07T16:03:21","date_gmt":"2024-03-07T13:03:21","guid":{"rendered":"https:\/\/palmiyesusleme.com\/index.php\/urun\/kaz-ayak-desenli-keten-kumas-dosemeli-cafe-otel-restoran-sandalyesi\/"},"modified":"2024-03-07T16:03:32","modified_gmt":"2024-03-07T13:03:32","slug":"kaz-ayak-desenli-keten-kumas-dosemeli-cafe-otel-restoran-sandalyesi","status":"publish","type":"product","link":"https:\/\/palmiyesusleme.com\/index.php\/urun\/kaz-ayak-desenli-keten-kumas-dosemeli-cafe-otel-restoran-sandalyesi\/","title":{"rendered":"Kaz Ayak Desenli Keten Kuma\u015f D\u00f6\u015femeli Cafe Otel Restoran Sandalyesi"},"content":{"rendered":"<p>L&uuml;ks cafe,otel,restoran tarz\u0131 mekanlar i&ccedil;in kaz ayak desenli kaliteli keten kuma\u015f d&ouml;\u015femeli modern sandalye&lt;hr&gt;&lt;p&gt;L&uuml;ks cafe,otel,restoran tarz\u0131 mekanlar i&ccedil;in kaz ayak desenli kaliteli keten kuma\u015f d&ouml;\u015femeli modern sandalye&lt;br&gt;&lt;\/p&gt;<\/p>\n","protected":false},"excerpt":{"rendered":"<p>L&uuml;ks cafe,otel,restoran tarz\u0131 mekanlar i&ccedil;in kaz ayak desenli kaliteli keten kuma\u015f d&ouml;\u015femeli modern sandalye&lt;hr&gt;&lt;p&gt;L&uuml;ks cafe,otel,restoran tarz\u0131 mekanlar i&ccedil;in kaz ayak desenli kaliteli keten kuma\u015f d&ouml;\u015femeli modern sandalye&lt;br&gt;&lt;\/p&gt;<\/p>\n","protected":false},"featured_media":6042,"comment_status":"closed","ping_status":"open","template":"","meta":{"_joinchat":[]},"product_cat":[183],"product_tag":[],"class_list":{"0":"post-6041","1":"product","2":"type-product","3":"status-publish","4":"has-post-thumbnail","6":"product_cat-ahsap-modern-kollu-sandalye","8":"first","9":"instock","10":"product-type-simple"},"_links":{"self":[{"href":"https:\/\/palmiyesusleme.com\/index.php\/wp-json\/wp\/v2\/product\/6041","targetHints":{"allow":["GET"]}}],"collection":[{"href":"https:\/\/palmiyesusleme.com\/index.php\/wp-json\/wp\/v2\/product"}],"about":[{"href":"https:\/\/palmiyesusleme.com\/index.php\/wp-json\/wp\/v2\/types\/product"}],"replies":[{"embeddable":true,"href":"https:\/\/palmiyesusleme.com\/index.php\/wp-json\/wp\/v2\/comments?post=6041"}],"wp:featuredmedia":[{"embeddable":true,"href":"https:\/\/palmiyesusleme.com\/index.php\/wp-json\/wp\/v2\/media\/6042"}],"wp:attachment":[{"href":"https:\/\/palmiyesusleme.com\/index.php\/wp-json\/wp\/v2\/media?parent=6041"}],"wp:term":[{"taxonomy":"product_cat","embeddable":true,"href":"https:\/\/palmiyesusleme.com\/index.php\/wp-json\/wp\/v2\/product_cat?post=6041"},{"taxonomy":"product_tag","embeddable":true,"href":"https:\/\/palmiyesusleme.com\/index.php\/wp-json\/wp\/v2\/product_tag?post=6041"}],"curies":[{"name":"wp","href":"https:\/\/api.w.org\/{rel}","templated":true}]}}