{"id":6199,"date":"2024-03-07T16:04:42","date_gmt":"2024-03-07T13:04:42","guid":{"rendered":"https:\/\/palmiyesusleme.com\/index.php\/urun\/petrol-mavisi-kumas-dosemeli-retro-ayakli-kollu-cafe-sandalyesi\/"},"modified":"2024-03-07T16:04:51","modified_gmt":"2024-03-07T13:04:51","slug":"petrol-mavisi-kumas-dosemeli-retro-ayakli-kollu-cafe-sandalyesi","status":"publish","type":"product","link":"https:\/\/palmiyesusleme.com\/index.php\/urun\/petrol-mavisi-kumas-dosemeli-retro-ayakli-kollu-cafe-sandalyesi\/","title":{"rendered":"Petrol Mavisi Kuma\u015f D\u00f6\u015femeli Retro Ayakl\u0131 Kollu Cafe Sandalyesi"},"content":{"rendered":"<p>Petrol Mavisi Kuma\u015f D&ouml;\u015femeli Retro Ayakl\u0131 Kollu Cafe Sandalyesi&lt;hr&gt;Petrol Mavisi Kuma\u015f D&ouml;\u015femeli Retro Ayakl\u0131 Kollu Cafe Sandalyesi<\/p>\n","protected":false},"excerpt":{"rendered":"<p>Petrol Mavisi Kuma\u015f D&ouml;\u015femeli Retro Ayakl\u0131 Kollu Cafe Sandalyesi&lt;hr&gt;Petrol Mavisi Kuma\u015f D&ouml;\u015femeli Retro Ayakl\u0131 Kollu Cafe Sandalyesi<\/p>\n","protected":false},"featured_media":6200,"comment_status":"closed","ping_status":"open","template":"","meta":{"_joinchat":[]},"product_cat":[183],"product_tag":[],"class_list":{"0":"post-6199","1":"product","2":"type-product","3":"status-publish","4":"has-post-thumbnail","6":"product_cat-ahsap-modern-kollu-sandalye","8":"first","9":"instock","10":"product-type-simple"},"_links":{"self":[{"href":"https:\/\/palmiyesusleme.com\/index.php\/wp-json\/wp\/v2\/product\/6199","targetHints":{"allow":["GET"]}}],"collection":[{"href":"https:\/\/palmiyesusleme.com\/index.php\/wp-json\/wp\/v2\/product"}],"about":[{"href":"https:\/\/palmiyesusleme.com\/index.php\/wp-json\/wp\/v2\/types\/product"}],"replies":[{"embeddable":true,"href":"https:\/\/palmiyesusleme.com\/index.php\/wp-json\/wp\/v2\/comments?post=6199"}],"wp:featuredmedia":[{"embeddable":true,"href":"https:\/\/palmiyesusleme.com\/index.php\/wp-json\/wp\/v2\/media\/6200"}],"wp:attachment":[{"href":"https:\/\/palmiyesusleme.com\/index.php\/wp-json\/wp\/v2\/media?parent=6199"}],"wp:term":[{"taxonomy":"product_cat","embeddable":true,"href":"https:\/\/palmiyesusleme.com\/index.php\/wp-json\/wp\/v2\/product_cat?post=6199"},{"taxonomy":"product_tag","embeddable":true,"href":"https:\/\/palmiyesusleme.com\/index.php\/wp-json\/wp\/v2\/product_tag?post=6199"}],"curies":[{"name":"wp","href":"https:\/\/api.w.org\/{rel}","templated":true}]}}