{"id":622,"date":"2024-03-07T15:03:29","date_gmt":"2024-03-07T12:03:29","guid":{"rendered":"https:\/\/palmiyesusleme.com\/index.php\/urun\/antrasit-aluminyum-kose-bahce-takimi\/"},"modified":"2024-03-07T15:03:37","modified_gmt":"2024-03-07T12:03:37","slug":"antrasit-aluminyum-kose-bahce-takimi","status":"publish","type":"product","link":"https:\/\/palmiyesusleme.com\/index.php\/urun\/antrasit-aluminyum-kose-bahce-takimi\/","title":{"rendered":"Antrasit Al\u00fcminyum K\u00f6\u015fe Bah\u00e7e Tak\u0131m\u0131"},"content":{"rendered":"<p>&lt;p&gt;Antrasit Al\u00fcminyum K\u00f6\u015fe Bah\u00e7e Tak\u0131m\u0131&lt;br&gt;&lt;\/p&gt;<\/p>\n","protected":false},"excerpt":{"rendered":"<p>&lt;p&gt;Antrasit Al\u00fcminyum K\u00f6\u015fe Bah\u00e7e Tak\u0131m\u0131&lt;br&gt;&lt;\/p&gt;<\/p>\n","protected":false},"featured_media":623,"comment_status":"closed","ping_status":"open","template":"","meta":{"_joinchat":[]},"product_cat":[69],"product_tag":[],"class_list":{"0":"post-622","1":"product","2":"type-product","3":"status-publish","4":"has-post-thumbnail","6":"product_cat-aluminyum-sandalye-masa-takimi","8":"first","9":"instock","10":"product-type-simple"},"_links":{"self":[{"href":"https:\/\/palmiyesusleme.com\/index.php\/wp-json\/wp\/v2\/product\/622","targetHints":{"allow":["GET"]}}],"collection":[{"href":"https:\/\/palmiyesusleme.com\/index.php\/wp-json\/wp\/v2\/product"}],"about":[{"href":"https:\/\/palmiyesusleme.com\/index.php\/wp-json\/wp\/v2\/types\/product"}],"replies":[{"embeddable":true,"href":"https:\/\/palmiyesusleme.com\/index.php\/wp-json\/wp\/v2\/comments?post=622"}],"wp:featuredmedia":[{"embeddable":true,"href":"https:\/\/palmiyesusleme.com\/index.php\/wp-json\/wp\/v2\/media\/623"}],"wp:attachment":[{"href":"https:\/\/palmiyesusleme.com\/index.php\/wp-json\/wp\/v2\/media?parent=622"}],"wp:term":[{"taxonomy":"product_cat","embeddable":true,"href":"https:\/\/palmiyesusleme.com\/index.php\/wp-json\/wp\/v2\/product_cat?post=622"},{"taxonomy":"product_tag","embeddable":true,"href":"https:\/\/palmiyesusleme.com\/index.php\/wp-json\/wp\/v2\/product_tag?post=622"}],"curies":[{"name":"wp","href":"https:\/\/api.w.org\/{rel}","templated":true}]}}